{"id":103673,"date":"2024-07-27T01:43:00","date_gmt":"2024-07-26T20:13:00","guid":{"rendered":"https:\/\/anchanto.com\/careers\/"},"modified":"2025-01-06T14:27:40","modified_gmt":"2025-01-06T08:57:40","slug":"careers","status":"publish","type":"page","link":"https:\/\/prod-qa.anchanto.com\/vn-vn\/careers\/","title":{"rendered":"C\u01a1 h\u1ed9i ngh\u1ec1 nghi\u1ec7p"},"content":{"rendered":"\n<div class=\"wp-block-anchanto-careers-hero\"><div class=\"inner-banner careers-banner full-caption light-bg pt-0\" style=\"background:#fff\"><div class=\"container\"><div class=\"half-rightcap flex\"><div class=\"left-caption\"><div class=\"title-row\"><h2>Ch\u00fang t\u00f4i \u0111ang t\u00ecm ki\u1ebfm c\u00e1c chuy\u00ean gia n\u0103ng \u0111\u1ed9ng v\u00e0 t\u00e0i n\u0103ng to\u00e0n c\u1ea7u<\/h2><p>Ch\u00fang t\u00f4i kh\u00f4ng bao gi\u1edd b\u1eb1ng l\u00f2ng v\u1edbi hi\u1ec7n tr\u1ea1ng v\u00e0 lu\u00f4n t\u00ecm ki\u1ebfm nh\u1eefng th\u00e0nh vi\u00ean c\u00f3 kh\u1ea3 n\u0103ng \u0111\u01b0a ch\u00fang t\u00f4i \u0111\u1ebfn giai \u0111o\u1ea1n ti\u1ebfp theo.<\/p><a href=\"mailto:hr@anchanto.com\" class=\"btn btn-bdr btn-lg\">Li\u00ean h\u1ec7 v\u1edbi ch\u00fang t\u00f4i<\/a><\/div><\/div><div class=\"right-caption\"><div class=\"careers-slider\"><div class=\"careers-item\"><figure><img decoding=\"async\" src=\"https:\/\/anchanto.com\/wp-content\/uploads\/2024\/08\/anchanto-careers-thailand.png\" alt=\"\"\/><\/figure><p><\/p><\/div><div class=\"careers-item\"><figure><img decoding=\"async\" src=\"https:\/\/anchanto.com\/wp-content\/uploads\/2024\/08\/anchanto-careers-malaysia.png\" alt=\"\"\/><\/figure><p><\/p><\/div><div class=\"careers-item\"><figure><img decoding=\"async\" src=\"https:\/\/anchanto.com\/wp-content\/uploads\/2024\/08\/anchanto-careers-france.png\" alt=\"\"\/><\/figure><p><\/p><\/div><div class=\"careers-item\"><figure><img decoding=\"async\" src=\"https:\/\/anchanto.com\/wp-content\/uploads\/2024\/08\/anchanto-careers-korea.png\" alt=\"\"\/><\/figure><p><\/p><\/div><div class=\"careers-item\"><figure><img decoding=\"async\" src=\"https:\/\/anchanto.com\/wp-content\/uploads\/2024\/08\/anchanto-careers-vietnam.png\" alt=\"\"\/><\/figure><p><\/p><\/div><div class=\"careers-item\"><figure><img decoding=\"async\" src=\"https:\/\/anchanto.com\/wp-content\/uploads\/2024\/08\/anchanto-careers-indonesia.png\" alt=\"\"\/><\/figure><p><\/p><\/div><div class=\"careers-item\"><figure><img decoding=\"async\" src=\"https:\/\/anchanto.com\/wp-content\/uploads\/2024\/08\/anchanto-careers-uk.png\" alt=\"\"\/><\/figure><p><\/p><\/div><div class=\"careers-item\"><figure><img decoding=\"async\" src=\"https:\/\/anchanto.com\/wp-content\/uploads\/2024\/09\/Team-photo-PH-careers-header-3.png\" alt=\"\"\/><\/figure><p><\/p><\/div><\/div><\/div><\/div><\/div><\/div><\/div>\n\n\n    <div class=\"block-row sticky-tag filter-wrap \">\n        <div class=\"container\">\n            <div class=\"flex filter-row\">\n                <form action=\"\" class=\"form-group\">\n                    <div class=\"half-fitem\">\n                        <label>Khu v\u1ef1c<\/label>\n                        <select id=\"career-location\">\n                            <option value=\"\">All Locations<\/option>\n                            <option value=\"bangkok-thailand\">Bangkok, Thailand<\/option><option value=\"england-united-kingdom\">England, United Kingdom<\/option><option value=\"ho-chi-minh-city-ho-chi-minh-city-vietnam\">Ho Chi Minh City, Vietnam<\/option><option value=\"jakarta-jakarta-indonesia\">Jakarta, Indonesia<\/option><option value=\"korea\">Korea<\/option><option value=\"kuala-lumpur-kuala-lumpur-malaysia\">Kuala Lumpur, Malaysia<\/option><option value=\"manila-manila-philippines\">Manila, Philippines<\/option><option value=\"melbourne-victoria-australia\">Melbourne, Victoria, Australia<\/option><option value=\"paris-paris-france\">Paris, France<\/option><option value=\"pune-maharashtra-india\">Pune, Maharashtra, India<\/option><option value=\"riyadh-saudi-arabia\">Riyadh, Saudi Arabia<\/option><option value=\"singapore-central-singapore\">Singapore, Central, Singapore<\/option>                        <\/select>\n                    <\/div>\n                    <div class=\"half-fitem\">\n                        <label>V\u1ecb tr\u00ed<\/label>\n                        <select id=\"career-department\">\n                            <option value=\"\">All Departments<\/option>\n                            <option value=\"account-management\">Account Management<\/option><option value=\"ceos-office\">CEO&#8217;s Office<\/option><option value=\"compliance-information-security\">Compliance &amp; Information Security<\/option><option value=\"finance\">Finance<\/option><option value=\"information-tech\">Information Tech<\/option><option value=\"marketing\">Marketing<\/option><option value=\"platform-delivery\">Platform Delivery<\/option><option value=\"platform-support\">Platform Support<\/option><option value=\"product-management\">Product Management<\/option><option value=\"quality-assurance-testing\">Quality Assurance \/ Testing<\/option><option value=\"sales\">Sales<\/option><option value=\"talent-management\">Talent Management<\/option><option value=\"ux-ui-design\">UX UI Design<\/option>                        <\/select>\n                    <\/div>\n                <\/form>\n                <div class=\"search-wrap\">\n                    <div class=\"search-box\">\n                        <i class=\"icon icon-search\"><\/i>\n                        <input type=\"text\" id=\"job-search-autocomplete-input\" placeholder=\"T\u00ecm ki\u1ebfm\">\n                    <\/div>\n                <\/div>\n            <\/div>\n        <\/div>\n    <\/div>\n    <div class=\"block-row gray-bg lg-row\">\n        <div class=\"container\">\n            <div class=\"title-row\">\n                <h2><em>C\u00e1c v\u1ecb tr\u00ed \u0111ang t\u00ecm ki\u1ebfm <strong class=\"jobs_count\">(0)<\/strong><\/em><\/h2>\n            <\/div>\n            <div class=\"opening-list flex\" id=\"career-posts\">\n            <\/div>\n            <div class=\"btn-group text-center\">\n                <a href=\"javascript:void(0)\" class=\"btn-brand btn-lg btn\" id=\"load-more-jobs\">Load More<\/a>\n            <\/div>\n        <\/div>\n    <\/div>\n    \n\n\n<div class=\"wp-block-anchanto-our-offices-map\"><div class=\"block-row lg-row\"><div class=\"container\"><div class=\"title-row lg-title-row pt-30\"><h3><span>S\u1ef0 HI\u1ec6N DI\u1ec6N TO\u00c0N C\u1ea6U<\/span>T\u1eeb <mark style=\"background-color: rgba(0, 0, 0, 0);\" class=\"has-inline-color has-primary-color\"><em><strong>thi\u1ebft k\u1ebf gi\u1ea3i ph\u00e1p<\/strong><\/em><\/mark>, <em><mark style=\"background-color:rgba(0, 0, 0, 0)\" class=\"has-inline-color has-primary-color\"><strong>tri\u1ec3n khai d\u1ef1 \u00e1n<\/strong><\/mark><\/em><strong> <\/strong>v\u00e0 <em><strong><mark style=\"background-color:rgba(0, 0, 0, 0)\" class=\"has-inline-color has-primary-color\">ch\u0103m s\u00f3c kh\u00e1ch h\u00e0ng<\/mark><\/strong><\/em>, b\u1ea1n s\u1ebd lu\u00f4n t\u00ecm th\u1ea5y m\u1ed9t <strong>Anchanter<\/strong> \u1edf g\u1ea7n b\u1ea1n.<\/h3><a href=\"https:\/\/anchanto.com\/contact\/\" class=\"btn btn-bdr btn-lg\">Kh\u00e1m ph\u00e1 Anchanto tr\u00ean to\u00e0n c\u1ea7u<\/a><\/div><div class=\"location-wrap flex\"><div class=\"location-left\"><h5>V\u0103n ph\u00f2ng c\u1ee7a ch\u00fang t\u00f4i<\/h5><ul class=\"location-list\"><li><a href=\"javascript:void(0);\" data-date=\"Marhaba t\u1eeb Dubai\" data-image=\"https:\/\/anchanto.com\/wp-content\/uploads\/2024\/07\/anchanto-home-page-offices-middle-east.png?ver=1722519776\" data-link=\"https:\/\/anchanto.com\/contact\/?#middle-east---uae-and-ksa\" data-name=\"Dubai\" data-target=\"dubai\" data-x=\"194\" data-y=\"161\">Dubai<\/a><\/li><li><a href=\"javascript:void(0);\" data-date=\"Hello t\u1eeb Singapore\" data-image=\"https:\/\/anchanto.com\/wp-content\/uploads\/2024\/07\/anchanto-home-page-offices-singapore.png?ver=1722519893\" data-link=\"https:\/\/anchanto.com\/contact\/?#singapore\" data-name=\"Singapore\" data-target=\"singapore\" data-x=\"330\" data-y=\"201\">Singapore<\/a><\/li><li><a href=\"javascript:void(0);\" data-date=\"Xin ch\u00e0o t\u1eeb HCMC\" data-image=\"https:\/\/anchanto.com\/wp-content\/uploads\/2024\/07\/anchanto-home-page-offices-vietnam.png?ver=1722519919\" data-link=\"https:\/\/anchanto.com\/contact\/?#vietnam\" data-name=\"Vi\u1ec7t Nam\" data-target=\"vietnam\" data-x=\"330\" data-y=\"154\">Vi\u1ec7t Nam<\/a><\/li><li><a href=\"javascript:void(0);\" data-date=\"Sawasdee t\u1eeb Bangkok\" data-image=\"https:\/\/anchanto.com\/wp-content\/uploads\/2024\/07\/anchanto-home-page-offices-thailand.png?ver=1722519905\" data-link=\"https:\/\/anchanto.com\/contact\/?#thailand\" data-name=\"Th\u00e1i Lan\" data-target=\"thailand\" data-x=\"322\" data-y=\"168\">Th\u00e1i Lan<\/a><\/li><li><a href=\"javascript:void(0);\" data-date=\"Halo t\u1eeb Kuala Lampur\" data-image=\"https:\/\/anchanto.com\/wp-content\/uploads\/2024\/07\/anchanto-home-page-offices-malaysia.png?ver=1722519866\" data-link=\"https:\/\/anchanto.com\/contact\/?#malaysia\" data-name=\"Malaysia\" data-target=\"malaysia\" data-x=\"321\" data-y=\"188\">Malaysia<\/a><\/li><li><a href=\"javascript:void(0);\" data-date=\"Halo t\u1eeb Jakarta\" data-image=\"https:\/\/anchanto.com\/wp-content\/uploads\/2024\/07\/anchanto-home-page-offices-indonesia.png?ver=1722519827\" data-link=\"https:\/\/anchanto.com\/contact\/?#indonesia\" data-name=\"Indonesia\" data-target=\"indonesia\" data-x=\"355\" data-y=\"211\">Indonesia<\/a><\/li><li><a href=\"javascript:void(0);\" data-date=\"Hello t\u1eeb Manila\" data-image=\"https:\/\/anchanto.com\/wp-content\/uploads\/2024\/08\/anchanto-offices-philippines.png\" data-link=\"https:\/\/anchanto.com\/contact\/?#philippines\" data-name=\"Philippines\" data-target=\"philippines\" data-x=\"373\" data-y=\"167\">Philippines<\/a><\/li><li><a href=\"javascript:void(0);\" data-date=\"Annyeong haseyo t\u1eeb Seoul\" data-image=\"https:\/\/anchanto.com\/wp-content\/uploads\/2024\/07\/anchanto-home-page-offices-korea.png?ver=1722519848\" data-link=\"https:\/\/anchanto.com\/contact\/?#korea\" data-name=\"H\u00e0n Qu\u1ed1c\" data-target=\"south-korea\" data-x=\"391\" data-y=\"113\">H\u00e0n Qu\u1ed1c<\/a><\/li><li><a href=\"javascript:void(0);\" data-date=\"Bonjour t\u1eeb Paris\" data-image=\"https:\/\/anchanto.com\/wp-content\/uploads\/2024\/07\/anchanto-home-page-offices-france.png?ver=1722519790\" data-link=\"https:\/\/anchanto.com\/contact\/?#france\" data-name=\"Ph\u00e1p\" data-target=\"france\" data-x=\"82\" data-y=\"83\">Ph\u00e1p<\/a><\/li><li><a href=\"javascript:void(0);\" data-date=\"Hello t\u1eeb London\" data-image=\"https:\/\/anchanto.com\/wp-content\/uploads\/2024\/07\/anchanto-home-page-offices-uk.png?ver=1722519590\" data-link=\"#\" data-name=\"V\u01b0\u01a1ng Qu\u1ed1c Anh\" data-target=\"united-kingdom\" data-x=\"70\" data-y=\"62\">V\u01b0\u01a1ng Qu\u1ed1c Anh<\/a><\/li><li><a href=\"javascript:void(0);\" data-date=\"Namaste t\u1eeb Pune\" data-image=\"https:\/\/anchanto.com\/wp-content\/uploads\/2024\/07\/anchanto-home-page-offices-india.png\" data-link=\"https:\/\/anchanto.com\/contact\/?#india\" data-name=\"\u1ea4n \u0110\u1ed9\" data-target=\"india\" data-x=\"261\" data-y=\"160\">\u1ea4n \u0110\u1ed9<\/a><\/li><\/ul><\/div><div class=\"map-view\"><figure><img decoding=\"async\" src=\"https:\/\/anchanto.com\/wp-content\/themes\/anchanto-v2\/assets\/images\/map-main.svg\" alt=\"anchanto-map\"\/><\/figure><div class=\"map-popup\"><\/div><\/div><\/div><\/div><\/div><\/div>\n\n\n<div class=\"wp-block-anchanto-testimonials-case-studies\">\n            <div class=\"block-row pt-130\">\n                <div class=\"container\">\n                    <div class=\"title-row\">\n            <h2>\n                <span>CHIA S\u1eba T\u1eea NH\u00c2N VI\u00caN C\u1ee6A CH\u00daNG T\u00d4I<\/span>\n                L\u1eafng nghe\u00a0<em><strong><mark><mark class=\"has-inline-color has-primary-color\">nh\u1eefng c\u00e2u chuy\u1ec7n th\u00e0nh c\u00f4ng<\/mark><\/mark><\/strong><\/em>\u00a0t\u1ea1i Anchanto\n            <\/h2>\n        <\/div>\n                    <div class=\"testi-wrap flex\">\n                        <div class=\"left-caption\">\n            <div class=\"testi-top\">\n                <figure><img decoding=\"async\" src=\"https:\/\/anchanto.com\/wp-content\/uploads\/2024\/08\/anchanto-careers-vicky-hardiman.png\" alt=\"Case Study Image\" \/><\/figure>\n                <div class=\"testi-right\">\n                    <div class=\"caption\">\n                        <p>&lt;strong&gt;Vietnamese Translation (Option 1 &#8211; Formal):&lt;\/strong&gt;&lt;br&gt;&quot;L\u00e0m vi\u1ec7c v\u1edbi Anchanto l\u00e0 m\u1ed9t tr\u1ea3i nghi\u1ec7m tuy\u1ec7t v\u1eddi. M\u1ed7i th\u00e0nh vi\u00ean trong \u0111\u1ed9i ng\u0169 \u0111\u1ec1u v\u00f4 c\u00f9ng \u0111am m\u00ea c\u00f4ng vi\u1ec7c. Ch\u00fang t\u00f4i lu\u00f4n n\u1ed7 l\u1ef1c h\u1ebft m\u00ecnh \u0111\u1ec3 mang \u0111\u1ebfn cho kh\u00e1ch h\u00e0ng nh\u1eefng gi\u00e1 tr\u1ecb t\u1ed1t nh\u1ea5t. V\u0103n h\u00f3a c\u00f4ng ty r\u1ea5t tuy\u1ec7t v\u1eddi; ch\u00fang t\u00f4i l\u00e0 m\u1ed9t c\u00f4ng ty \u0111a qu\u1ed1c gia, l\u00e0m vi\u1ec7c t\u1ea1i nhi\u1ec1u n\u01a1i tr\u00ean th\u1ebf gi\u1edbi nh\u01b0ng lu\u00f4n \u0111o\u00e0n k\u1ebft nh\u01b0 m\u1ed9t th\u1ec3 th\u1ed1ng nh\u1ea5t.&quot;&lt;br&gt;&lt;strong&gt;Vietnamese Translation (Option 2 &#8211; More Dynamic):&lt;\/strong&gt;&lt;br&gt;&quot;L\u00e0m vi\u1ec7c t\u1ea1i Anchanto l\u00e0 m\u1ed9t tr\u1ea3i nghi\u1ec7m tuy\u1ec7t v\u1eddi. M\u1ecdi ng\u01b0\u1eddi \u0111\u1ec1u \u0111am m\u00ea c\u00f4ng vi\u1ec7c v\u00e0 lu\u00f4n n\u1ed7 l\u1ef1c h\u1ebft m\u00ecnh \u0111\u1ec3 mang \u0111\u1ebfn nh\u1eefng gi\u00e1 tr\u1ecb t\u1ed1t nh\u1ea5t cho kh\u00e1ch h\u00e0ng. M\u1eb7c d\u00f9 l\u00e0 m\u1ed9t c\u00f4ng ty \u0111a qu\u1ed1c gia, l\u00e0m vi\u1ec7c t\u1ea1i nhi\u1ec1u qu\u1ed1c gia kh\u00e1c nhau, nh\u01b0ng ch\u00fang t\u00f4i lu\u00f4n \u0111o\u00e0n k\u1ebft nh\u01b0 m\u1ed9t th\u1ec3 th\u1ed1ng nh\u1ea5t, t\u1ea1o n\u00ean m\u1ed9t v\u0103n h\u00f3a c\u00f4ng ty tuy\u1ec7t v\u1eddi.&quot;<\/p>\n                    <\/div>\n                    <div class=\"cap-footer\">\n                        <p><strong>Vicky Hardiman<\/strong><\/p>\n                        <p>Country Head &#8211; Indonesia, Anchanto<\/p>\n                    <\/div>\n                    <div class=\"testi-card\">\n                        <figure><img decoding=\"async\" src=\"https:\/\/anchanto.com\/wp-content\/uploads\/2024\/08\/case-study-logo-poney.svg\" alt=\"Logo\" \/><\/figure>\n                        <a href=\"https:\/\/anchanto.com\/how-poney-reduced-order-error-rate-and-fulfilled-400-orders-every-4-hours-with-anchanto\/\" class=\"btn-arrow sm-arrow sm-btn\" data-icon=\"u\">\u0110\u1ecdc th\u00eam<\/a>\n                    <\/div>\n                <\/div>\n            <\/div>\n            <div class=\"testi-footer\">\n                <h3>\u0110\u01b0\u1ee3c x\u00e2y d\u1ef1ng b\u1edfi 20 qu\u1ed1c t\u1ecbch kh\u00e1c nhau, Anchanto \u0111\u01b0\u1ee3c th\u00fac \u0111\u1ea9y b\u1edfi ni\u1ec1m tin r\u1eb1ng ch\u00fang t\u00f4i l\u00e0 m\u1ed9t \u0111\u1ed9i ng\u0169 th\u1ed1ng nh\u1ea5t v\u1edbi m\u1ee5c ti\u00eau chung v\u00e0 v\u0103n h\u00f3a th\u00e0nh c\u00f4ng.<\/h3>\n                <a href=\"https:\/\/anchanto.com\/book-a-demo\/\" class=\"btn btn-brand btn-lg\">Tr\u00f2 chuy\u1ec7n c\u00f9ng Anchanto<\/a>\n            <\/div>\n        <\/div>\n                        <div class=\"right-caption\">\n            <div class=\"slider-wrap\">\n                <div class=\"img-slider\">\n                    <div class=\"video-item\">\n                        <figure><img decoding=\"async\" src=\"https:\/\/anchanto.com\/wp-content\/uploads\/2024\/08\/anchanto-careers-piyush-moharil.jpg\" alt=\"Customer Image\" \/><\/figure>\n                        <a href=\"javascript:void(0)\" class=\"play-icon\" data-video=\"https:\/\/www.youtube.com\/embed\/98L2YgRIIxg\">\n            <i class=\"icon-play-circle icon\"><\/i>\n        <\/a>\n                    <\/div>\n                <\/div>\n                <ul class=\"caption-slider\">\n                    <li>\n                        <div class=\"caption\">\n                            <p>&quot;L\u00e0m vi\u1ec7c t\u1ea1i Anchanto l\u00e0 m\u1ed9t tr\u1ea3i nghi\u1ec7m tuy\u1ec7t v\u1eddi. M\u1ed7i ng\u00e0y \u0111\u1ed1i v\u1edbi t\u00f4i \u0111\u1ec1u l\u00e0 m\u1ed9t tr\u1ea3i nghi\u1ec7m m\u1edbi m\u1ebb, v\u1edbi nh\u1eefng th\u1eed th\u00e1ch m\u1edbi. Ch\u00ednh v\u00ec v\u1eady, t\u00f4i lu\u00f4n h\u1ecdc h\u1ecfi \u0111\u01b0\u1ee3c \u0111i\u1ec1u g\u00ec \u0111\u00f3 m\u1edbi m\u1ebb m\u1ed7i ng\u00e0y k\u1ec3 t\u1eeb khi gia nh\u1eadp c\u00f4ng ty.&quot;<\/p>\n                        <\/div>\n                        <div class=\"cap-footer\">\n                            <p><strong>Piyush Moharil<\/strong><\/p>\n                            <p>Gi\u00e1m \u0111\u1ed1c &#8211; Content &amp; Communications, Anchanto<\/p>\n                        <\/div>\n                    <\/li>\n                <\/ul>\n            <\/div>\n        <\/div>\n                    <\/div>\n                <\/div>\n                <div class=\"model youtube_video\" id=\"videomodel\">\n                <div class=\"model-contain\">\n                    <a href=\"javascript:void(0);\" class=\"model-close icon icon-close-outside\" data-icon=\"e\"><\/a>\n                    <div class=\"model-body p-0\">\n                        <iframe\n                            width=\"835\"\n                            height=\"420\"\n                            frameborder=\"0\"\n                            allow=\"accelerometer; autoplay; clipboard-write; encrypted-media; gyroscope; picture-in-picture; web-share\"\n                            referrerpolicy=\"strict-origin-when-cross-origin\"\n                            allowfullscreen>\n                        <\/iframe>\n                    <\/div>\n                <\/div>\n            <\/div>\n            <\/div>\n        <\/div>\n\n    <div class=\"block-row \">\n        <div class=\"container\">\n            <div class=\"title-row text-center\">\n                <h2>\n                    <span class=\"tagline\">TH\u01af VI\u1ec6N T\u00c0I NGUY\u00caN<\/span>\n                    T\u00e0i nguy\u00ean v\u00e0 <i><mark class=\"has-inline-color has-primary-color\"><strong>Ki\u1ebfn th\u1ee9c b\u1ed5 \u00edch<\/strong><\/mark><\/i>                <\/h2>\n                <a href=\"https:\/\/anchanto.com\/resources\/\" class=\"btn btn-bdr btn-lg link-label\">\n                    <span>Kh\u00e1m ph\u00e1 t\u00e0i nguy\u00ean<\/span>\n                <\/a>\n            <\/div>\n            <div class=\"resource-list flex\">\n                                    <div class=\"resouce-item\">\n                        <figure>\n                            <img decoding=\"async\" src=\"https:\/\/prod-qa.anchanto.com\/wp-content\/uploads\/2025\/10\/anchanto-en-guide-indonesian-ecommerce-industry.jpg\" alt=\"Indonesia E-commerce Industry: A Complete Guide\" \/>\n                        <\/figure>\n                        <div class=\"caption-area\">\n                            <span class=\"date-item\">READ TIME | 14 MIN<\/span>\n                            <a href=\"https:\/\/prod-qa.anchanto.com\/vn-vn\/indonesia-e-commerce-industry\/\"><p>Indonesia E-commerce Industry: A Complete Guide<\/p><\/a>\n                            <a href=\"https:\/\/prod-qa.anchanto.com\/vn-vn\/resources\/guides\/\" class=\"btn btn-bdr sm-btn\">GUIDES<\/a>\n                        <\/div>\n                    <\/div>\n                                    <div class=\"resouce-item\">\n                        <figure>\n                            <img decoding=\"async\" src=\"https:\/\/prod-qa.anchanto.com\/wp-content\/uploads\/2025\/10\/anchanto-en-guide-singapore-ecommerce-industry.png\" alt=\"Singapore E-commerce Industry: Everything You Need to Know\" \/>\n                        <\/figure>\n                        <div class=\"caption-area\">\n                            <span class=\"date-item\">READ TIME | 16 MIN<\/span>\n                            <a href=\"https:\/\/prod-qa.anchanto.com\/vn-vn\/singapore-e-commerce-industry-3\/\"><p>Singapore E-commerce Industry: Everything You Need to Know<\/p><\/a>\n                            <a href=\"https:\/\/prod-qa.anchanto.com\/vn-vn\/resources\/guides\/\" class=\"btn btn-bdr sm-btn\">GUIDES<\/a>\n                        <\/div>\n                    <\/div>\n                                    <div class=\"resouce-item\">\n                        <figure>\n                            <img decoding=\"async\" src=\"https:\/\/prod-qa.anchanto.com\/wp-content\/uploads\/2025\/10\/anchanto-en-blog-o2o-marketing-strategies-for-retailers.jpg\" alt=\"Ti\u1ebfp Th\u1ecb O2O (Online-to-Offline): L\u00e0m Th\u1ebf N\u00e0o \u0110\u1ec3 Th\u00fac \u0110\u1ea9y Doanh S\u1ed1 C\u1eeda H\u00e0ng Truy\u1ec1n Th\u1ed1ng B\u1eb1ng K\u00eanh Tr\u1ef1c Tuy\u1ebfn\" \/>\n                        <\/figure>\n                        <div class=\"caption-area\">\n                            <span class=\"date-item\">READ TIME | 25 MIN<\/span>\n                            <a href=\"https:\/\/prod-qa.anchanto.com\/vn-vn\/chien-luoc-o2o-marketing\/\"><p>Ti\u1ebfp Th\u1ecb O2O (Online-to-Offline): L\u00e0m Th\u1ebf N\u00e0o \u0110\u1ec3 Th\u00fac \u0110\u1ea9y Doanh S\u1ed1 C\u1eeda H\u00e0ng Truy\u1ec1n Th\u1ed1ng B\u1eb1ng K\u00eanh Tr\u1ef1c Tuy\u1ebfn<\/p><\/a>\n                            <a href=\"https:\/\/prod-qa.anchanto.com\/vn-vn\/resources\/blogs\/\" class=\"btn btn-bdr sm-btn\">BLOGS<\/a>\n                        <\/div>\n                    <\/div>\n                            <\/div>\n        <\/div>\n    <\/div>\n    \n\n\n<p><\/p>\n","protected":false},"excerpt":{"rendered":"","protected":false},"author":1,"featured_media":0,"parent":0,"menu_order":0,"comment_status":"closed","ping_status":"closed","template":"template\/custom-template.php","meta":{"_acf_changed":false,"footnotes":""},"class_list":["post-103673","page","type-page","status-publish","hentry"],"acf":false,"_links":{"self":[{"href":"https:\/\/prod-qa.anchanto.com\/vn-vn\/wp-json\/wp\/v2\/pages\/103673","targetHints":{"allow":["GET"]}}],"collection":[{"href":"https:\/\/prod-qa.anchanto.com\/vn-vn\/wp-json\/wp\/v2\/pages"}],"about":[{"href":"https:\/\/prod-qa.anchanto.com\/vn-vn\/wp-json\/wp\/v2\/types\/page"}],"author":[{"embeddable":true,"href":"https:\/\/prod-qa.anchanto.com\/vn-vn\/wp-json\/wp\/v2\/users\/1"}],"replies":[{"embeddable":true,"href":"https:\/\/prod-qa.anchanto.com\/vn-vn\/wp-json\/wp\/v2\/comments?post=103673"}],"version-history":[{"count":2,"href":"https:\/\/prod-qa.anchanto.com\/vn-vn\/wp-json\/wp\/v2\/pages\/103673\/revisions"}],"predecessor-version":[{"id":107594,"href":"https:\/\/prod-qa.anchanto.com\/vn-vn\/wp-json\/wp\/v2\/pages\/103673\/revisions\/107594"}],"wp:attachment":[{"href":"https:\/\/prod-qa.anchanto.com\/vn-vn\/wp-json\/wp\/v2\/media?parent=103673"}],"curies":[{"name":"wp","href":"https:\/\/api.w.org\/{rel}","templated":true}]}}