{"id":103670,"date":"2024-07-27T02:12:24","date_gmt":"2024-07-26T20:42:24","guid":{"rendered":"https:\/\/anchanto.com\/cookies-policy\/"},"modified":"2025-08-14T09:56:53","modified_gmt":"2025-08-14T04:26:53","slug":"cookies-policy","status":"publish","type":"page","link":"https:\/\/prod-qa.anchanto.com\/vn-vn\/cookies-policy\/","title":{"rendered":"Ch\u00ednh s\u00e1ch Cookie"},"content":{"rendered":"\n<h3 class=\"wp-block-heading\" id=\"h-thong-bao-cookie\">Th\u00f4ng b\u00e1o Cookie<\/h3>\n\n\n\n<p>Trang web n\u00e0y s\u1eed d\u1ee5ng <strong>cookie<\/strong> \u0111\u1ec3 gi\u00fap trang web ho\u1ea1t \u0111\u1ed9ng v\u00e0 theo d\u00f5i c\u00e1ch b\u1ea1n t\u01b0\u01a1ng t\u00e1c v\u1edbi n\u00f3. Ch\u00fang t\u00f4i s\u1ebd ch\u1ec9 s\u1eed d\u1ee5ng cookie n\u1ebfu b\u1ea1n \u0111\u1ed3ng \u00fd b\u1eb1ng c\u00e1ch nh\u1ea5p v\u00e0o <strong>&#8220;Ch\u1ea5p nh\u1eadn&#8221;<\/strong>. B\u1ea1n c\u0169ng c\u00f3 th\u1ec3 qu\u1ea3n l\u00fd t\u00f9y ch\u1ecdn t\u1eebng cookie trong ph\u1ea7n <strong>&#8220;C\u00e0i \u0111\u1eb7t&#8221;<\/strong>. \u0110\u1ecdc th\u00eam v\u1ec1 c\u00e1c lo\u1ea1i cookie \u0111\u01b0\u1ee3c s\u1eed d\u1ee5ng trong th\u00f4ng b\u00e1o quy\u1ec1n ri\u00eang t\u01b0 c\u1ee7a ch\u00fang t\u00f4i.<\/p>\n\n\n\n<h3 class=\"wp-block-heading\" id=\"h-thong-bao-v\u1ec1-cookie\">Th\u00f4ng b\u00e1o v\u1ec1 Cookie<\/h3>\n\n\n\n<p>C\u00f4ng ty TNHH D\u1ecbch v\u1ee5 Anchanto (sau \u0111\u00e2y g\u1ecdi l\u00e0 \u201cch\u00fang t\u00f4i\u201d ho\u1eb7c \u201cc\u1ee7a ch\u00fang t\u00f4i\u201d ho\u1eb7c \u201cc\u00f4ng ty\u201d ho\u1eb7c \u201ct\u1ed5 ch\u1ee9c\u201d) s\u1eed d\u1ee5ng <strong>cookie<\/strong> tr\u00ean c\u00e1c trang web c\u1ee7a ch\u00fang t\u00f4i t\u1ea1i <a href=\"https:\/\/anchanto.com\/vn-vn\/\" target=\"_blank\" rel=\"noreferrer noopener\">https:\/\/anchanto.com\/<\/a> (\u201cTrang web\u201d). T\u1ea1i \u0111\u00e2y, ch\u00fang t\u00f4i gi\u1ea3i th\u00edch cookie l\u00e0 g\u00ec v\u00e0 t\u1ea1i sao ch\u00fang t\u00f4i s\u1eed d\u1ee5ng ch\u00fang. Trong th\u00f4ng b\u00e1o n\u00e0y, \u201cB\u1ea1n\u201d ho\u1eb7c \u201cc\u1ee7a B\u1ea1n\u201d \u0111\u1ec1 c\u1eadp \u0111\u1ebfn ch\u1ee7 th\u1ec3 d\u1eef li\u1ec7u (kh\u00e1ch h\u00e0ng, nh\u00e2n vi\u00ean, kh\u00e1ch truy c\u1eadp trang web ho\u1eb7c nh\u00e2n vi\u00ean h\u1ee3p \u0111\u1ed3ng) c\u00f3 d\u1eef li\u1ec7u c\u00e1 nh\u00e2n \u0111\u01b0\u1ee3c Anchanto x\u1eed l\u00fd.<\/p>\n\n\n\n<h4 class=\"wp-block-heading\" id=\"h-cookies-la-gi\">Cookies l\u00e0 g\u00ec?<\/h4>\n\n\n\n<p>Cookies l\u00e0 c\u00e1c t\u1ec7p d\u1eef li\u1ec7u nh\u1ecf \u0111\u01b0\u1ee3c \u0111\u1eb7t tr\u00ean m\u00e1y t\u00ednh ho\u1eb7c thi\u1ebft b\u1ecb di \u0111\u1ed9ng c\u1ee7a b\u1ea1n khi b\u1ea1n truy c\u1eadp m\u1ed9t trang web. <strong>Cookie<\/strong> \u0111\u01b0\u1ee3c s\u1eed d\u1ee5ng r\u1ed9ng r\u00e3i cho nhi\u1ec1u m\u1ee5c \u0111\u00edch kh\u00e1c nhau, ch\u1eb3ng h\u1ea1n nh\u01b0 cho ph\u00e9p b\u1ea1n \u0111i\u1ec1u h\u01b0\u1edbng gi\u1eefa c\u00e1c trang m\u1ed9t c\u00e1ch hi\u1ec7u qu\u1ea3, ghi nh\u1edb t\u00f9y ch\u1ecdn c\u1ee7a b\u1ea1n v\u00e0 c\u1ea3i thi\u1ec7n tr\u1ea3i nghi\u1ec7m duy\u1ec7t web n\u00f3i chung. N\u1ebfu b\u1ea1n truy c\u1eadp trang web c\u1ee7a ch\u00fang t\u00f4i, ch\u00fang t\u00f4i s\u1ebd tri\u1ec3n khai c\u00e1c c\u00f4ng ngh\u1ec7 n\u00e0y \u0111\u1ec3 cung c\u1ea5p d\u1ecbch v\u1ee5 tr\u1ef1c tuy\u1ebfn ph\u00f9 h\u1ee3p h\u01a1n v\u1edbi thi\u1ebft b\u1ecb b\u1ea1n k\u1ebft n\u1ed1i, c\u0169ng nh\u01b0 cho m\u1ee5c \u0111\u00edch qu\u1ea3n l\u00fd v\u00e0 \u0111\u1ec3 n\u00e2ng cao tr\u1ea3i nghi\u1ec7m tr\u1ef1c tuy\u1ebfn c\u1ee7a b\u1ea1n b\u1eb1ng c\u00e1ch theo d\u00f5i h\u00e0nh vi c\u1ee7a b\u1ea1n trong trang web. Ch\u00fang t\u00f4i thu th\u1eadp th\u00f4ng tin v\u1ec1 vi\u1ec7c b\u1ea1n s\u1eed d\u1ee5ng trang web n\u00e0y, th\u00f4ng tin v\u1ec1 thi\u1ebft b\u1ecb ho\u1eb7c tr\u00ecnh duy\u1ec7t b\u1ea1n d\u00f9ng \u0111\u1ec3 truy c\u1eadp, v.v. Ch\u00fang t\u00f4i c\u00f3 th\u1ec3 s\u1eed d\u1ee5ng d\u1eef li\u1ec7u duy\u1ec7t web c\u1ee7a b\u1ea1n cho m\u1ee5c \u0111\u00edch ti\u1ebfp th\u1ecb.<\/p>\n\n\n\n<h4 class=\"wp-block-heading\" id=\"h-cookies-c\u1ea7n-thi\u1ebft\">Cookies c\u1ea7n thi\u1ebft<\/h4>\n\n\n\n<figure class=\"wp-block-table\"><table class=\"has-fixed-layout\"><thead><tr><th>T\u00ean<\/th><th>M\u1ee5c \u0111\u00edch<\/th><th>Th\u1eddi h\u1ea1n<\/th><th>C\u00f4ng c\u1ee5 \/ API \/ Ngu\u1ed3n<\/th><\/tr><\/thead><tbody><tr><td>li_gc<\/td><td>D\u00f9ng \u0111\u1ec3 l\u01b0u tr\u1eef s\u1ef1 \u0111\u1ed3ng \u00fd c\u1ee7a kh\u00e1ch \u0111\u1ed1i v\u1edbi vi\u1ec7c s\u1eed d\u1ee5ng <strong>cookie<\/strong> cho c\u00e1c m\u1ee5c \u0111\u00edch kh\u00f4ng thi\u1ebft y\u1ebfu.<\/td><td>6 th\u00e1ng<\/td><td>LinkedIn<\/td><\/tr><tr><td>AnalyticsSyncHistory<\/td><td>D\u00f9ng \u0111\u1ec3 l\u01b0u tr\u1eef th\u00f4ng tin v\u1ec1 th\u1eddi gian \u0111\u1ed3ng b\u1ed9 v\u1edbi <strong>cookie<\/strong> ph\u00e2n t\u00edch lms di\u1ec5n ra \u0111\u1ed1i v\u1edbi ng\u01b0\u1eddi d\u00f9ng \u1edf c\u00e1c Qu\u1ed1c gia \u0111\u01b0\u1ee3c ch\u1ec9 \u0111\u1ecbnh.<\/td><td>1 th\u00e1ng<\/td><td>LinkedIn<\/td><\/tr><tr><td>__cf_bm<\/td><td><strong>Cookie<\/strong> n\u00e0y \u0111\u01b0\u1ee3c d\u00f9ng \u0111\u1ec3 ph\u00e2n bi\u1ec7t gi\u1eefa ng\u01b0\u1eddi v\u00e0 bot. \u0110i\u1ec1u n\u00e0y c\u00f3 l\u1ee3i cho trang web, \u0111\u1ec3 t\u1ea1o c\u00e1c b\u00e1o c\u00e1o h\u1ee3p l\u1ec7 v\u1ec1 vi\u1ec7c s\u1eed d\u1ee5ng trang web c\u1ee7a h\u1ecd.<\/td><td>30 ph\u00fat<\/td><td>LinkedIn<\/td><\/tr><tr><td>lang<\/td><td>C\u00f3 nhi\u1ec1u lo\u1ea1i <strong>cookie<\/strong> kh\u00e1c nhau li\u00ean quan \u0111\u1ebfn t\u00ean n\u00e0y, v\u00e0 th\u01b0\u1eddng \u0111\u01b0\u1ee3c khuy\u1ebfn ngh\u1ecb xem x\u00e9t chi ti\u1ebft h\u01a1n v\u1ec1 c\u00e1ch n\u00f3 \u0111\u01b0\u1ee3c s\u1eed d\u1ee5ng tr\u00ean m\u1ed9t trang web c\u1ee5 th\u1ec3. Tuy nhi\u00ean, trong h\u1ea7u h\u1ebft c\u00e1c tr\u01b0\u1eddng h\u1ee3p, n\u00f3 c\u00f3 th\u1ec3 \u0111\u01b0\u1ee3c d\u00f9ng \u0111\u1ec3 l\u01b0u tr\u1eef t\u00f9y ch\u1ecdn ng\u00f4n ng\u1eef, c\u00f3 kh\u1ea3 n\u0103ng ph\u1ee5c v\u1ee5 n\u1ed9i dung b\u1eb1ng ng\u00f4n ng\u1eef \u0111\u00e3 \u0111\u01b0\u1ee3c l\u01b0u tr\u1eef.<\/td><td>Phi\u00ean<\/td><td>LinkedIn<\/td><\/tr><tr><td>wp-wpml_current_language<\/td><td>L\u01b0u tr\u1eef ng\u00f4n ng\u1eef hi\u1ec7n t\u1ea1i. Theo m\u1eb7c \u0111\u1ecbnh, <strong>cookie<\/strong> n\u00e0y ch\u1ec9 \u0111\u01b0\u1ee3c \u0111\u1eb7t cho nh\u1eefng ng\u01b0\u1eddi d\u00f9ng \u0111\u00e3 \u0111\u0103ng nh\u1eadp. N\u1ebfu b\u1ea1n b\u1eadt <strong>cookie<\/strong> ng\u00f4n ng\u1eef \u0111\u1ec3 h\u1ed7 tr\u1ee3 l\u1ecdc AJAX, <strong>cookie<\/strong> n\u00e0y c\u0169ng s\u1ebd \u0111\u01b0\u1ee3c \u0111\u1eb7t cho nh\u1eefng ng\u01b0\u1eddi d\u00f9ng ch\u01b0a \u0111\u0103ng nh\u1eadp.<\/td><td>Phi\u00ean<\/td><td>Anchanto<\/td><\/tr><tr><td>hubspotutk<\/td><td>T\u00ean <strong>cookie<\/strong> n\u00e0y \u0111\u01b0\u1ee3c li\u00ean k\u1ebft v\u1edbi c\u00e1c trang web \u0111\u01b0\u1ee3c x\u00e2y d\u1ef1ng tr\u00ean n\u1ec1n t\u1ea3ng HubSpot. HubSpot b\u00e1o c\u00e1o r\u1eb1ng m\u1ee5c \u0111\u00edch c\u1ee7a n\u00f3 l\u00e0 x\u00e1c th\u1ef1c ng\u01b0\u1eddi d\u00f9ng. V\u00ec l\u00e0 m\u1ed9t <strong>cookie<\/strong> li\u00ean t\u1ee5c ch\u1ee9 kh\u00f4ng ph\u1ea3i l\u00e0 m\u1ed9t <strong>cookie<\/strong> phi\u00ean, n\u00ean n\u00f3 kh\u00f4ng th\u1ec3 \u0111\u01b0\u1ee3c ph\u00e2n lo\u1ea1i l\u00e0 C\u1ea7n thi\u1ebft Tuy\u1ec7t \u0111\u1ed1i.<\/td><td>6 th\u00e1ng<\/td><td>HubSpot<\/td><\/tr><tr><td>skip_landingpage<\/td><td>N\u00f3 \u0111\u01b0\u1ee3c d\u00f9ng \u0111\u1ec3 b\u1ecf qua trang qu\u1ea3ng c\u00e1o.<\/td><td>6 th\u00e1ng 3 ng\u00e0y<\/td><td>Anchanto<\/td><\/tr><\/tbody><\/table><\/figure>\n\n\n\n<h4 class=\"wp-block-heading\" id=\"h-cookies-phan-tich\">Cookies ph\u00e2n t\u00edch<\/h4>\n\n\n\n<figure class=\"wp-block-table\"><table class=\"has-fixed-layout\"><thead><tr><th>Name<\/th><th>M\u1ee5c \u0111\u00edch<\/th><th>Th\u1eddi h\u1ea1n<\/th><th>C\u00f4ng c\u1ee5 \/ API \/ Ngu\u1ed3n<\/th><\/tr><\/thead><tbody><tr><td>__hssrc<\/td><td>T\u00ean <strong>cookie<\/strong> n\u00e0y \u0111\u01b0\u1ee3c li\u00ean k\u1ebft v\u1edbi c\u00e1c trang web \u0111\u01b0\u1ee3c x\u00e2y d\u1ef1ng tr\u00ean n\u1ec1n t\u1ea3ng HubSpot. Ch\u00fang \u0111\u01b0\u1ee3c b\u00e1o c\u00e1o l\u00e0 \u0111\u01b0\u1ee3c s\u1eed d\u1ee5ng \u0111\u1ec3 ph\u00e2n t\u00edch trang web.<\/td><td>Phi\u00ean<\/td><td>HubSpot<\/td><\/tr><tr><td>__hstc<\/td><td>T\u00ean <strong>cookie<\/strong> n\u00e0y \u0111\u01b0\u1ee3c li\u00ean k\u1ebft v\u1edbi c\u00e1c trang web \u0111\u01b0\u1ee3c x\u00e2y d\u1ef1ng tr\u00ean n\u1ec1n t\u1ea3ng HubSpot. Ch\u00fang \u0111\u01b0\u1ee3c b\u00e1o c\u00e1o l\u00e0 \u0111\u01b0\u1ee3c s\u1eed d\u1ee5ng \u0111\u1ec3 ph\u00e2n t\u00edch trang web.<\/td><td>6 th\u00e1ng<\/td><td>HubSpot<\/td><\/tr><tr><td>__hssc<\/td><td>T\u00ean <strong>cookie<\/strong> n\u00e0y \u0111\u01b0\u1ee3c li\u00ean k\u1ebft v\u1edbi c\u00e1c trang web \u0111\u01b0\u1ee3c x\u00e2y d\u1ef1ng tr\u00ean n\u1ec1n t\u1ea3ng HubSpot. Ch\u00fang \u0111\u01b0\u1ee3c b\u00e1o c\u00e1o l\u00e0 \u0111\u01b0\u1ee3c s\u1eed d\u1ee5ng \u0111\u1ec3 ph\u00e2n t\u00edch trang web.<\/td><td>30 ph\u00fat<\/td><td>HubSpot<\/td><\/tr><\/tbody><\/table><\/figure>\n\n\n\n<h4 class=\"wp-block-heading\" id=\"h-cookies-marketing\">Cookies Marketing<\/h4>\n\n\n\n<figure class=\"wp-block-table\"><table class=\"has-fixed-layout\"><thead><tr><th>Name<\/th><th>M\u1ee5c \u0111\u00edch<\/th><th>Th\u1eddi h\u1ea1n<\/th><th>C\u00f4ng c\u1ee5 \/ API \/ Ngu\u1ed3n<\/th><\/tr><\/thead><tbody><tr><td>UserMatchHistory<\/td><td><br><strong>Cookie<\/strong> n\u00e0y \u0111\u01b0\u1ee3c d\u00f9ng \u0111\u1ec3 theo d\u00f5i kh\u00e1ch truy c\u1eadp, t\u1eeb \u0111\u00f3 hi\u1ec3n th\u1ecb c\u00e1c qu\u1ea3ng c\u00e1o ph\u00f9 h\u1ee3p h\u01a1n d\u1ef1a tr\u00ean s\u1edf th\u00edch c\u1ee7a h\u1ecd.<\/td><td>1 th\u00e1ng<\/td><td>LinkedIn<\/td><\/tr><tr><td>_fbp<\/td><td>\u0110\u01b0\u1ee3c Meta s\u1eed d\u1ee5ng \u0111\u1ec3 ph\u00e2n ph\u1ed1i m\u1ed9t lo\u1ea1t s\u1ea3n ph\u1ea9m qu\u1ea3ng c\u00e1o, ch\u1eb3ng h\u1ea1n nh\u01b0 \u0111\u1ea5u th\u1ea7u theo th\u1eddi gian th\u1ef1c t\u1eeb c\u00e1c nh\u00e0 qu\u1ea3ng c\u00e1o b\u00ean th\u1ee9 ba.<\/td><td>3 th\u00e1ng<\/td><td>Google<\/td><\/tr><tr><td>test_cookie<\/td><td><strong>Cookie<\/strong> n\u00e0y \u0111\u01b0\u1ee3c DoubleClick (thu\u1ed9c s\u1edf h\u1eefu c\u1ee7a Google) \u0111\u1eb7t \u0111\u1ec3 x\u00e1c \u0111\u1ecbnh xem tr\u00ecnh duy\u1ec7t c\u1ee7a kh\u00e1ch truy c\u1eadp trang web c\u00f3 h\u1ed7 tr\u1ee3 <strong>cookie<\/strong> hay kh\u00f4ng.<\/td><td>15 ph\u00fat<\/td><td>Google<\/td><\/tr><tr><td>VISITOR_INFO1_LIVE<\/td><td><strong>Cookie<\/strong> n\u00e0y \u0111\u01b0\u1ee3c Youtube \u0111\u1eb7t \u0111\u1ec3 theo d\u00f5i c\u00e1c t\u00f9y ch\u1ecdn c\u1ee7a ng\u01b0\u1eddi d\u00f9ng \u0111\u1ed1i v\u1edbi c\u00e1c video Youtube \u0111\u01b0\u1ee3c nh\u00fang tr\u00ean c\u00e1c trang web; n\u00f3 c\u0169ng c\u00f3 th\u1ec3 x\u00e1c \u0111\u1ecbnh xem kh\u00e1ch truy c\u1eadp trang web \u0111ang s\u1eed d\u1ee5ng phi\u00ean b\u1ea3n m\u1edbi hay c\u0169 c\u1ee7a giao di\u1ec7n Youtube.<\/td><td>6 th\u00e1ng<\/td><td>Google<\/td><\/tr><tr><td>bcookie<\/td><td>\u0110\u00e2y l\u00e0 <strong>cookie<\/strong> b\u00ean th\u1ee9 nh\u1ea5t c\u1ee7a Microsoft MSN \u0111\u1ec3 chia s\u1ebb n\u1ed9i dung c\u1ee7a trang web th\u00f4ng qua m\u1ea1ng x\u00e3 h\u1ed9i.<\/td><td>1 n\u0103m<\/td><td>LinkedIn<\/td><\/tr><tr><td>lidc<\/td><td>\u0110\u00e2y l\u00e0 <strong>cookie<\/strong> b\u00ean th\u1ee9 nh\u1ea5t c\u1ee7a Microsoft MSN, \u0111\u1ea3m b\u1ea3o trang web n\u00e0y ho\u1ea1t \u0111\u1ed9ng b\u00ecnh th\u01b0\u1eddng.<\/td><td>1 ng\u00e0y<\/td><td>LinkedIn<\/td><\/tr><tr><td>IDE<\/td><td><strong>Cookie<\/strong> n\u00e0y \u0111\u01b0\u1ee3c Doubleclick \u0111\u1eb7t v\u00e0 mang th\u00f4ng tin v\u1ec1 c\u00e1ch ng\u01b0\u1eddi d\u00f9ng cu\u1ed1i s\u1eed d\u1ee5ng trang web v\u00e0 b\u1ea5t k\u1ef3 qu\u1ea3ng c\u00e1o n\u00e0o m\u00e0 ng\u01b0\u1eddi d\u00f9ng cu\u1ed1i c\u00f3 th\u1ec3 \u0111\u00e3 xem tr\u01b0\u1edbc khi truy c\u1eadp trang web \u0111\u00f3.<\/td><td>1 n\u0103m<\/td><td>Doubleclick<\/td><\/tr><tr><td>_gcl_au<\/td><td>\u0110\u01b0\u1ee3c Google AdSense s\u1eed d\u1ee5ng \u0111\u1ec3 th\u1eed nghi\u1ec7m hi\u1ec7u qu\u1ea3 qu\u1ea3ng c\u00e1o tr\u00ean c\u00e1c trang web s\u1eed d\u1ee5ng d\u1ecbch v\u1ee5 c\u1ee7a h\u1ecd.<\/td><td>3 th\u00e1ng<\/td><td>Anchanto<\/td><\/tr><tr><td>bscookie<\/td><td>\u0110\u01b0\u1ee3c d\u1ecbch v\u1ee5 m\u1ea1ng x\u00e3 h\u1ed9i LinkedIn s\u1eed d\u1ee5ng \u0111\u1ec3 theo d\u00f5i vi\u1ec7c s\u1eed d\u1ee5ng c\u00e1c d\u1ecbch v\u1ee5 \u0111\u01b0\u1ee3c nh\u00fang.<\/td><td>1 n\u0103m<\/td><td>LinkedIn<\/td><\/tr><tr><td>YSC<\/td><td><strong>Cookie<\/strong> n\u00e0y \u0111\u01b0\u1ee3c YouTube \u0111\u1eb7t \u0111\u1ec3 theo d\u00f5i l\u01b0\u1ee3t xem c\u00e1c video \u0111\u01b0\u1ee3c nh\u00fang.<\/td><td>Phi\u00ean<\/td><td>&nbsp;YouTube<\/td><\/tr><\/tbody><\/table><\/figure>\n","protected":false},"excerpt":{"rendered":"<p>Th\u00f4ng b\u00e1o Cookie Trang web n\u00e0y s\u1eed d\u1ee5ng cookie \u0111\u1ec3 gi\u00fap trang web ho\u1ea1t \u0111\u1ed9ng v\u00e0 t&#8230;<\/p>\n","protected":false},"author":1,"featured_media":0,"parent":0,"menu_order":0,"comment_status":"closed","ping_status":"closed","template":"template-container.php","meta":{"_acf_changed":false,"footnotes":""},"class_list":["post-103670","page","type-page","status-publish","hentry"],"acf":false,"_links":{"self":[{"href":"https:\/\/prod-qa.anchanto.com\/vn-vn\/wp-json\/wp\/v2\/pages\/103670","targetHints":{"allow":["GET"]}}],"collection":[{"href":"https:\/\/prod-qa.anchanto.com\/vn-vn\/wp-json\/wp\/v2\/pages"}],"about":[{"href":"https:\/\/prod-qa.anchanto.com\/vn-vn\/wp-json\/wp\/v2\/types\/page"}],"author":[{"embeddable":true,"href":"https:\/\/prod-qa.anchanto.com\/vn-vn\/wp-json\/wp\/v2\/users\/1"}],"replies":[{"embeddable":true,"href":"https:\/\/prod-qa.anchanto.com\/vn-vn\/wp-json\/wp\/v2\/comments?post=103670"}],"version-history":[{"count":3,"href":"https:\/\/prod-qa.anchanto.com\/vn-vn\/wp-json\/wp\/v2\/pages\/103670\/revisions"}],"predecessor-version":[{"id":135621,"href":"https:\/\/prod-qa.anchanto.com\/vn-vn\/wp-json\/wp\/v2\/pages\/103670\/revisions\/135621"}],"wp:attachment":[{"href":"https:\/\/prod-qa.anchanto.com\/vn-vn\/wp-json\/wp\/v2\/media?parent=103670"}],"curies":[{"name":"wp","href":"https:\/\/api.w.org\/{rel}","templated":true}]}}