{"id":103666,"date":"2024-07-27T02:13:28","date_gmt":"2024-07-26T20:43:28","guid":{"rendered":"https:\/\/anchanto.com\/our-leadership\/"},"modified":"2025-08-18T13:07:39","modified_gmt":"2025-08-18T07:37:39","slug":"our-leadership","status":"publish","type":"page","link":"https:\/\/prod-qa.anchanto.com\/vn-vn\/our-leadership\/","title":{"rendered":"Ban l\u00e3nh \u0111\u1ea1o"},"content":{"rendered":"\n<div class=\"wp-block-anchanto-leadership-hero\"><div class=\"breadcrumb-row\"><div class=\"container\"><ul class=\"breadcrumb\"><li><a href=\"https:\/\/anchanto.com\/vn-vn\/company\/\">Company<\/a><\/li><li>Leadership<\/li><\/ul><\/div><\/div><div class=\"inner-banner full-caption rounded-overlay\" style=\"background:#2633AB\"><div class=\"container\"><div><h2>Ban L\u00e3nh \u0110\u1ea1o<\/h2><p>L\u00e3nh \u0111\u1ea1o c\u1ee7a c\u00f4ng ty ch\u00fang t\u00f4i l\u00e0 nh\u1eefng nh\u00e0 l\u00e3nh \u0111\u1ea1o t\u1eadn t\u00e2m trong vi\u1ec7c t\u00e1i \u0111\u1ecbnh ngh\u0129a th\u01b0\u01a1ng m\u1ea1i \u0111i\u1ec7n t\u1eed th\u00f4ng qua \u0111\u1ed5i m\u1edbi s\u00e1ng t\u1ea1o v\u00e0 s\u1ef1 h\u1ee3p t\u00e1c, cam k\u1ebft mang \u0111\u1ebfn nh\u1eefng gi\u1ea3i ph\u00e1p v\u00f4 song cho c\u00e1c \u0111\u1ed1i t\u00e1c to\u00e0n c\u1ea7u c\u1ee7a ch\u00fang t\u00f4i.<\/p><\/div><\/div><\/div><\/div>\n\n\n\n<div class=\"wp-block-anchanto-leaders-list\"><div class=\"block-row\"><div class=\"container\"><div class=\"title-row text-center\"><h2><span><\/span> Ban L\u00e3nh \u0110\u1ea1o<\/h2><\/div><div class=\"leader-list team-list flex\"><div class=\"leader-item\"><figure><img decoding=\"async\" src=\"https:\/\/anchanto.com\/wp-content\/uploads\/2024\/09\/Vaibhav-leadership-page.jpg?ver=1726744794\" alt=\"Vaibhav Dabhade\"\/><\/figure><p><span>Vaibhav Dabhade<\/span>Founder &amp; CEO<\/p><\/div><div class=\"leader-item\"><figure><img decoding=\"async\" src=\"https:\/\/anchanto.com\/wp-content\/uploads\/2024\/09\/anchanto-leadership-Julien-Juttet.jpg\" alt=\"Julien Juttet\"\/><\/figure><p><span>Julien Juttet<\/span>Co-founder &amp; CFO<\/p><\/div><div class=\"leader-item\"><figure><img decoding=\"async\" src=\"https:\/\/anchanto.com\/wp-content\/uploads\/2024\/07\/anchanto-leadership-vishal-desai-2.jpg?ver=1723031018\" alt=\"Vishal Desai\"\/><\/figure><p><span>Vishal Desai<\/span>Chief Revenue Officer &#8211; APAC<\/p><\/div><div class=\"leader-item\"><figure><img decoding=\"async\" src=\"https:\/\/anchanto.com\/wp-content\/uploads\/2024\/07\/anchanto-leadership-thierry-reginato-2.jpg?ver=1723446483\" alt=\"Thierry Reginato\"\/><\/figure><p><span>Thierry Reginato<\/span>Chief Revenue Officer &#8211; Europe<\/p><\/div><div class=\"leader-item\"><figure><img decoding=\"async\" src=\"https:\/\/anchanto.com\/wp-content\/uploads\/2024\/07\/anchanto-leadership-charles-py-3.jpg?ver=1727246143\" alt=\"Charles Py\"\/><\/figure><p><span>Charles Py<\/span>Chief Marketing Officer<\/p><\/div><div class=\"leader-item\"><figure><img decoding=\"async\" src=\"https:\/\/anchanto.com\/wp-content\/uploads\/2024\/07\/anchanto-leadership-parimal-kale.jpg?ver=1723031199\" alt=\"Parimal Kale\"\/><\/figure><p><span>Parimal Kale<\/span>Chief Technology Officer<\/p><\/div><div class=\"leader-item\"><figure><img decoding=\"async\" src=\"https:\/\/anchanto.com\/wp-content\/uploads\/2024\/12\/anchanto-leadership-Ankita.jpg\" alt=\"Ankita Vig\"\/><\/figure><p><span>Ankita Vig<\/span>Chief Human Resources Officer\u00a0<\/p><\/div><div class=\"leader-item\"><figure><img decoding=\"async\" src=\"https:\/\/anchanto.com\/wp-content\/uploads\/2024\/09\/anchanto-leadership-ajay.jpg\" alt=\"Ajay Veeraraghvan\"\/><\/figure><p><span>Ajay Veeraraghvan<\/span>Chief Product Officer<\/p><\/div><\/div><\/div><\/div><\/div>\n\n\n\n<div class=\"wp-block-anchanto-leaders-list\"><div class=\"block-row\"><div class=\"container\"><div class=\"title-row text-center\"><h2><span><\/span> Ban Qu\u1ea3n L\u00fd<\/h2><\/div><div class=\"leader-list team-list flex\"><div class=\"leader-item\"><figure><img decoding=\"async\" src=\"https:\/\/anchanto.com\/wp-content\/uploads\/2024\/09\/anchanto-leadership-Abhimanyu-Kashikar.jpg\" alt=\"Abhimanyu Kashikar\"\/><\/figure><p><span>Abhimanyu Kashikar<\/span>Co-founder &amp; Chief Growth Officer, EMEA<\/p><\/div><div class=\"leader-item\"><figure><img decoding=\"async\" src=\"https:\/\/anchanto.com\/wp-content\/uploads\/2024\/07\/anchanto-leadership-kamalanathan-magedran.jpg?ver=1723031108\" alt=\"Kamalanathan Magedran\"\/><\/figure><p><span>Kamalanathan Magedran<\/span>Country Head &#8211; Malaysia<\/p><\/div><div class=\"leader-item\"><figure><img decoding=\"async\" src=\"https:\/\/anchanto.com\/wp-content\/uploads\/2024\/07\/anchanto-leadership-vicky-hardiman-1.jpg?ver=1723031093\" alt=\"Vicky Hardiman\"\/><\/figure><p><span>Vicky Hardiman<\/span>Country Head &#8211; Indonesia<\/p><\/div><div class=\"leader-item\"><figure><img decoding=\"async\" src=\"https:\/\/anchanto.com\/wp-content\/uploads\/2024\/08\/anirudh-lp-image.jpg\" alt=\"Anirudh Venkat\"\/><\/figure><p><span>Anirudh Venkat<\/span>Country Head &#8211; Singapore<\/p><\/div><div class=\"leader-item\"><figure><img decoding=\"async\" src=\"https:\/\/anchanto.com\/wp-content\/uploads\/2024\/07\/anchanto-leadership-sooraj-nair.jpg?ver=1723031048\" alt=\"Sooraj Nair\"\/><\/figure><p><span>Sooraj Nair<\/span>Country Head &#8211; UAE &amp; KSA<\/p><\/div><div class=\"leader-item\"><figure><img decoding=\"async\" src=\"https:\/\/anchanto.com\/wp-content\/uploads\/2024\/09\/anchanto-leadership-Adrian.jpg\" alt=\"Adrian Tan\"\/><\/figure><p><span>Adrian Tan<\/span>Country Head &#8211; Thailand<\/p><\/div><div class=\"leader-item\"><figure><img decoding=\"async\" src=\"https:\/\/anchanto.com\/wp-content\/uploads\/2025\/05\/anchanto-leadership-bely-villacruz.jpg\" alt=\"Bely Villacruz\"\/><\/figure><p><span>Bely Villacruz<\/span>Country Head \u2013 Phillippines<\/p><\/div><div class=\"leader-item\"><figure><img decoding=\"async\" src=\"https:\/\/anchanto.com\/wp-content\/uploads\/2025\/06\/anchanto-en-leadership-duncan.jpg\" alt=\"Duncan Pereira\"\/><\/figure><p><span>Duncan Pereira<\/span>Director, Global Operations<\/p><\/div><div class=\"leader-item\"><figure><img decoding=\"async\" src=\"https:\/\/anchanto.com\/wp-content\/uploads\/2025\/06\/anchanto-en-leadership-andrew-quach.jpg\" alt=\"Andrew Quach\"\/><\/figure><p><span>Andrew Quach<\/span>Director, Partnerships \u2013 APAC<\/p><\/div><div class=\"leader-item\"><figure><img decoding=\"async\" src=\"https:\/\/anchanto.com\/wp-content\/uploads\/2025\/06\/anchanto-en-leadership-zoe.jpg\" alt=\"Zoe Moraes\"\/><\/figure><p><span>Zoe Moraes<\/span>Director, Marketing \u2013 APAC<\/p><\/div><div class=\"leader-item\"><figure><img decoding=\"async\" src=\"https:\/\/anchanto.com\/wp-content\/uploads\/2025\/06\/anchanto-en-leadership-vishwajeet.jpg\" alt=\"Vishwajeet Kumar Singh\"\/><\/figure><p><span>Vishwajeet Kumar Singh<\/span>Director, Customer Engineering &amp; Quality<\/p><\/div><div class=\"leader-item\"><figure><img decoding=\"async\" src=\"https:\/\/anchanto.com\/wp-content\/uploads\/2025\/06\/anchanto-en-leadership-ganesh-1.jpg\" alt=\"Ganesh Kolhe\"\/><\/figure><p><span>Ganesh Kolhe<\/span>VP, Engineering<\/p><\/div><div class=\"leader-item\"><figure><img decoding=\"async\" src=\"https:\/\/anchanto.com\/wp-content\/uploads\/2025\/06\/anchanto-en-leadership-shehbaaz.jpg\" alt=\"Shehbaaz Khan\"\/><\/figure><p><span>Shehbaaz Khan<\/span>Director, Customer Insights &amp; Success<\/p><\/div><div class=\"leader-item\"><figure><img decoding=\"async\" src=\"https:\/\/anchanto.com\/wp-content\/uploads\/2025\/06\/anchanto-en-leadership-vishal-bengeri.jpg\" alt=\"Vishal Bengeri\"\/><\/figure><p><span>Vishal Bengeri<\/span>Director, Strategic Initiatives<\/p><\/div><div class=\"leader-item\"><figure><img decoding=\"async\" src=\"https:\/\/anchanto.com\/wp-content\/uploads\/2025\/06\/anchanto-en-leadership-shubhankar-hazarika.jpg\" alt=\"Shubhankar Hazarika\"\/><\/figure><p><span>Shubhankar Hazarika<\/span>Director, Enterprise Integration Services<\/p><\/div><\/div><\/div><\/div><\/div>\n\n\n\n<div class=\"wp-block-anchanto-board-of-directors-list\"><div class=\"block-row\"><div class=\"container\"><div class=\"title-row\"><h2><span><\/span> Ban Gi\u00e1m \u0110\u1ed1c<\/h2><\/div><div class=\"leader-list team-list flex\"><div class=\"leader-item\"><figure><img decoding=\"async\" src=\"https:\/\/anchanto.com\/wp-content\/uploads\/2024\/09\/anchanto-leadership-vaibhav-dabhade-board-of-director.jpg\" alt=\"Vaibhav Dabhade\"\/><\/figure><p><span>Vaibhav Dabhade<\/span>Founder &amp; CEO, Anchanto<\/p><\/div><div class=\"leader-item\"><figure><img decoding=\"async\" src=\"https:\/\/anchanto.com\/wp-content\/uploads\/2024\/09\/Marc-Pontet-investor.jpg\" alt=\"Marc Pontet\"\/><\/figure><p><span>Marc Pontet<\/span>Director General, Asendia<\/p><\/div><div class=\"leader-item\"><figure><img decoding=\"async\" src=\"https:\/\/anchanto.com\/wp-content\/uploads\/2024\/09\/Aditya-Hadiputra-investor.jpg\" alt=\"Aditya Hadiputra\"\/><\/figure><p><span>Aditya Hadiputra<\/span>Principal, MDI Ventures<\/p><\/div><div class=\"leader-item\"><figure><img decoding=\"async\" src=\"https:\/\/anchanto.com\/wp-content\/uploads\/2025\/08\/anchanto-leadership-takashi-sube.jpg\" alt=\"Takashi Sube\"\/><\/figure><p><span>Takashi Sube<\/span>Managing Director, Transcosmos inc.<\/p><\/div><\/div><\/div><\/div><\/div>\n\n\n\n<div class=\"wp-block-anchanto-investors-list\"><div class=\"block-row\"><div class=\"container\"><div class=\"title-row\"><h2><span><\/span> Nh\u00e0 \u0110\u1ea7u T\u01b0<\/h2><\/div><div class=\"soluslider flex\"><div class=\"left-caption\"><ul class=\"solu-list mCustomScrollbar\" data-mcs-theme=\"minimal-dark\"><li><a href=\"javascript:void(0);\" class=\"icon active\" data-target=\"innosight-ventures\" data-icon=\"w\">Innosight Ventures<\/a><\/li><li><a href=\"javascript:void(0);\" class=\"icon \" data-target=\"national-research-foundation-singapore\" data-icon=\"w\">National Research Foundation Singapore<\/a><\/li><li><a href=\"javascript:void(0);\" class=\"icon \" data-target=\"telkom-indonesia\" data-icon=\"w\">Telkom Indonesia<\/a><\/li><li><a href=\"javascript:void(0);\" class=\"icon \" data-target=\"asendia\" data-icon=\"w\">Asendia<\/a><\/li><li><a href=\"javascript:void(0);\" class=\"icon \" data-target=\"luxasia\" data-icon=\"w\">Luxasia<\/a><\/li><li><a href=\"javascript:void(0);\" class=\"icon \" data-target=\"transcosmos-inc\" data-icon=\"w\">Transcosmos Inc.<\/a><\/li><\/ul><\/div><div class=\"right-caption\"><div class=\"solu-list\"><div class=\"solu-item active\" id=\"innosight-ventures\"><div class=\"img-card\"><img decoding=\"async\" src=\"https:\/\/anchanto.com\/wp-content\/uploads\/2024\/07\/anchanto-investor-building-innosight-ventures.jpg\" alt=\"Innosight Ventures\"\/><\/div><\/div><div class=\"solu-item \" id=\"national-research-foundation-singapore\"><div class=\"img-card\"><img decoding=\"async\" src=\"https:\/\/anchanto.com\/wp-content\/uploads\/2024\/09\/NRF-investor-building.jpg\" alt=\"National Research Foundation Singapore\"\/><\/div><\/div><div class=\"solu-item \" id=\"telkom-indonesia\"><div class=\"img-card\"><img decoding=\"async\" src=\"https:\/\/anchanto.com\/wp-content\/uploads\/2024\/07\/anchanto-leadership-telkom-indonesia.jpg\" alt=\"Telkom Indonesia\"\/><\/div><\/div><div class=\"solu-item \" id=\"asendia\"><div class=\"img-card\"><img decoding=\"async\" src=\"https:\/\/anchanto.com\/wp-content\/uploads\/2024\/07\/anchanto-investor-asendia-investor-building.jpg\" alt=\"Asendia\"\/><\/div><\/div><div class=\"solu-item \" id=\"luxasia\"><div class=\"img-card\"><img decoding=\"async\" src=\"https:\/\/anchanto.com\/wp-content\/uploads\/2024\/07\/anchanto-leadership-luxasia.jpg\" alt=\"Luxasia\"\/><\/div><\/div><div class=\"solu-item \" id=\"transcosmos-inc\"><div class=\"img-card\"><img decoding=\"async\" src=\"https:\/\/anchanto.com\/wp-content\/uploads\/2024\/07\/anchanto-investors-trans-cosmos-investor-building.jpg\" alt=\"Transcosmos Inc.\"\/><\/div><\/div><\/div><\/div><\/div><\/div><\/div><\/div>\n\n\n\n<div class=\"wp-block-anchanto-explore-company\"><div class=\"block-row pt-0\"><div class=\"light-bg\"><div class=\"container\"><div class=\"subscribe-box\"><div class=\"subscribe-left\"><div class=\"title-row\"><h3><span>EXPLORE COMPANY<\/span>T\u00ecm hi\u1ec3u th\u00eam v\u1ec1 Anchanto<\/h3><p>Kh\u00e1m ph\u00e1 s\u1ee9 m\u1ec7nh, gi\u00e1 tr\u1ecb v\u00e0 t\u1ea7m nh\u00ecn d\u1eabn d\u1eaft ch\u00fang t\u00f4i.<\/p><\/div><a href=\"https:\/\/anchanto.com\/vn-vn\/company\/\" class=\"btn-bdr btn btn-lg\">Kh\u00e1m Ph\u00e1 Th\u00eam<\/a><\/div><figure><img decoding=\"async\" src=\"https:\/\/anchanto.com\/wp-content\/uploads\/2024\/08\/anchanto-careers-thailand.png\" alt=\"Featured Image\"\/><\/figure><\/div><\/div><\/div><\/div><\/div>\n","protected":false},"excerpt":{"rendered":"","protected":false},"author":1,"featured_media":0,"parent":0,"menu_order":0,"comment_status":"closed","ping_status":"closed","template":"template\/custom-template.php","meta":{"_acf_changed":false,"footnotes":""},"class_list":["post-103666","page","type-page","status-publish","hentry"],"acf":false,"_links":{"self":[{"href":"https:\/\/prod-qa.anchanto.com\/vn-vn\/wp-json\/wp\/v2\/pages\/103666","targetHints":{"allow":["GET"]}}],"collection":[{"href":"https:\/\/prod-qa.anchanto.com\/vn-vn\/wp-json\/wp\/v2\/pages"}],"about":[{"href":"https:\/\/prod-qa.anchanto.com\/vn-vn\/wp-json\/wp\/v2\/types\/page"}],"author":[{"embeddable":true,"href":"https:\/\/prod-qa.anchanto.com\/vn-vn\/wp-json\/wp\/v2\/users\/1"}],"replies":[{"embeddable":true,"href":"https:\/\/prod-qa.anchanto.com\/vn-vn\/wp-json\/wp\/v2\/comments?post=103666"}],"version-history":[{"count":11,"href":"https:\/\/prod-qa.anchanto.com\/vn-vn\/wp-json\/wp\/v2\/pages\/103666\/revisions"}],"predecessor-version":[{"id":136470,"href":"https:\/\/prod-qa.anchanto.com\/vn-vn\/wp-json\/wp\/v2\/pages\/103666\/revisions\/136470"}],"wp:attachment":[{"href":"https:\/\/prod-qa.anchanto.com\/vn-vn\/wp-json\/wp\/v2\/media?parent=103666"}],"curies":[{"name":"wp","href":"https:\/\/api.w.org\/{rel}","templated":true}]}}