{"id":103665,"date":"2024-07-27T02:13:57","date_gmt":"2024-07-26T20:43:57","guid":{"rendered":"https:\/\/anchanto.com\/partnerships\/"},"modified":"2025-01-06T14:26:03","modified_gmt":"2025-01-06T08:56:03","slug":"partnerships","status":"publish","type":"page","link":"https:\/\/prod-qa.anchanto.com\/vn-vn\/partnerships\/","title":{"rendered":"Ch\u01b0\u01a1ng tr\u00ecnh \u0111\u1ed1i t\u00e1c"},"content":{"rendered":"\n<div class=\"wp-block-anchanto-block-homepage-hero\"><div class=\"main-banner\"><div class=\"caption-area\"><div class=\"innercaption-area\"><div class=\"caption-top\"><p><span>Ch\u01b0\u01a1ng tr\u00ecnh \u0110\u1ed1i t\u00e1c<\/span><\/p><h1>Ch\u01b0\u01a1ng tr\u00ecnh <em><strong>\u0110\u1ed1i t\u00e1c<\/strong><\/em><\/h1><p>Chia s\u1ebb gi\u1ea3i ph\u00e1p Anchanto.<br>Nh\u1eadn th\u01b0\u1edfng.<\/p><a class=\"btn btn-bdr btn-white\" href=\"https:\/\/anchanto.com\/talk-to-us\/\">Tr\u1edf th\u00e0nh \u0111\u1ed1i t\u00e1c<\/a><\/div><div class=\"caption-bottom\"><ul><li><span>Kh\u00e1m ph\u00e1 b\u1ed9 s\u1ea3n ph\u1ea9m<\/span><a class=\"btn-arrow icon sm-arrow\" href=\"https:\/\/anchanto.com\/products\/\" data-icon=\"u\">Th\u01b0\u01a1ng m\u1ea1i \u0111i\u1ec7n t\u1eed<\/a><\/li><li><span>Kh\u00e1m ph\u00e1 b\u1ed9 gi\u1ea3i ph\u00e1p<\/span><a class=\"btn-arrow icon sm-arrow\" href=\"https:\/\/anchanto.com\/solutions\/\" data-icon=\"u\">cho Th\u01b0\u01a1ng hi\u1ec7u v\u00e0 3PLs<\/a><\/li><\/ul><\/div><\/div><\/div><div class=\"image-part\"><div class=\"image-overlay\"><\/div><figure><img decoding=\"async\" src=\"https:\/\/anchanto.com\/wp-content\/uploads\/2024\/08\/anchanto-partnership-header-banner-2.jpg?ver=1722595589\" alt=\"Banner Image\"\/><\/figure><\/div><\/div><\/div>\n\n\n    <div class=\"wp-block-anchanto-block-company-logos wp-block-anchanto-block-company-logos\">\n        <div class=\"block-row\">\n            <div class=\"title-row text-center\">\n                                    <h2><span>\u0110\u01b0\u1ee3c c\u00e1c t\u1eadp \u0111o\u00e0n h\u00e0ng \u0111\u1ea7u tin t\u01b0\u1edfng tr\u00ean to\u00e0n th\u1ebf gi\u1edbi, trong nhi\u1ec1u l\u0129nh v\u1ef1c v\u00e0 ng\u00e0nh ngh\u1ec1.<\/span><\/h2>\n                            <\/div>\n            <div class=\"join-us-slider-wrap\">\n                <div class=\"join-us-slider\">\n                                            <div class=\"join-slide\">\n                                                    <\/div>\n                                            <div class=\"join-slide\">\n                                                    <\/div>\n                                            <div class=\"join-slide\">\n                                                    <\/div>\n                                            <div class=\"join-slide\">\n                                                    <\/div>\n                                            <div class=\"join-slide\">\n                                                    <\/div>\n                                            <div class=\"join-slide\">\n                                                    <\/div>\n                                            <div class=\"join-slide\">\n                                                    <\/div>\n                                            <div class=\"join-slide\">\n                                                    <\/div>\n                                            <div class=\"join-slide\">\n                                                    <\/div>\n                                            <div class=\"join-slide\">\n                                                    <\/div>\n                                            <div class=\"join-slide\">\n                                                            <img decoding=\"async\" src=\"https:\/\/anchanto.com\/wp-content\/uploads\/2024\/07\/Anchanto-Customer-Logo-PG.svg\" alt=\"P&amp;G\">\n                                                    <\/div>\n                                            <div class=\"join-slide\">\n                                                            <img decoding=\"async\" src=\"https:\/\/anchanto.com\/wp-content\/uploads\/2024\/07\/Anchanto-Customer-Logo-Loreal.svg\" alt=\"L&#8217;Or\u00e9al\">\n                                                    <\/div>\n                                            <div class=\"join-slide\">\n                                                            <img decoding=\"async\" src=\"https:\/\/anchanto.com\/wp-content\/uploads\/2024\/07\/Anchanto-Customer-Logo-Estee-Lauder.svg\" alt=\"ESTEE LAUDER\">\n                                                    <\/div>\n                                            <div class=\"join-slide\">\n                                                            <img decoding=\"async\" src=\"https:\/\/anchanto.com\/wp-content\/uploads\/2024\/07\/Anchanto-Customer-Logo-Panasonic.svg\" alt=\"PANASONIC\">\n                                                    <\/div>\n                                            <div class=\"join-slide\">\n                                                            <img decoding=\"async\" src=\"https:\/\/anchanto.com\/wp-content\/uploads\/2024\/07\/Anchanto-Customer-Logo-asendia.svg\" alt=\"ASENDIA\">\n                                                    <\/div>\n                                            <div class=\"join-slide\">\n                                                            <img decoding=\"async\" src=\"https:\/\/anchanto.com\/wp-content\/uploads\/2024\/07\/Anchanto-Customer-Logo-Skechers.svg\" alt=\"SKECHERS\">\n                                                    <\/div>\n                                            <div class=\"join-slide\">\n                                                            <img decoding=\"async\" src=\"https:\/\/anchanto.com\/wp-content\/uploads\/2024\/07\/Anchanto-Customer-Logo-Toll.svg\" alt=\"TOLL\">\n                                                    <\/div>\n                                            <div class=\"join-slide\">\n                                                            <img decoding=\"async\" src=\"https:\/\/anchanto.com\/wp-content\/uploads\/2024\/07\/Anchanto-Customer-Logo-Rhenus-Logistics.svg\" alt=\"RHENUS LOGISTICS\">\n                                                    <\/div>\n                                            <div class=\"join-slide\">\n                                                            <img decoding=\"async\" src=\"https:\/\/anchanto.com\/wp-content\/uploads\/2024\/07\/Anchanto-Customer-Logo-Bosch.svg\" alt=\"BOSCH\">\n                                                    <\/div>\n                                            <div class=\"join-slide\">\n                                                            <img decoding=\"async\" src=\"https:\/\/anchanto.com\/wp-content\/uploads\/2024\/07\/Anchanto-Customer-Logo-Wacoal.svg\" alt=\"WACOAL\">\n                                                    <\/div>\n                                            <div class=\"join-slide\">\n                                                            <img decoding=\"async\" src=\"https:\/\/anchanto.com\/wp-content\/uploads\/2024\/07\/Anchanto-Customer-Logo-DB-Schenker.svg\" alt=\"DB SCHENKER\">\n                                                    <\/div>\n                                            <div class=\"join-slide\">\n                                                            <img decoding=\"async\" src=\"https:\/\/anchanto.com\/wp-content\/uploads\/2024\/07\/Anchanto-Customer-Logo-emirates-post.svg\" alt=\"EMIRATES POST\">\n                                                    <\/div>\n                                            <div class=\"join-slide\">\n                                                            <img decoding=\"async\" src=\"https:\/\/anchanto.com\/wp-content\/uploads\/2024\/07\/Anchanto-Customer-Logo-Paulas-Choice.svg\" alt=\"PAULAS CHOICE\">\n                                                    <\/div>\n                                            <div class=\"join-slide\">\n                                                            <img decoding=\"async\" src=\"https:\/\/anchanto.com\/wp-content\/uploads\/2024\/07\/Anchanto-Customer-Logo-Ceva-Logistics.svg\" alt=\"CEVA LOGISTICS\">\n                                                    <\/div>\n                                            <div class=\"join-slide\">\n                                                            <img decoding=\"async\" src=\"https:\/\/anchanto.com\/wp-content\/uploads\/2024\/07\/Anchanto-Customer-Logo-DpD.svg\" alt=\"DPD\">\n                                                    <\/div>\n                                            <div class=\"join-slide\">\n                                                            <img decoding=\"async\" src=\"https:\/\/anchanto.com\/wp-content\/uploads\/2024\/07\/Anchanto-Customer-Logo-Reckitt-Benckiser.svg\" alt=\"RECKITT BENCKISER\">\n                                                    <\/div>\n                                            <div class=\"join-slide\">\n                                                            <img decoding=\"async\" src=\"https:\/\/anchanto.com\/wp-content\/uploads\/2024\/07\/Anchanto-Customer-Logo-Vietnam-Post.svg\" alt=\"VIETNAM POST\">\n                                                    <\/div>\n                                            <div class=\"join-slide\">\n                                                            <img decoding=\"async\" src=\"https:\/\/anchanto.com\/wp-content\/uploads\/2024\/07\/Anchanto-Customer-Logo-CMG.svg\" alt=\"CMG\">\n                                                    <\/div>\n                                            <div class=\"join-slide\">\n                                                            <img decoding=\"async\" src=\"https:\/\/anchanto.com\/wp-content\/uploads\/2024\/07\/Anchanto-Customer-Logo-Stanley-Black-Decker.svg\" alt=\"STANLEY BLACK &amp; DECKER\">\n                                                    <\/div>\n                                            <div class=\"join-slide\">\n                                                            <img decoding=\"async\" src=\"https:\/\/anchanto.com\/wp-content\/uploads\/2024\/07\/Anchanto-Customer-Logo-ecco.svg\" alt=\"ECCO\">\n                                                    <\/div>\n                                            <div class=\"join-slide\">\n                                                            <img decoding=\"async\" src=\"https:\/\/anchanto.com\/wp-content\/uploads\/2024\/07\/Anchanto-Customer-Logo-Zenyum.svg\" alt=\"ZENYUM\">\n                                                    <\/div>\n                                            <div class=\"join-slide\">\n                                                            <img decoding=\"async\" src=\"https:\/\/anchanto.com\/wp-content\/uploads\/2024\/07\/Anchanto-Customer-Logo-Ninja-Van.svg\" alt=\"NINJA VAN\">\n                                                    <\/div>\n                                            <div class=\"join-slide\">\n                                                            <img decoding=\"async\" src=\"https:\/\/anchanto.com\/wp-content\/uploads\/2024\/07\/Anchanto-Customer-Logo-Lion-Parcel.svg\" alt=\"LION PARCEL\">\n                                                    <\/div>\n                                            <div class=\"join-slide\">\n                                                    <\/div>\n                                            <div class=\"join-slide\">\n                                                    <\/div>\n                                            <div class=\"join-slide\">\n                                                    <\/div>\n                                            <div class=\"join-slide\">\n                                                    <\/div>\n                                            <div class=\"join-slide\">\n                                                    <\/div>\n                                            <div class=\"join-slide\">\n                                                    <\/div>\n                                            <div class=\"join-slide\">\n                                                    <\/div>\n                                            <div class=\"join-slide\">\n                                                    <\/div>\n                                            <div class=\"join-slide\">\n                                                    <\/div>\n                                            <div class=\"join-slide\">\n                                                    <\/div>\n                                            <div class=\"join-slide\">\n                                                            <img decoding=\"async\" src=\"https:\/\/anchanto.com\/wp-content\/uploads\/2024\/07\/Anchanto-Customer-Logo-PG.svg\" alt=\"P&amp;G\">\n                                                    <\/div>\n                                            <div class=\"join-slide\">\n                                                            <img decoding=\"async\" src=\"https:\/\/anchanto.com\/wp-content\/uploads\/2024\/07\/Anchanto-Customer-Logo-Loreal.svg\" alt=\"L&#8217;Or\u00e9al\">\n                                                    <\/div>\n                                            <div class=\"join-slide\">\n                                                            <img decoding=\"async\" src=\"https:\/\/anchanto.com\/wp-content\/uploads\/2024\/07\/Anchanto-Customer-Logo-Estee-Lauder.svg\" alt=\"ESTEE LAUDER\">\n                                                    <\/div>\n                                            <div class=\"join-slide\">\n                                                            <img decoding=\"async\" src=\"https:\/\/anchanto.com\/wp-content\/uploads\/2024\/07\/Anchanto-Customer-Logo-Panasonic.svg\" alt=\"PANASONIC\">\n                                                    <\/div>\n                                            <div class=\"join-slide\">\n                                                            <img decoding=\"async\" src=\"https:\/\/anchanto.com\/wp-content\/uploads\/2024\/07\/Anchanto-Customer-Logo-asendia.svg\" alt=\"ASENDIA\">\n                                                    <\/div>\n                                            <div class=\"join-slide\">\n                                                            <img decoding=\"async\" src=\"https:\/\/anchanto.com\/wp-content\/uploads\/2024\/07\/Anchanto-Customer-Logo-Skechers.svg\" alt=\"SKECHERS\">\n                                                    <\/div>\n                                    <\/div>\n            <\/div>\n        <\/div>\n    <\/div>\n    \n\n\n<div class=\"wp-block-anchanto-why-anchanto-slider\"><div class=\"block-row lg-row pb-0\"><div class=\"container\"><div class=\"title-row md-title-row\"><h2><span>&lt;strong>\u0110\u1ed0I T\u00c1C&lt;\/strong><\/span> T\u1ea1i sao n\u00ean h\u1ee3p t\u00e1c v\u1edbi Anchanto?<\/h2><\/div><div class=\"flex half-rightcap\"><div class=\"left-caption\"><ul class=\"pship-list\"><li><h5>Kh\u00f4ng c\u00f3 chi ph\u00ed \u0111\u0103ng k\u00fd<\/h5><p>\u0110\u00e2y l\u00e0 ch\u01b0\u01a1ng tr\u00ecnh kh\u00f4ng r\u1ee7i ro. Kh\u00f4ng c\u00f3 ph\u00ed \u1ea9n, hoa h\u1ed3ng 10% \u0111\u01b0\u1ee3c tr\u00edch cho vi\u1ec7c gi\u1edbi thi\u1ec7u d\u1ecbch v\u1ee5 c\u1ee7a Anchanto. \u0110\u01a1n gi\u1ea3n l\u00e0 nh\u01b0 v\u1eady. V\u00ec t\u1ea1i Anchanto, m\u1ed7i l\u1ea7n chia s\u1ebb l\u00e0 m\u1ed9t c\u01a1 h\u1ed9i \u0111\u1ec3 nh\u1eadn ph\u1ea7n th\u01b0\u1edfng.<\/p><\/li><li><h5>M\u1ed9t m\u1ea1ng l\u01b0\u1edbi ng\u00e0y c\u00e0ng ph\u00e1t tri\u1ec3n<\/h5><p>Anchanto c\u00f3 m\u1eb7t t\u1ea1i 11 qu\u1ed1c gia. V\u1edbi m\u1ed9t b\u1ed9 gi\u1ea3i ph\u00e1p s\u00e1ng t\u1ea1o to\u00e0n di\u1ec7n, Ch\u00fang t\u00f4i b\u1ea3o \u0111\u1ea3m s\u1ef1 t\u0103ng tr\u01b0\u1edfng \u1ed5n \u0111\u1ecbnh v\u00e0 th\u00e0nh c\u00f4ng l\u00e2u d\u00e0i cho doanh nghi\u1ec7p.<\/p><\/li><li><h5>Th\u00f4ng tin &amp; Ph\u1ea7n th\u01b0\u1edfng \u0111\u1ed9c quy\u1ec1n<\/h5><p>L\u00e0 \u0111\u1ed1i t\u00e1c gi\u1edbi thi\u1ec7u, b\u1ea1n s\u1ebd \u0111\u01b0\u1ee3c \u01b0u ti\u00ean ti\u1ebfp c\u1eadn nh\u1eefng th\u00f4ng tin \u0111\u1ed9c quy\u1ec1n v\u00e0 l\u00e0 ng\u01b0\u1eddi \u0111\u1ea7u ti\u00ean bi\u1ebft v\u1ec1 c\u00e1c s\u1ea3n ph\u1ea9m, s\u1ef1 ki\u1ec7n ra m\u1eaft v\u00e0 nh\u1eefng c\u1eadp nh\u1eadt m\u1edbi nh\u1ea5t t\u1eeb Anchanto.<\/p><\/li><\/ul><\/div><div class=\"right-caption\"><div class=\"img-card\" style=\"background:#2633AB\"><div class=\"img-card-body\"><ul class=\"pship-slider\"><li><figure><img decoding=\"async\" src=\"https:\/\/anchanto.com\/wp-content\/uploads\/2024\/07\/anchanto-leadership-charles-py-3.jpg?ver=1723030946\" alt=\"\"\/><\/figure><div class=\"caption\"><p>\u201cT\u1ea1i Anchanto, ch\u00fang t\u00f4i mong mu\u1ed1n x\u00e2y d\u1ef1ng m\u1ed9t c\u1ed9ng \u0111\u1ed3ng b\u1ec1n v\u1eefng cho t\u1ea5t c\u1ea3 c\u00e1c b\u00ean li\u00ean quan trong ng\u00e0nh th\u01b0\u01a1ng m\u1ea1i \u0111i\u1ec7n t\u1eed. D\u00f9 l\u00e0 qua c\u00e1c s\u1ef1 ki\u1ec7n \u0111\u1ed3ng th\u01b0\u01a1ng hi\u1ec7u, gi\u1edbi thi\u1ec7u, hay c\u00e1c chi\u1ebfn d\u1ecbch truy\u1ec1n th\u00f4ng \u0111a k\u00eanh, ch\u00fang t\u00f4i r\u1ea5t vui m\u1eebng \u0111\u01b0\u1ee3c h\u1ee3p t\u00e1c v\u1edbi b\u1ea5t k\u1ef3 doanh nghi\u1ec7p n\u00e0o s\u1eb5n s\u00e0ng ch\u1ee9ng minh gi\u00e1 tr\u1ecb cho c\u1ed9ng \u0111\u1ed3ng n\u00e0y.\u201d<\/p><\/div><div class=\"cap-footer\"><p>Charles PY<\/p><p>Gi\u00e1m \u0111\u1ed1c Marketing c\u1ee7a Anchanto<\/p><\/div><\/li><\/ul><\/div><\/div><\/div><\/div><\/div><\/div><\/div>\n\n\n\n<div class=\"wp-block-anchanto-why-anchanto-steps\"><div class=\"block-row lg-row pb-0\"><div class=\"container\"><div class=\"half-rightcap flex integaration-half\"><div class=\"left-caption\"><div class=\"title-row\"><h3><span>\u0110\u1ed0I T\u00c1C GI\u1edaI THI\u1ec6U<\/span>Quy tr\u00ecnh gi\u1edbi thi\u1ec7u c\u1ee7a ch\u00fang t\u00f4i trong 3 b\u01b0\u1edbc<\/h3><\/div><div class=\"partner-step\"><div class=\"partner-item\"><h5>B\u01b0\u1edbc 1 \u2013 \u0110\u0103ng k\u00fd<\/h5><p>\u0110\u0103ng k\u00fd l\u00e0m \u0110\u1ed1i t\u00e1c gi\u1edbi thi\u1ec7u b\u1eb1ng c\u00e1ch nh\u1ea5n v\u00e0o n\u00fat d\u01b0\u1edbi \u0111\u00e2y v\u00e0 chia s\u1ebb th\u00f4ng tin c\u1ee7a b\u1ea1n.<\/p><\/div><div class=\"partner-item\"><h5>B\u01b0\u1edbc 2 \u2013 K\u1ebft n\u1ed1i<\/h5><p>Chia s\u1ebb m\u1ed9t k\u1ebft n\u1ed1i c\u00f3 th\u1ec3 h\u01b0\u1edfng l\u1ee3i t\u1eeb c\u00e1c gi\u1ea3i ph\u00e1p c\u1ee7a Anchanto. B\u1ea1n c\u00f3 th\u1ec3 chia s\u1ebb qua email, \u0111i\u1ec7n tho\u1ea1i, ho\u1eb7c th\u1eadm ch\u00ed g\u1eb7p tr\u1ef1c ti\u1ebfp.<\/p><\/div><div class=\"partner-item\"><h5>B\u01b0\u1edbc 3 \u2013 Nh\u1eadn Th\u01b0\u1edfng<\/h5><p>Khi h\u1ecd tr\u1edf th\u00e0nh kh\u00e1ch h\u00e0ng, b\u1ea1n s\u1ebd nh\u1eadn \u0111\u01b0\u1ee3c hoa h\u1ed3ng 10% cho n\u0103m \u0111\u1ea7u ti\u00ean c\u1ee7a g\u00f3i \u0111\u0103ng k\u00fd c\u1ee7a h\u1ecd.<\/p><\/div><div class=\"btn-group\"><a href=\"https:\/\/anchanto.com\/talk-to-us\/\" class=\"btn-lg btn btn-bdr\">Tr\u1edf th\u00e0nh \u0111\u1ed1i t\u00e1c<\/a><\/div><\/div><\/div><div class=\"right-caption\"><figure class=\"img-round\"><img decoding=\"async\" src=\"https:\/\/anchanto.com\/wp-content\/uploads\/2024\/08\/anchanto-partnership-page-become-a-partner-image.png\" alt=\"Featured Image\"\/><\/figure><\/div><\/div><\/div><\/div><\/div>\n\n\n\n<div class=\"wp-block-anchanto-referral-partner\"><div class=\"gray-bg block-row pship-partner\"><div class=\"container\"><div class=\"half-rightcap flex\"><div class=\"left-caption\"><div class=\"anchanto-wrap\"><div class=\"radius-list\"><div class=\"radius-item\"><div class=\"title flex\"><img decoding=\"async\" src=\"https:\/\/anchanto.com\/wp-content\/uploads\/2024\/08\/logistic-network.svg\" width=\"20\" alt=\"\"\/><a class=\"btn btn-txt btn-arrow\">M\u1ea1ng l\u01b0\u1edbi Logistics<\/a><\/div><\/div><div class=\"radius-item\"><div class=\"title flex\"><img decoding=\"async\" src=\"https:\/\/anchanto.com\/wp-content\/uploads\/2024\/08\/customer-ecosystem.svg\" width=\"20\" alt=\"\"\/><a class=\"btn btn-txt btn-arrow\">H\u1ec7 sinh th\u00e1i kh\u00e1ch h\u00e0ng<\/a><\/div><\/div><div class=\"radius-item\"><div class=\"title flex\"><img decoding=\"async\" src=\"https:\/\/anchanto.com\/wp-content\/uploads\/2024\/08\/marketplace-webstore.svg\" width=\"20\" alt=\"\"\/><a class=\"btn btn-txt btn-arrow\">S\u00e0n TM\u0110T v\u00e0 C\u1eeda h\u00e0ng tr\u1ef1c tuy\u1ebfn<\/a><\/div><\/div><div class=\"radius-item\"><div class=\"title flex\"><img decoding=\"async\" src=\"https:\/\/anchanto.com\/wp-content\/uploads\/2024\/08\/point-of-sales.svg\" width=\"20\" alt=\"\"\/><a class=\"btn btn-txt btn-arrow\">\u0110i\u1ec3m b\u00e1n h\u00e0ng<\/a><\/div><\/div><div class=\"radius-item\"><div class=\"title flex\"><img decoding=\"async\" src=\"https:\/\/anchanto.com\/wp-content\/uploads\/2024\/08\/social-commerce.svg\" width=\"20\" alt=\"\"\/><a class=\"btn btn-txt btn-arrow\">Th\u01b0\u01a1ng m\u1ea1i x\u00e3 h\u1ed9i<\/a><\/div><\/div><div class=\"radius-item\"><div class=\"title flex\"><img decoding=\"async\" src=\"https:\/\/anchanto.com\/wp-content\/uploads\/2024\/08\/accounting-tools.svg\" width=\"20\" alt=\"\"\/><a class=\"btn btn-txt btn-arrow\">C\u00f4ng c\u1ee5 k\u1ebf to\u00e1n<\/a><\/div><\/div><div class=\"radius-item\"><div class=\"title flex\"><img decoding=\"async\" src=\"https:\/\/anchanto.com\/wp-content\/uploads\/2024\/08\/shipping-carriers.svg\" width=\"20\" alt=\"\"\/><a class=\"btn btn-txt btn-arrow\">\u0110\u01a1n v\u1ecb v\u1eadn chuy\u1ec3n<\/a><\/div><\/div><\/div><div class=\"logo-white\"><img decoding=\"async\" src=\"https:\/\/anchanto.com\/wp-content\/uploads\/2024\/07\/anchanto-white.png\" alt=\"Anchanto\"\/><\/div><\/div><\/div><div class=\"right-caption\"><div class=\"title-row\"><h3><span><strong>D\u00c0NH CHO AI<\/strong><\/span>Ai c\u00f3 th\u1ec3 tr\u1edf th\u00e0nh \u0110\u1ed1i t\u00e1c gi\u1edbi thi\u1ec7u c\u1ee7a Anchanto?<\/h3><\/div><p>N\u1ebfu b\u1ea1n bi\u1ebft ho\u1eb7c y\u00eau th\u00edch c\u00e1c gi\u1ea3i ph\u00e1p c\u1ee7a Anchanto v\u00e0 c\u00f3 nh\u1eefng m\u1ed1i li\u00ean h\u1ec7 c\u00f3 th\u1ec3 h\u01b0\u1edfng l\u1ee3i t\u1eeb c\u00e1c d\u1ecbch v\u1ee5 c\u1ee7a ch\u00fang t\u00f4i, b\u1ea1n c\u00f3 th\u1ec3 tr\u1edf th\u00e0nh \u0111\u1ed1i t\u00e1c.<br><br>\u0110\u1ed1i t\u00e1c gi\u1edbi thi\u1ec7u c\u00f3 th\u1ec3 l\u00e0 m\u1ed9t c\u00e1 nh\u00e2n trong m\u1ed9t t\u1ed5 ch\u1ee9c, ho\u1eb7c l\u00e0 m\u1ed9t kh\u00e1ch h\u00e0ng hi\u1ec7n t\u1ea1i c\u1ee7a Anchanto, nh\u1eefng b\u00ean c\u00f3 th\u1ec3 gi\u00fap ch\u00fang t\u00f4i k\u1ebft n\u1ed1i v\u1edbi c\u00e1c doanh nghi\u1ec7p c\u1ea7n gi\u1ea3i ph\u00e1p c\u00f4ng ngh\u1ec7 th\u01b0\u01a1ng m\u1ea1i \u0111i\u1ec7n t\u1eed v\u00e0 logistics.<br><br>V\u1edbi t\u01b0 c\u00e1ch l\u00e0 \u0111\u1ed1i t\u00e1c, b\u1ea1n s\u1ebd ch\u1ee7 \u0111\u1ed9ng chia s\u1ebb ki\u1ebfn th\u1ee9c v\u1ec1 Anchanto v\u00e0 k\u1ebft n\u1ed1i ch\u00fang t\u00f4i v\u1edbi c\u00e1c kh\u00e1ch h\u00e0ng ti\u1ec1m n\u0103ng c\u00f3 th\u1ec3 h\u01b0\u1edfng l\u1ee3i t\u1eeb c\u00e1c s\u1ea3n ph\u1ea9m c\u1ee7a ch\u00fang t\u00f4i. B\u1ea1n s\u1ebd nh\u1eadn \u0111\u01b0\u1ee3c ph\u1ea7n th\u01b0\u1edfng khi h\u1ecd tr\u1edf th\u00e0nh kh\u00e1ch h\u00e0ng.<br><\/p><\/div><\/div><\/div><\/div><\/div>\n\n\n\n<div class=\"wp-block-anchanto-investors-logos-lite pt-100\"><div class=\"block-row\"><div class=\"container\"><div class=\"title-row text-center\"><h2><span>\u0110\u1ed0I T\u00c1C<\/span>\u0110\u1ed0I T\u00c1C C\u1ee6A CH\u00daNG T\u00d4I<\/h2><a href=\"https:\/\/anchanto.com\/contact\/\" class=\"btn btn-brand btn-lg\"><span>T\u00ecm hi\u1ec3u th\u00eam<\/span><\/a><\/div><div class=\"investor-list flex\"><div class=\"investor-item\"><figure><img decoding=\"async\" src=\"https:\/\/anchanto.com\/wp-content\/uploads\/2024\/08\/anchanto-partnership-page-Qashflo-logo.svg.svg\" alt=\"Investor Logo\"\/><\/figure><\/div><div class=\"investor-item\"><figure><img decoding=\"async\" src=\"https:\/\/anchanto.com\/wp-content\/uploads\/2024\/08\/anchanto-partnership-page-payplug-logo.svg.svg\" alt=\"Investor Logo\"\/><\/figure><\/div><div class=\"investor-item\"><figure><img decoding=\"async\" src=\"https:\/\/anchanto.com\/wp-content\/uploads\/2024\/08\/anchanto-partnership-page-octopia-logo.svg.svg\" alt=\"Investor Logo\"\/><\/figure><\/div><div class=\"investor-item\"><figure><img decoding=\"async\" src=\"https:\/\/anchanto.com\/wp-content\/uploads\/2024\/08\/anchanto-partnership-page-mirakl-logo.svg.svg\" alt=\"Investor Logo\"\/><\/figure><\/div><div class=\"investor-item\"><figure><img decoding=\"async\" src=\"https:\/\/anchanto.com\/wp-content\/uploads\/2024\/08\/anchanto-partnership-page-madsoft-logo.svg.svg\" alt=\"Investor Logo\"\/><\/figure><\/div><div class=\"investor-item\"><figure><img decoding=\"async\" src=\"https:\/\/anchanto.com\/wp-content\/uploads\/2024\/08\/anchanto-partnership-page-laposte-logo.svg.svg\" alt=\"Investor Logo\"\/><\/figure><\/div><div class=\"investor-item\"><figure><img decoding=\"async\" src=\"https:\/\/anchanto.com\/wp-content\/uploads\/2024\/08\/anchanto-partnership-page-jit-logo.svg.svg\" alt=\"Investor Logo\"\/><\/figure><\/div><div class=\"investor-item\"><figure><img decoding=\"async\" src=\"https:\/\/anchanto.com\/wp-content\/uploads\/2024\/08\/anchanto-partnership-page-iziflux-logo.svg\" alt=\"Investor Logo\"\/><\/figure><\/div><div class=\"investor-item\"><figure><img decoding=\"async\" src=\"https:\/\/anchanto.com\/wp-content\/uploads\/2024\/08\/anchanto-partnership-page-digitalog-logo.svg.svg\" alt=\"Investor Logo\"\/><\/figure><\/div><div class=\"investor-item\"><figure><img decoding=\"async\" src=\"https:\/\/anchanto.com\/wp-content\/uploads\/2024\/08\/anchanto-partnership-page-delivengo-logo.svg\" alt=\"Investor Logo\"\/><\/figure><\/div><\/div><\/div><\/div><\/div>\n","protected":false},"excerpt":{"rendered":"","protected":false},"author":1,"featured_media":0,"parent":0,"menu_order":0,"comment_status":"closed","ping_status":"closed","template":"template\/custom-template.php","meta":{"_acf_changed":false,"footnotes":""},"class_list":["post-103665","page","type-page","status-publish","hentry"],"acf":false,"_links":{"self":[{"href":"https:\/\/prod-qa.anchanto.com\/vn-vn\/wp-json\/wp\/v2\/pages\/103665","targetHints":{"allow":["GET"]}}],"collection":[{"href":"https:\/\/prod-qa.anchanto.com\/vn-vn\/wp-json\/wp\/v2\/pages"}],"about":[{"href":"https:\/\/prod-qa.anchanto.com\/vn-vn\/wp-json\/wp\/v2\/types\/page"}],"author":[{"embeddable":true,"href":"https:\/\/prod-qa.anchanto.com\/vn-vn\/wp-json\/wp\/v2\/users\/1"}],"replies":[{"embeddable":true,"href":"https:\/\/prod-qa.anchanto.com\/vn-vn\/wp-json\/wp\/v2\/comments?post=103665"}],"version-history":[{"count":5,"href":"https:\/\/prod-qa.anchanto.com\/vn-vn\/wp-json\/wp\/v2\/pages\/103665\/revisions"}],"predecessor-version":[{"id":106973,"href":"https:\/\/prod-qa.anchanto.com\/vn-vn\/wp-json\/wp\/v2\/pages\/103665\/revisions\/106973"}],"wp:attachment":[{"href":"https:\/\/prod-qa.anchanto.com\/vn-vn\/wp-json\/wp\/v2\/media?parent=103665"}],"curies":[{"name":"wp","href":"https:\/\/api.w.org\/{rel}","templated":true}]}}