{"id":103652,"date":"2024-08-10T01:22:13","date_gmt":"2024-08-09T19:52:13","guid":{"rendered":"https:\/\/anchanto.com\/talk-to-us\/"},"modified":"2025-01-06T14:27:00","modified_gmt":"2025-01-06T08:57:00","slug":"talk-to-us","status":"publish","type":"page","link":"https:\/\/prod-qa.anchanto.com\/vn-vn\/talk-to-us\/","title":{"rendered":"Li\u00ean h\u1ec7 ngay"},"content":{"rendered":"    <div class=\"partner-wrap\">\n        <div class=\"container\">\n            <div class=\"partner-sticky\">\n                <div class=\"left-area\">\n                    <h1>Li\u00ean h\u1ec7 v\u1edbi Anchanto<\/h1>\n                    <div class=\"partner-step\">\n                                                    <div class=\"partner-item\">\n                                <h5>Li\u00ean h\u1ec7 v\u1edbi \u0111\u1ed9i ng\u0169 c\u1ee7a ch\u00fang t\u00f4i \u0111\u1ec3 t\u00ecm hi\u1ec3u th\u00eam v\u1ec1 c\u00e1c gi\u1ea3i ph\u00e1p ho\u1eb7c l\u00ean k\u1ebf ho\u1ea1ch cho m\u1ed9t bu\u1ed5i h\u1ed9i th\u1ea3o.<\/h5>\n                                <p><\/p>\n                            <\/div>\n                                                    <div class=\"partner-item\">\n                                <h5>Vui l\u00f2ng cho ch\u00fang t\u00f4i bi\u1ebft v\u1ec1 nh\u1eefng th\u00e1ch th\u1ee9c m\u00e0 b\u1ea1n \u0111ang g\u1eb7p ph\u1ea3i v\u00e0 c\u00e1c chi\u1ebfn l\u01b0\u1ee3c b\u1ea1n mu\u1ed1n tri\u1ec3n khai trong bi\u1ec3u m\u1eabu li\u00ean h\u1ec7. <\/h5>\n                                <p><\/p>\n                            <\/div>\n                                                    <div class=\"partner-item\">\n                                <h5><\/h5>\n                                <p><\/p>\n                            <\/div>\n                                                    <div class=\"partner-item\">\n                                <h5>M\u1ed9t th\u00e0nh vi\u00ean t\u1eeb m\u1ed9t trong 11 v\u0103n ph\u00f2ng tr\u00ean to\u00e0n th\u1ebf gi\u1edbi c\u1ee7a ch\u00fang t\u00f4i s\u1ebd s\u1edbm li\u00ean h\u1ec7 v\u1edbi b\u1ea1n.<\/h5>\n                                <p><\/p>\n                            <\/div>\n                                            <\/div>\n                <\/div>\n                <div class=\"form-area\">\n                                        <h4>Th\u00f4ng tin li\u00ean h\u1ec7<\/h4>\n                                        <div class=\"form-group\">\n                        <script type=\"text\/javascript\">\n\/* <![CDATA[ *\/\nvar gform;gform||(document.addEventListener(\"gform_main_scripts_loaded\",function(){gform.scriptsLoaded=!0}),document.addEventListener(\"gform\/theme\/scripts_loaded\",function(){gform.themeScriptsLoaded=!0}),window.addEventListener(\"DOMContentLoaded\",function(){gform.domLoaded=!0}),gform={domLoaded:!1,scriptsLoaded:!1,themeScriptsLoaded:!1,isFormEditor:()=>\"function\"==typeof InitializeEditor,callIfLoaded:function(o){return!(!gform.domLoaded||!gform.scriptsLoaded||!gform.themeScriptsLoaded&&!gform.isFormEditor()||(gform.isFormEditor()&&console.warn(\"The use of gform.initializeOnLoaded() is deprecated in the form editor context and will be removed in Gravity Forms 3.1.\"),o(),0))},initializeOnLoaded:function(o){gform.callIfLoaded(o)||(document.addEventListener(\"gform_main_scripts_loaded\",()=>{gform.scriptsLoaded=!0,gform.callIfLoaded(o)}),document.addEventListener(\"gform\/theme\/scripts_loaded\",()=>{gform.themeScriptsLoaded=!0,gform.callIfLoaded(o)}),window.addEventListener(\"DOMContentLoaded\",()=>{gform.domLoaded=!0,gform.callIfLoaded(o)}))},hooks:{action:{},filter:{}},addAction:function(o,r,e,t){gform.addHook(\"action\",o,r,e,t)},addFilter:function(o,r,e,t){gform.addHook(\"filter\",o,r,e,t)},doAction:function(o){gform.doHook(\"action\",o,arguments)},applyFilters:function(o){return gform.doHook(\"filter\",o,arguments)},removeAction:function(o,r){gform.removeHook(\"action\",o,r)},removeFilter:function(o,r,e){gform.removeHook(\"filter\",o,r,e)},addHook:function(o,r,e,t,n){null==gform.hooks[o][r]&&(gform.hooks[o][r]=[]);var d=gform.hooks[o][r];null==n&&(n=r+\"_\"+d.length),gform.hooks[o][r].push({tag:n,callable:e,priority:t=null==t?10:t})},doHook:function(r,o,e){var t;if(e=Array.prototype.slice.call(e,1),null!=gform.hooks[r][o]&&((o=gform.hooks[r][o]).sort(function(o,r){return o.priority-r.priority}),o.forEach(function(o){\"function\"!=typeof(t=o.callable)&&(t=window[t]),\"action\"==r?t.apply(null,e):e[0]=t.apply(null,e)})),\"filter\"==r)return e[0]},removeHook:function(o,r,t,n){var e;null!=gform.hooks[o][r]&&(e=(e=gform.hooks[o][r]).filter(function(o,r,e){return!!(null!=n&&n!=o.tag||null!=t&&t!=o.priority)}),gform.hooks[o][r]=e)}});\n\/* ]]> *\/\n<\/script>\n\n                <div class='gf_browser_gecko gform_wrapper gravity-theme gform-theme--no-framework' data-form-theme='gravity-theme' data-form-index='0' id='gform_wrapper_19' ><div id='gf_19' class='gform_anchor' tabindex='-1'><\/div>\n                        <div class='gform_heading'>\n\t\t\t\t\t\t\t<p class='gform_required_legend'>&quot;<span class=\"gfield_required gfield_required_asterisk\">*<\/span>&quot; indicates required fields<\/p>\n                        <\/div><form method='post' enctype='multipart\/form-data' target='gform_ajax_frame_19' id='gform_19'  action='\/vn-vn\/wp-json\/wp\/v2\/pages\/103652#gf_19' data-formid='19' novalidate>\n                        <div class='gform-body gform_body'><div id='gform_fields_19' class='gform_fields top_label form_sublabel_below description_below validation_below'><div id=\"field_19_18\" class=\"gfield gfield--type-honeypot gform_validation_container field_sublabel_below gfield--has-description field_description_below field_validation_below gfield_visibility_visible\"  ><label class='gfield_label gform-field-label' for='input_19_18'>Comments<\/label><div class='ginput_container'><input name='input_18' id='input_19_18' type='text' value='' autocomplete='new-password'\/><\/div><div class='gfield_description' id='gfield_description_19_18'>This field is for validation purposes and should be left unchanged.<\/div><\/div><div id=\"field_19_1\" class=\"gfield gfield--type-text gfield--input-type-text gfield--width-half fitem gfield_contains_required field_sublabel_below gfield--no-description field_description_below field_validation_below gfield_visibility_visible\"  ><label class='gfield_label gform-field-label' for='input_19_1'>T\u00ean<span class=\"gfield_required\"><span class=\"gfield_required gfield_required_asterisk\">*<\/span><\/span><\/label><div class='ginput_container ginput_container_text'><input name='input_1' id='input_19_1' type='text' value='' class='large'   tabindex='49'  aria-required=\"true\" aria-invalid=\"false\"   \/><\/div><\/div><div id=\"field_19_3\" class=\"gfield gfield--type-text gfield--input-type-text gfield--width-half fitem gfield_contains_required field_sublabel_below gfield--no-description field_description_below field_validation_below gfield_visibility_visible\"  ><label class='gfield_label gform-field-label' for='input_19_3'>H\u1ecd<span class=\"gfield_required\"><span class=\"gfield_required gfield_required_asterisk\">*<\/span><\/span><\/label><div class='ginput_container ginput_container_text'><input name='input_3' id='input_19_3' type='text' value='' class='large'   tabindex='50'  aria-required=\"true\" aria-invalid=\"false\"   \/><\/div><\/div><div id=\"field_19_5\" class=\"gfield gfield--type-email gfield--input-type-email gfield--width-half fitem gfield_contains_required field_sublabel_below gfield--no-description field_description_below field_validation_below gfield_visibility_visible\"  ><label class='gfield_label gform-field-label' for='input_19_5'>Email Doanh Nghi\u1ec7p<span class=\"gfield_required\"><span class=\"gfield_required gfield_required_asterisk\">*<\/span><\/span><\/label><div class='ginput_container ginput_container_email'>\n                            <input name='input_5' id='input_19_5' type='email' value='' class='large' tabindex='51'   aria-required=\"true\" aria-invalid=\"false\"  \/>\n                        <\/div><\/div><div id=\"field_19_14\" class=\"gfield gfield--type-phone gfield--input-type-phone gfield--width-half fitem gfield_contains_required field_sublabel_below gfield--no-description field_description_below field_validation_below gfield_visibility_visible pcafe_sp_field\"  data-field-class=\"pcafe_sp_field\" ><label class='gfield_label gform-field-label' for='input_19_14'>S\u1ed1 \u0110i\u1ec7n Tho\u1ea1i<span class=\"gfield_required\"><span class=\"gfield_required gfield_required_asterisk\">*<\/span><\/span><\/label><div class='ginput_container ginput_container_phone'><span class='spf-phone error-msg hide'><\/span><span class='spf-phone valid-msg hide'><\/span><input name='input_14' id='input_19_14' type='tel' value='' class='large' tabindex='52'  aria-required=\"true\" aria-invalid=\"false\"   \/><\/div><\/div><div id=\"field_19_6\" class=\"gfield gfield--type-text gfield--input-type-text gfield--width-full fitem gfield_contains_required field_sublabel_below gfield--no-description field_description_below field_validation_below gfield_visibility_visible\"  ><label class='gfield_label gform-field-label' for='input_19_6'>T\u00ean Doanh Nghi\u1ec7p<span class=\"gfield_required\"><span class=\"gfield_required gfield_required_asterisk\">*<\/span><\/span><\/label><div class='ginput_container ginput_container_text'><input name='input_6' id='input_19_6' type='text' value='' class='large'   tabindex='53'  aria-required=\"true\" aria-invalid=\"false\"   \/><\/div><\/div><div id=\"field_19_15\" class=\"gfield gfield--type-textarea gfield--input-type-textarea gfield--width-full gfield_contains_required field_sublabel_below gfield--no-description field_description_below field_validation_below gfield_visibility_visible\"  ><label class='gfield_label gform-field-label' for='input_19_15'>H\u00e3y k\u1ec3 cho ch\u00fang t\u00f4i v\u1ea5n \u0111\u1ec1 c\u1ee7a b\u1ea1n ?<span class=\"gfield_required\"><span class=\"gfield_required gfield_required_asterisk\">*<\/span><\/span><\/label><div class='ginput_container ginput_container_textarea'><textarea name='input_15' id='input_19_15' class='textarea small' tabindex='54'    aria-required=\"true\" aria-invalid=\"false\"   rows='10' cols='50'><\/textarea><\/div><\/div><fieldset id=\"field_19_17\" class=\"gfield gfield--type-checkbox gfield--type-choice gfield--input-type-checkbox gdpr_label gfield_contains_required field_sublabel_below gfield--no-description field_description_below field_validation_below gfield_visibility_visible\"  ><legend class='gfield_label gform-field-label gfield_label_before_complex' >Ch\u00ednh s\u00e1ch B\u1ea3o v\u1ec7 d\u1eef li\u1ec7u &amp; Quy\u1ec1n ri\u00eang t\u01b0<span class=\"gfield_required\"><span class=\"gfield_required gfield_required_asterisk\">*<\/span><\/span><\/legend><div class='ginput_container ginput_container_checkbox'><div class='gfield_checkbox ' id='input_19_17'><div class='gchoice gchoice_19_17_1'>\n\t\t\t\t\t\t\t\t<input class='gfield-choice-input' name='input_17.1' type='checkbox'  value='T\u00f4i \u0111\u1ed3ng \u00fd v\u1edbi c\u00e1c \u0110i\u1ec1u kho\u1ea3n &amp; \u0110i\u1ec1u ki\u1ec7n \u0111\u01b0\u1ee3c \u0111\u1ec1 c\u1eadp trong &lt;a href=&quot;https:\/\/anchanto.com\/data-protection-policies\/&quot;&gt;Ch\u00ednh s\u00e1ch b\u1ea3o v\u1ec7 d\u1eef li\u1ec7u &amp; quy\u1ec1n ri\u00eang t\u01b0.&lt;\/a&gt;'  id='choice_19_17_1' tabindex='55'  \/>\n\t\t\t\t\t\t\t\t<label for='choice_19_17_1' id='label_19_17_1' class='gform-field-label gform-field-label--type-inline'>T\u00f4i \u0111\u1ed3ng \u00fd v\u1edbi c\u00e1c \u0110i\u1ec1u kho\u1ea3n &amp; \u0110i\u1ec1u ki\u1ec7n \u0111\u01b0\u1ee3c \u0111\u1ec1 c\u1eadp trong <a href=\"https:\/\/anchanto.com\/data-protection-policies\/\">Ch\u00ednh s\u00e1ch b\u1ea3o v\u1ec7 d\u1eef li\u1ec7u &amp; quy\u1ec1n ri\u00eang t\u01b0.<\/a><\/label>\n\t\t\t\t\t\t\t<\/div><\/div><\/div><\/fieldset><\/div><\/div>\n        <div class='gform-footer gform_footer top_label'> <input type='submit' id='gform_submit_button_19' class='gform_button button' onclick='gform.submission.handleButtonClick(this);' data-submission-type='submit' value='\u0110\u0103ng k\u00fd ngay' tabindex='56' \/> <input type='hidden' name='gform_ajax' value='form_id=19&amp;title=&amp;description=&amp;tabindex=49&amp;theme=gravity-theme&amp;styles=[]&amp;hash=be2c2d1e0ec01691c0fc58524a658166' \/>\n            <input type='hidden' class='gform_hidden' name='gform_submission_method' data-js='gform_submission_method_19' value='iframe' \/>\n            <input type='hidden' class='gform_hidden' name='gform_theme' data-js='gform_theme_19' id='gform_theme_19' value='gravity-theme' \/>\n            <input type='hidden' class='gform_hidden' name='gform_style_settings' data-js='gform_style_settings_19' id='gform_style_settings_19' value='[]' \/>\n            <input type='hidden' class='gform_hidden' name='is_submit_19' value='1' \/>\n            <input type='hidden' class='gform_hidden' name='gform_submit' value='19' \/>\n            \n            <input type='hidden' class='gform_hidden' name='gform_unique_id' value='' \/>\n            <input type='hidden' class='gform_hidden' name='state_19' value='WyJ7XCIxNy4xXCI6XCI0YjA1ZjM3MDJhYTcxOTliYmYwNmVlMjM5ZjYyMjgxOVwifSIsIjZiNWU2Mjk4YmViOTQ2NzU2YmE1MmY2OTlhNjY1YmRjIl0=' \/>\n            <input type='hidden' autocomplete='off' class='gform_hidden' name='gform_target_page_number_19' id='gform_target_page_number_19' value='0' \/>\n            <input type='hidden' autocomplete='off' class='gform_hidden' name='gform_source_page_number_19' id='gform_source_page_number_19' value='1' \/>\n            <input type='hidden' name='gform_field_values' value='' \/>\n            \n        <\/div>\n                        <\/form>\n                        <\/div>\n\t\t                <iframe style='display:none;width:0px;height:0px;' src='about:blank' name='gform_ajax_frame_19' id='gform_ajax_frame_19' title='This iframe contains the logic required to handle Ajax powered Gravity Forms.'><\/iframe>\n\t\t                <script type=\"text\/javascript\">\n\/* <![CDATA[ *\/\n gform.initializeOnLoaded( function() {gformInitSpinner( 19, 'https:\/\/prod-qa.anchanto.com\/wp-content\/plugins\/gravityforms\/images\/spinner.svg', true );jQuery('#gform_ajax_frame_19').on('load',function(){var contents = jQuery(this).contents().find('*').html();var is_postback = contents.indexOf('GF_AJAX_POSTBACK') >= 0;if(!is_postback){return;}var form_content = jQuery(this).contents().find('#gform_wrapper_19');var is_confirmation = jQuery(this).contents().find('#gform_confirmation_wrapper_19').length > 0;var is_redirect = contents.indexOf('gformRedirect(){') >= 0;var is_form = form_content.length > 0 && ! is_redirect && ! is_confirmation;var mt = parseInt(jQuery('html').css('margin-top'), 10) + parseInt(jQuery('body').css('margin-top'), 10) + 100;if(is_form){jQuery('#gform_wrapper_19').html(form_content.html());if(form_content.hasClass('gform_validation_error')){jQuery('#gform_wrapper_19').addClass('gform_validation_error');} else {jQuery('#gform_wrapper_19').removeClass('gform_validation_error');}setTimeout( function() { \/* delay the scroll by 50 milliseconds to fix a bug in chrome *\/ jQuery(document).scrollTop(jQuery('#gform_wrapper_19').offset().top - mt); }, 50 );if(window['gformInitDatepicker']) {gformInitDatepicker();}if(window['gformInitPriceFields']) {gformInitPriceFields();}var current_page = jQuery('#gform_source_page_number_19').val();gformInitSpinner( 19, 'https:\/\/prod-qa.anchanto.com\/wp-content\/plugins\/gravityforms\/images\/spinner.svg', true );jQuery(document).trigger('gform_page_loaded', [19, current_page]);window['gf_submitting_19'] = false;}else if(!is_redirect){var confirmation_content = jQuery(this).contents().find('.GF_AJAX_POSTBACK').html();if(!confirmation_content){confirmation_content = contents;}jQuery('#gform_wrapper_19').replaceWith(confirmation_content);jQuery(document).scrollTop(jQuery('#gf_19').offset().top - mt);jQuery(document).trigger('gform_confirmation_loaded', [19]);window['gf_submitting_19'] = false;wp.a11y.speak(jQuery('#gform_confirmation_message_19').text());}else{jQuery('#gform_19').append(contents);if(window['gformRedirect']) {gformRedirect();}}jQuery(document).trigger(\"gform_pre_post_render\", [{ formId: \"19\", currentPage: \"current_page\", abort: function() { this.preventDefault(); } }]);        if (event && event.defaultPrevented) {                return;        }        const gformWrapperDiv = document.getElementById( \"gform_wrapper_19\" );        if ( gformWrapperDiv ) {            const visibilitySpan = document.createElement( \"span\" );            visibilitySpan.id = \"gform_visibility_test_19\";            gformWrapperDiv.insertAdjacentElement( \"afterend\", visibilitySpan );        }        const visibilityTestDiv = document.getElementById( \"gform_visibility_test_19\" );        let postRenderFired = false;        function triggerPostRender() {            if ( postRenderFired ) {                return;            }            postRenderFired = true;            gform.core.triggerPostRenderEvents( 19, current_page );            if ( visibilityTestDiv ) {                visibilityTestDiv.parentNode.removeChild( visibilityTestDiv );            }        }        function debounce( func, wait, immediate ) {            var timeout;            return function() {                var context = this, args = arguments;                var later = function() {                    timeout = null;                    if ( !immediate ) func.apply( context, args );                };                var callNow = immediate && !timeout;                clearTimeout( timeout );                timeout = setTimeout( later, wait );                if ( callNow ) func.apply( context, args );            };        }        const debouncedTriggerPostRender = debounce( function() {            triggerPostRender();        }, 200 );        if ( visibilityTestDiv && visibilityTestDiv.offsetParent === null ) {            const observer = new MutationObserver( ( mutations ) => {                mutations.forEach( ( mutation ) => {                    if ( mutation.type === 'attributes' && visibilityTestDiv.offsetParent !== null ) {                        debouncedTriggerPostRender();                        observer.disconnect();                    }                });            });            observer.observe( document.body, {                attributes: true,                childList: false,                subtree: true,                attributeFilter: [ 'style', 'class' ],            });        } else {            triggerPostRender();        }    } );} ); \n\/* ]]> *\/\n<\/script>\n                    <\/div>\n                <\/div>\n            <\/div>\n        <\/div>\n    <\/div>\n    \n\n\n<p><\/p>\n","protected":false},"excerpt":{"rendered":"","protected":false},"author":1,"featured_media":0,"parent":0,"menu_order":0,"comment_status":"closed","ping_status":"closed","template":"template\/custom-template.php","meta":{"_acf_changed":false,"footnotes":""},"class_list":["post-103652","page","type-page","status-publish","hentry"],"acf":false,"_links":{"self":[{"href":"https:\/\/prod-qa.anchanto.com\/vn-vn\/wp-json\/wp\/v2\/pages\/103652","targetHints":{"allow":["GET"]}}],"collection":[{"href":"https:\/\/prod-qa.anchanto.com\/vn-vn\/wp-json\/wp\/v2\/pages"}],"about":[{"href":"https:\/\/prod-qa.anchanto.com\/vn-vn\/wp-json\/wp\/v2\/types\/page"}],"author":[{"embeddable":true,"href":"https:\/\/prod-qa.anchanto.com\/vn-vn\/wp-json\/wp\/v2\/users\/1"}],"replies":[{"embeddable":true,"href":"https:\/\/prod-qa.anchanto.com\/vn-vn\/wp-json\/wp\/v2\/comments?post=103652"}],"version-history":[{"count":5,"href":"https:\/\/prod-qa.anchanto.com\/vn-vn\/wp-json\/wp\/v2\/pages\/103652\/revisions"}],"predecessor-version":[{"id":117190,"href":"https:\/\/prod-qa.anchanto.com\/vn-vn\/wp-json\/wp\/v2\/pages\/103652\/revisions\/117190"}],"wp:attachment":[{"href":"https:\/\/prod-qa.anchanto.com\/vn-vn\/wp-json\/wp\/v2\/media?parent=103652"}],"curies":[{"name":"wp","href":"https:\/\/api.w.org\/{rel}","templated":true}]}}