{"id":103651,"date":"2024-08-13T10:04:33","date_gmt":"2024-08-13T04:34:33","guid":{"rendered":"https:\/\/anchanto.com\/beware-of-scams\/"},"modified":"2025-08-14T10:12:09","modified_gmt":"2025-08-14T04:42:09","slug":"beware-of-scams","status":"publish","type":"page","link":"https:\/\/prod-qa.anchanto.com\/vn-vn\/beware-of-scams\/","title":{"rendered":"C\u1ea3nh gi\u00e1c L\u1eeba \u0111\u1ea3o"},"content":{"rendered":"\n<p>Ch\u00fang t\u00f4i tr\u00e2n tr\u1ecdng s\u1ef1 hi\u1ec7n di\u1ec7n c\u1ee7a b\u1ea1n tr\u00ean trang web c\u1ee7a Anchanto v\u00e0 mu\u1ed1n \u0111\u1ea3m b\u1ea3o tr\u1ea3i nghi\u1ec7m c\u1ee7a b\u1ea1n v\u1edbi ch\u00fang t\u00f4i \u0111\u01b0\u1ee3c an to\u00e0n v\u00e0 b\u1ea3o m\u1eadt. Tuy nhi\u00ean, g\u1ea7n \u0111\u00e2y ch\u00fang t\u00f4i \u0111\u00e3 nh\u1eadn th\u1ea5y nhi\u1ec1u chi\u00eau tr\u00f2 l\u1eeba \u0111\u1ea3o nh\u1eafm v\u00e0o kh\u00e1ch h\u00e0ng, nh\u00e2n vi\u00ean v\u00e0 ng\u01b0\u1eddi d\u00f9ng trang web c\u1ee7a Anchanto. \u0110i\u1ec1u quan tr\u1ecdng l\u00e0 b\u1ea1n ph\u1ea3i lu\u00f4n c\u1ea3nh gi\u00e1c v\u00e0 th\u1eadn tr\u1ecdng \u0111\u1ec3 b\u1ea3o v\u1ec7 b\u1ea3n th\u00e2n kh\u1ecfi tr\u1edf th\u00e0nh n\u1ea1n nh\u00e2n c\u1ee7a c\u00e1c ho\u1ea1t \u0111\u1ed9ng l\u1eeba \u0111\u1ea3o. Th\u00f4ng b\u00e1o n\u00e0y nh\u1eb1m m\u1ee5c \u0111\u00edch c\u1ea3nh b\u00e1o, n\u00e2ng cao nh\u1eadn th\u1ee9c v\u00e0 cung c\u1ea5p h\u01b0\u1edbng d\u1eabn v\u1ec1 c\u00e1c chi\u00eau tr\u00f2 l\u1eeba \u0111\u1ea3o ti\u1ec1m \u1ea9n m\u00e0 b\u1ea1n c\u1ea7n l\u01b0u t\u00e2m.<\/p>\n\n\n\n<p>Trang web c\u1ee7a Anchanto \u0111\u01b0\u1ee3c thi\u1ebft k\u1ebf \u0111\u1ec3 cung c\u1ea5p th\u00f4ng tin v\u1ec1 c\u00e1c d\u1ecbch v\u1ee5, gi\u1ea3i ph\u00e1p v\u00e0 c\u1eadp nh\u1eadt c\u1ee7a c\u00f4ng ty ch\u00fang t\u00f4i. Ch\u00fang t\u00f4i kh\u00f4ng tham gia v\u00e0o b\u1ea5t k\u1ef3 ho\u1ea1t \u0111\u1ed9ng n\u00e0o li\u00ean quan \u0111\u1ebfn vi\u1ec7c y\u00eau c\u1ea7u thanh to\u00e1n, \u00e2n hu\u1ec7 c\u00e1 nh\u00e2n ho\u1eb7c th\u00f4ng tin nh\u1ea1y c\u1ea3m t\u1eeb kh\u00e1ch truy c\u1eadp trang web.<\/p>\n\n\n\n<p>N\u1ebfu b\u1ea1n g\u1eb7p ph\u1ea3i b\u1ea5t k\u1ef3 y\u00eau c\u1ea7u ho\u1eb7c tr\u01b0\u1eddng h\u1ee3p \u0111\u00e1ng ng\u1edd n\u00e0o m\u00e0 ai \u0111\u00f3 t\u1ef1 x\u01b0ng l\u00e0 \u0111\u1ea1i di\u1ec7n c\u1ee7a Anchanto v\u00e0 y\u00eau c\u1ea7u ti\u1ec1n ho\u1eb7c \u00e2n hu\u1ec7, ch\u00fang t\u00f4i \u0111\u1eb7c bi\u1ec7t khuy\u00ean b\u1ea1n n\u00ean b\u1ecf qua nh\u1eefng y\u00eau c\u1ea7u \u0111\u00f3 v\u00e0 b\u00e1o c\u00e1o cho ch\u00fang t\u00f4i ngay l\u1eadp t\u1ee9c. S\u1ef1 h\u1ee3p t\u00e1c c\u1ee7a b\u1ea1n trong vi\u1ec7c gi\u00fap ch\u00fang t\u00f4i duy tr\u00ec c\u00e1c ti\u00eau chu\u1ea9n cao nh\u1ea5t v\u1ec1 s\u1ef1 ch\u00ednh tr\u1ef1c \u0111\u01b0\u1ee3c \u0111\u00e1nh gi\u00e1 cao.<\/p>\n\n\n\n<p><strong>V\u00ed d\u1ee5 v\u1ec1 c\u00e1c chi\u00eau tr\u00f2 l\u1eeba \u0111\u1ea3o c\u1ea7n \u0111\u1ec1 ph\u00f2ng:<\/strong><\/p>\n\n\n\n<ol start=\"1\" class=\"wp-block-list\">\n<li><strong>L\u1eeba \u0111\u1ea3o qua m\u1ea1ng (Phishing):<\/strong> K\u1ebb l\u1eeba \u0111\u1ea3o c\u00f3 th\u1ec3 m\u1ea1o danh Anchanto b\u1eb1ng c\u00e1ch g\u1eedi c\u00e1c email, tin nh\u1eafn ho\u1eb7c li\u00ean k\u1ebft gi\u1ea3 m\u1ea1o c\u00f3 v\u1ebb nh\u01b0 \u0111\u1ebfn t\u1eeb c\u00f4ng ty ch\u00fang t\u00f4i. Nh\u1eefng tin nh\u1eafn n\u00e0y c\u00f3 th\u1ec3 y\u00eau c\u1ea7u th\u00f4ng tin c\u00e1 nh\u00e2n, th\u00f4ng tin \u0111\u0103ng nh\u1eadp ho\u1eb7c chi ti\u1ebft t\u00e0i ch\u00ednh. H\u00e3y lu\u00f4n th\u1eadn tr\u1ecdng v\u1edbi c\u00e1c y\u00eau c\u1ea7u nh\u01b0 v\u1eady v\u00e0 ki\u1ec1m ch\u1ebf kh\u00f4ng cung c\u1ea5p th\u00f4ng tin nh\u1ea1y c\u1ea3m tr\u1eeb khi b\u1ea1n \u0111\u00e3 x\u00e1c minh t\u00ednh x\u00e1c th\u1ef1c c\u1ee7a th\u00f4ng tin li\u00ean l\u1ea1c.<\/li>\n\n\n\n<li><strong>L\u1eeba \u0111\u1ea3o tuy\u1ec3n d\u1ee5ng:<\/strong> Nh\u1eefng k\u1ebb l\u1eeba \u0111\u1ea3o c\u00f3 th\u1ec3 \u0111\u0103ng c\u00e1c qu\u1ea3ng c\u00e1o tuy\u1ec3n d\u1ee5ng gi\u1ea3 m\u1ea1o tr\u00ean trang web c\u1ee7a ch\u00fang t\u00f4i ho\u1eb7c c\u00e1c n\u1ec1n t\u1ea3ng kh\u00e1c, t\u1ef1 x\u01b0ng l\u00e0 \u0111\u1ea1i di\u1ec7n c\u1ee7a Anchanto. Nh\u1eefng chi\u00eau tr\u00f2 l\u1eeba \u0111\u1ea3o n\u00e0y nh\u1eb1m m\u1ee5c \u0111\u00edch thu th\u1eadp th\u00f4ng tin c\u00e1 nh\u00e2n ho\u1eb7c y\u00eau c\u1ea7u ph\u00ed tr\u1ea3 tr\u01b0\u1edbc t\u1eeb nh\u1eefng ng\u01b0\u1eddi t\u00ecm vi\u1ec7c kh\u00f4ng ch\u00fat nghi ng\u1edd. H\u00e3y nh\u1edb x\u00e1c minh t\u00ednh h\u1ee3p ph\u00e1p c\u1ee7a b\u1ea5t k\u1ef3 l\u1eddi m\u1eddi l\u00e0m vi\u1ec7c n\u00e0o tr\u01b0\u1edbc khi chia s\u1ebb th\u00f4ng tin c\u00e1 nh\u00e2n ho\u1eb7c th\u1ef1c hi\u1ec7n b\u1ea5t k\u1ef3 kho\u1ea3n thanh to\u00e1n n\u00e0o.<\/li>\n\n\n\n<li><strong>L\u1eeba \u0111\u1ea3o tr\u00fang gi\u1ea3i th\u01b0\u1edfng ho\u1eb7c x\u1ed5 s\u1ed1:<\/strong> H\u00e3y c\u1ea9n th\u1eadn v\u1edbi b\u1ea5t k\u1ef3 tin nh\u1eafn kh\u00f4ng mong mu\u1ed1n n\u00e0o tuy\u00ean b\u1ed1 r\u1eb1ng b\u1ea1n \u0111\u00e3 tr\u00fang gi\u1ea3i th\u01b0\u1edfng ho\u1eb7c x\u1ed5 s\u1ed1 li\u00ean quan \u0111\u1ebfn Anchanto. K\u1ebb l\u1eeba \u0111\u1ea3o c\u00f3 th\u1ec3 y\u00eau c\u1ea7u thanh to\u00e1n ho\u1eb7c th\u00f4ng tin c\u00e1 nh\u00e2n \u0111\u1ec3 gi\u1ea3i ng\u00e2n s\u1ed1 ti\u1ec1n th\u1eafng \u0111\u01b0\u1ee3c cho b\u1ea1n. Anchanto kh\u00f4ng tham gia v\u00e0o c\u00e1c ho\u1ea1t \u0111\u1ed9ng nh\u01b0 v\u1eady v\u00e0 b\u1ea5t k\u1ef3 th\u00f4ng tin li\u00ean l\u1ea1c n\u00e0o nh\u01b0 v\u1eady n\u00ean \u0111\u01b0\u1ee3c coi l\u00e0 l\u1eeba \u0111\u1ea3o.<\/li>\n\n\n\n<li><strong>L\u1eeba \u0111\u1ea3o h\u1ed7 tr\u1ee3 ho\u1eb7c b\u00e1n h\u00e0ng gi\u1ea3 m\u1ea1o:<\/strong> K\u1ebb l\u1eeba \u0111\u1ea3o c\u00f3 th\u1ec3 gi\u1ea3 l\u00e0m \u0111\u1ea1i di\u1ec7n h\u1ed7 tr\u1ee3 ho\u1eb7c \u0111\u1ea1i l\u00fd b\u00e1n h\u00e0ng c\u1ee7a Anchanto, li\u00ean h\u1ec7 \u0111\u1ec3 \u0111\u1ec1 ngh\u1ecb h\u1ed7 tr\u1ee3 ho\u1eb7c b\u00e1n s\u1ea3n ph\u1ea9m\/d\u1ecbch v\u1ee5. H\u1ecd c\u00f3 th\u1ec3 y\u00eau c\u1ea7u thanh to\u00e1n ho\u1eb7c quy\u1ec1n truy c\u1eadp v\u00e0o h\u1ec7 th\u1ed1ng c\u1ee7a b\u1ea1n, g\u00e2y ra r\u1ee7i ro \u0111\u00e1ng k\u1ec3 cho b\u1ea3o m\u1eadt v\u00e0 quy\u1ec1n ri\u00eang t\u01b0 c\u1ee7a b\u1ea1n. H\u00e3y lu\u00f4n x\u00e1c minh danh t\u00ednh c\u1ee7a c\u00e1c c\u00e1 nh\u00e2n t\u1ef1 x\u01b0ng l\u00e0 \u0111\u1ebfn t\u1eeb Anchanto v\u00e0 li\u00ean h\u1ec7 v\u1edbi c\u00e1c k\u00eanh ch\u00ednh th\u1ee9c c\u1ee7a ch\u00fang t\u00f4i \u0111\u1ec3 \u0111\u01b0\u1ee3c h\u1ed7 tr\u1ee3 ho\u1eb7c gi\u1ea3i \u0111\u00e1p c\u00e1c th\u1eafc m\u1eafc v\u1ec1 b\u00e1n h\u00e0ng.<\/li>\n<\/ol>\n\n\n\n<p><strong>C\u00e1ch t\u1ef1 b\u1ea3o v\u1ec7 b\u1ea3n th\u00e2n:<\/strong><\/p>\n\n\n\n<ol start=\"1\" class=\"wp-block-list\">\n<li><strong>C\u1ea3nh gi\u00e1c:<\/strong> H\u00e3y th\u1eadn tr\u1ecdng khi \u0111\u1ed1i ph\u00f3 v\u1edbi nh\u1eefng th\u00f4ng tin li\u00ean l\u1ea1c, l\u1eddi \u0111\u1ec1 ngh\u1ecb ho\u1eb7c y\u00eau c\u1ea7u th\u00f4ng tin c\u00e1 nh\u00e2n kh\u00f4ng \u0111\u01b0\u1ee3c y\u00eau c\u1ea7u. N\u1ebfu \u0111i\u1ec1u g\u00ec \u0111\u00f3 c\u00f3 v\u1ebb qu\u00e1 t\u1ed1t \u0111\u1ec3 l\u00e0 s\u1ef1 th\u1eadt ho\u1eb7c l\u00e0m d\u1ea5y l\u00ean s\u1ef1 nghi ng\u1edd, h\u00e3y tin v\u00e0o b\u1ea3n n\u0103ng c\u1ee7a m\u00ecnh v\u00e0 x\u00e1c minh t\u00ednh x\u00e1c th\u1ef1c c\u1ee7a ngu\u1ed3n.<\/li>\n\n\n\n<li><strong>X\u00e1c minh ngu\u1ed3n:<\/strong> Tr\u01b0\u1edbc khi cung c\u1ea5p th\u00f4ng tin c\u00e1 nh\u00e2n ho\u1eb7c th\u1ef1c hi\u1ec7n b\u1ea5t k\u1ef3 kho\u1ea3n thanh to\u00e1n n\u00e0o, h\u00e3y t\u1ef1 m\u00ecnh x\u00e1c minh t\u00ednh h\u1ee3p ph\u00e1p c\u1ee7a th\u00f4ng tin li\u00ean l\u1ea1c ho\u1eb7c l\u1eddi \u0111\u1ec1 ngh\u1ecb. Li\u00ean h\u1ec7 tr\u1ef1c ti\u1ebfp v\u1edbi Anchanto b\u1eb1ng c\u00e1ch s\u1eed d\u1ee5ng c\u00e1c chi ti\u1ebft li\u00ean h\u1ec7 ch\u00ednh th\u1ee9c c\u1ee7a ch\u00fang t\u00f4i \u0111\u1ec3 x\u00e1c nh\u1eadn t\u00ednh h\u1ee3p l\u1ec7 c\u1ee7a b\u1ea5t k\u1ef3 y\u00eau c\u1ea7u n\u00e0o.<\/li>\n\n\n\n<li><strong>Giao ti\u1ebfp an to\u00e0n:<\/strong> \u0110\u1ea3m b\u1ea3o r\u1eb1ng b\u1ea1n \u0111ang s\u1eed d\u1ee5ng c\u00e1c k\u1ebft n\u1ed1i an to\u00e0n khi t\u01b0\u01a1ng t\u00e1c v\u1edbi trang web c\u1ee7a ch\u00fang t\u00f4i ho\u1eb7c chia s\u1ebb th\u00f4ng tin nh\u1ea1y c\u1ea3m. H\u00e3y t\u00ecm bi\u1ec3u t\u01b0\u1ee3ng \u1ed5 kh\u00f3a tr\u00ean thanh \u0111\u1ecba ch\u1ec9 c\u1ee7a tr\u00ecnh duy\u1ec7t c\u1ee7a b\u1ea1n v\u00e0 s\u1eed d\u1ee5ng c\u00e1c k\u00eanh li\u00ean l\u1ea1c an to\u00e0n, ch\u00ednh th\u1ee9c.<\/li>\n\n\n\n<li><strong>Lu\u00f4n c\u1eadp nh\u1eadt th\u00f4ng tin:<\/strong> H\u00e3y t\u1ef1 c\u1eadp nh\u1eadt th\u00f4ng tin v\u1ec1 c\u00e1c chi\u00eau tr\u00f2 l\u1eeba \u0111\u1ea3o ph\u1ed5 bi\u1ebfn v\u00e0 t\u00ecm hi\u1ec3u v\u1ec1 c\u00e1c ph\u01b0\u01a1ng ph\u00e1p hay nh\u1ea5t \u0111\u1ec3 an to\u00e0n tr\u1ef1c tuy\u1ebfn. Th\u01b0\u1eddng xuy\u00ean xem l\u1ea1i trang web v\u00e0 c\u00e1c th\u00f4ng tin li\u00ean l\u1ea1c ch\u00ednh th\u1ee9c c\u1ee7a ch\u00fang t\u00f4i \u0111\u1ec3 bi\u1ebft b\u1ea5t k\u1ef3 c\u1ea3nh b\u00e1o ho\u1eb7c th\u00f4ng b\u00e1o b\u1ea3o m\u1eadt n\u00e0o.<\/li>\n<\/ol>\n\n\n\n<p>Anchanto coi tr\u1ecdng s\u1ef1 an to\u00e0n v\u00e0 ph\u00fac l\u1ee3i c\u1ee7a kh\u00e1ch truy c\u1eadp trang web. Ch\u00fang t\u00f4i \u0111ang t\u00edch c\u1ef1c tri\u1ec3n khai c\u00e1c bi\u1ec7n ph\u00e1p \u0111\u1ec3 t\u0103ng c\u01b0\u1eddng b\u1ea3o m\u1eadt trang web v\u00e0 gi\u1ea3m thi\u1ec3u r\u1ee7i ro l\u1eeba \u0111\u1ea3o. Tuy nhi\u00ean, \u0111i\u1ec1u quan tr\u1ecdng l\u00e0 b\u1ea1n ph\u1ea3i lu\u00f4n c\u1ea3nh gi\u00e1c v\u00e0 th\u1eadn tr\u1ecdng khi t\u01b0\u01a1ng t\u00e1c v\u1edbi n\u1ec1n t\u1ea3ng c\u1ee7a ch\u00fang t\u00f4i.<\/p>\n\n\n\n<p>N\u1ebfu b\u1ea1n g\u1eb7p b\u1ea5t k\u1ef3 ho\u1ea1t \u0111\u1ed9ng \u0111\u00e1ng ng\u1edd n\u00e0o ho\u1eb7c tin r\u1eb1ng m\u00ecnh \u0111\u00e3 g\u1eb7p ph\u1ea3i m\u1ed9t v\u1ee5 l\u1eeba \u0111\u1ea3o li\u00ean quan \u0111\u1ebfn Anchanto, vui l\u00f2ng b\u00e1o c\u00e1o cho ch\u00fang t\u00f4i ngay l\u1eadp t\u1ee9c th\u00f4ng qua c\u00e1c k\u00eanh ch\u00ednh th\u1ee9c c\u1ee7a ch\u00fang t\u00f4i.<\/p>\n\n\n\n<p>C\u1ea3m \u01a1n b\u1ea1n \u0111\u00e3 quan t\u00e2m \u0111\u1ebfn v\u1ea5n \u0111\u1ec1 n\u00e0y. B\u1eb1ng c\u00e1ch nh\u1eadn th\u1ee9c v\u00e0 ch\u1ee7 \u0111\u1ed9ng, ch\u00fang ta c\u00f3 th\u1ec3 c\u00f9ng nhau t\u1ea1o ra m\u1ed9t m\u00f4i tr\u01b0\u1eddng tr\u1ef1c tuy\u1ebfn an to\u00e0n h\u01a1n cho t\u1ea5t c\u1ea3 m\u1ecdi ng\u01b0\u1eddi.<\/p>\n","protected":false},"excerpt":{"rendered":"<p>Ch\u00fang t\u00f4i tr\u00e2n tr\u1ecdng s\u1ef1 hi\u1ec7n di\u1ec7n c\u1ee7a b\u1ea1n tr\u00ean trang web c\u1ee7a Anchanto v\u00e0 mu?&#8230;<\/p>\n","protected":false},"author":1,"featured_media":0,"parent":0,"menu_order":0,"comment_status":"closed","ping_status":"closed","template":"template-container.php","meta":{"_acf_changed":false,"footnotes":""},"class_list":["post-103651","page","type-page","status-publish","hentry"],"acf":false,"_links":{"self":[{"href":"https:\/\/prod-qa.anchanto.com\/vn-vn\/wp-json\/wp\/v2\/pages\/103651","targetHints":{"allow":["GET"]}}],"collection":[{"href":"https:\/\/prod-qa.anchanto.com\/vn-vn\/wp-json\/wp\/v2\/pages"}],"about":[{"href":"https:\/\/prod-qa.anchanto.com\/vn-vn\/wp-json\/wp\/v2\/types\/page"}],"author":[{"embeddable":true,"href":"https:\/\/prod-qa.anchanto.com\/vn-vn\/wp-json\/wp\/v2\/users\/1"}],"replies":[{"embeddable":true,"href":"https:\/\/prod-qa.anchanto.com\/vn-vn\/wp-json\/wp\/v2\/comments?post=103651"}],"version-history":[{"count":2,"href":"https:\/\/prod-qa.anchanto.com\/vn-vn\/wp-json\/wp\/v2\/pages\/103651\/revisions"}],"predecessor-version":[{"id":135626,"href":"https:\/\/prod-qa.anchanto.com\/vn-vn\/wp-json\/wp\/v2\/pages\/103651\/revisions\/135626"}],"wp:attachment":[{"href":"https:\/\/prod-qa.anchanto.com\/vn-vn\/wp-json\/wp\/v2\/media?parent=103651"}],"curies":[{"name":"wp","href":"https:\/\/api.w.org\/{rel}","templated":true}]}}