{"id":111612,"date":"2024-07-27T01:36:09","date_gmt":"2024-07-26T20:06:09","guid":{"rendered":"https:\/\/anchanto.com\/book-a-demo\/"},"modified":"2025-07-24T09:31:52","modified_gmt":"2025-07-24T04:01:52","slug":"book-a-demo","status":"publish","type":"page","link":"https:\/\/prod-qa.anchanto.com\/fr-fr\/book-a-demo\/","title":{"rendered":"Demander une d\u00e9mo"},"content":{"rendered":"    <div class=\"partner-wrap\">\n        <div class=\"container\">\n            <div class=\"partner-sticky\">\n                <div class=\"left-area\">\n                    <h1>D\u00e9couvrez Anchanto en action<\/h1>\n                    <div class=\"partner-step\">\n                                                    <div class=\"partner-item\">\n                                <h5>Remplissez le formulaire pour r\u00e9server une d\u00e9mo avec l&#039;un de nos experts et explorez notre suite de solutions SaaS. <\/h5>\n                                <p><\/p>\n                            <\/div>\n                                                    <div class=\"partner-item\">\n                                <h5>D\u00e9couvrez comment Anchanto peut transformer vos op\u00e9rations back-end de e-commerce et logistique, vous aidant ainsi \u00e0 r\u00e9aliser tout le potentiel de votre entreprise.<\/h5>\n                                <p><\/p>\n                            <\/div>\n                                                    <div class=\"partner-item\">\n                                <h5> <\/h5>\n                                <p><\/p>\n                            <\/div>\n                                                    <div class=\"partner-item\">\n                                <h5> <\/h5>\n                                <p> <\/p>\n                            <\/div>\n                                            <\/div>\n                <\/div>\n                <div class=\"form-area\">\n                                        <h4>Demandez une d\u00e9mo<\/h4>\n                                        <div class=\"form-group\">\n                        <script type=\"text\/javascript\">\n\/* <![CDATA[ *\/\nvar gform;gform||(document.addEventListener(\"gform_main_scripts_loaded\",function(){gform.scriptsLoaded=!0}),document.addEventListener(\"gform\/theme\/scripts_loaded\",function(){gform.themeScriptsLoaded=!0}),window.addEventListener(\"DOMContentLoaded\",function(){gform.domLoaded=!0}),gform={domLoaded:!1,scriptsLoaded:!1,themeScriptsLoaded:!1,isFormEditor:()=>\"function\"==typeof InitializeEditor,callIfLoaded:function(o){return!(!gform.domLoaded||!gform.scriptsLoaded||!gform.themeScriptsLoaded&&!gform.isFormEditor()||(gform.isFormEditor()&&console.warn(\"The use of gform.initializeOnLoaded() is deprecated in the form editor context and will be removed in Gravity Forms 3.1.\"),o(),0))},initializeOnLoaded:function(o){gform.callIfLoaded(o)||(document.addEventListener(\"gform_main_scripts_loaded\",()=>{gform.scriptsLoaded=!0,gform.callIfLoaded(o)}),document.addEventListener(\"gform\/theme\/scripts_loaded\",()=>{gform.themeScriptsLoaded=!0,gform.callIfLoaded(o)}),window.addEventListener(\"DOMContentLoaded\",()=>{gform.domLoaded=!0,gform.callIfLoaded(o)}))},hooks:{action:{},filter:{}},addAction:function(o,r,e,t){gform.addHook(\"action\",o,r,e,t)},addFilter:function(o,r,e,t){gform.addHook(\"filter\",o,r,e,t)},doAction:function(o){gform.doHook(\"action\",o,arguments)},applyFilters:function(o){return gform.doHook(\"filter\",o,arguments)},removeAction:function(o,r){gform.removeHook(\"action\",o,r)},removeFilter:function(o,r,e){gform.removeHook(\"filter\",o,r,e)},addHook:function(o,r,e,t,n){null==gform.hooks[o][r]&&(gform.hooks[o][r]=[]);var d=gform.hooks[o][r];null==n&&(n=r+\"_\"+d.length),gform.hooks[o][r].push({tag:n,callable:e,priority:t=null==t?10:t})},doHook:function(r,o,e){var t;if(e=Array.prototype.slice.call(e,1),null!=gform.hooks[r][o]&&((o=gform.hooks[r][o]).sort(function(o,r){return o.priority-r.priority}),o.forEach(function(o){\"function\"!=typeof(t=o.callable)&&(t=window[t]),\"action\"==r?t.apply(null,e):e[0]=t.apply(null,e)})),\"filter\"==r)return e[0]},removeHook:function(o,r,t,n){var e;null!=gform.hooks[o][r]&&(e=(e=gform.hooks[o][r]).filter(function(o,r,e){return!!(null!=n&&n!=o.tag||null!=t&&t!=o.priority)}),gform.hooks[o][r]=e)}});\n\/* ]]> *\/\n<\/script>\n\n                <div class='gf_browser_gecko gform_wrapper gravity-theme gform-theme--no-framework' data-form-theme='gravity-theme' data-form-index='0' id='gform_wrapper_43' ><div id='gf_43' class='gform_anchor' tabindex='-1'><\/div>\n                        <div class='gform_heading'>\n\t\t\t\t\t\t\t<p class='gform_required_legend'>&quot;<span class=\"gfield_required gfield_required_asterisk\">*<\/span>&quot; indicates required fields<\/p>\n                        <\/div><form method='post' enctype='multipart\/form-data' target='gform_ajax_frame_43' id='gform_43'  action='\/fr-fr\/wp-json\/wp\/v2\/pages\/111612#gf_43' data-formid='43' novalidate>\n                        <div class='gform-body gform_body'><div id='gform_fields_43' class='gform_fields top_label form_sublabel_below description_below validation_below'><div id=\"field_43_23\" class=\"gfield gfield--type-honeypot gform_validation_container field_sublabel_below gfield--has-description field_description_below field_validation_below gfield_visibility_visible\"  ><label class='gfield_label gform-field-label' for='input_43_23'>Company<\/label><div class='ginput_container'><input name='input_23' id='input_43_23' type='text' value='' autocomplete='new-password'\/><\/div><div class='gfield_description' id='gfield_description_43_23'>This field is for validation purposes and should be left unchanged.<\/div><\/div><div id=\"field_43_1\" class=\"gfield gfield--type-text gfield--input-type-text gfield--width-half fitem gfield_contains_required field_sublabel_below gfield--no-description field_description_below field_validation_below gfield_visibility_visible\"  ><label class='gfield_label gform-field-label' for='input_43_1'>Pr\u00e9nom<span class=\"gfield_required\"><span class=\"gfield_required gfield_required_asterisk\">*<\/span><\/span><\/label><div class='ginput_container ginput_container_text'><input name='input_1' id='input_43_1' type='text' value='' class='large'   tabindex='49'  aria-required=\"true\" aria-invalid=\"false\"   \/><\/div><\/div><div id=\"field_43_3\" class=\"gfield gfield--type-text gfield--input-type-text gfield--width-half fitem gfield_contains_required field_sublabel_below gfield--no-description field_description_below field_validation_below gfield_visibility_visible\"  ><label class='gfield_label gform-field-label' for='input_43_3'>Nom<span class=\"gfield_required\"><span class=\"gfield_required gfield_required_asterisk\">*<\/span><\/span><\/label><div class='ginput_container ginput_container_text'><input name='input_3' id='input_43_3' type='text' value='' class='large'   tabindex='50'  aria-required=\"true\" aria-invalid=\"false\"   \/><\/div><\/div><div id=\"field_43_5\" class=\"gfield gfield--type-email gfield--input-type-email gfield--width-half fitem gfield_contains_required field_sublabel_below gfield--no-description field_description_below field_validation_below gfield_visibility_visible\"  ><label class='gfield_label gform-field-label' for='input_43_5'>Email Professionnel<span class=\"gfield_required\"><span class=\"gfield_required gfield_required_asterisk\">*<\/span><\/span><\/label><div class='ginput_container ginput_container_email'>\n                            <input name='input_5' id='input_43_5' type='email' value='' class='large' tabindex='51'   aria-required=\"true\" aria-invalid=\"false\"  \/>\n                        <\/div><\/div><div id=\"field_43_14\" class=\"gfield gfield--type-phone gfield--input-type-phone gfield--width-half fitem gfield_contains_required field_sublabel_below gfield--no-description field_description_below field_validation_below gfield_visibility_visible pcafe_sp_field\"  data-field-class=\"pcafe_sp_field\" ><label class='gfield_label gform-field-label' for='input_43_14'>T\u00e9l\u00e9phone<span class=\"gfield_required\"><span class=\"gfield_required gfield_required_asterisk\">*<\/span><\/span><\/label><div class='ginput_container ginput_container_phone'><span class='spf-phone error-msg hide'><\/span><span class='spf-phone valid-msg hide'><\/span><input name='input_14' id='input_43_14' type='tel' value='' class='large' tabindex='52'  aria-required=\"true\" aria-invalid=\"false\"   \/><\/div><\/div><div id=\"field_43_6\" class=\"gfield gfield--type-text gfield--input-type-text gfield--width-full fitem gfield_contains_required field_sublabel_below gfield--no-description field_description_below field_validation_below gfield_visibility_visible\"  ><label class='gfield_label gform-field-label' for='input_43_6'>Entreprise<span class=\"gfield_required\"><span class=\"gfield_required gfield_required_asterisk\">*<\/span><\/span><\/label><div class='ginput_container ginput_container_text'><input name='input_6' id='input_43_6' type='text' value='' class='large'   tabindex='53'  aria-required=\"true\" aria-invalid=\"false\"   \/><\/div><\/div><fieldset id=\"field_43_16\" class=\"gfield gfield--type-checkbox gfield--type-choice gfield--input-type-checkbox gfield--width-full hide_element field_sublabel_below gfield--no-description field_description_below field_validation_below gfield_visibility_visible\"  ><legend class='gfield_label gform-field-label gfield_label_before_complex' >S\u00e9lectionnez le ou les produits qui vous int\u00e9ressent<\/legend><div class='ginput_container ginput_container_checkbox'><div class='gfield_checkbox ' id='input_43_16'><div class='gchoice gchoice_43_16_1'>\n\t\t\t\t\t\t\t\t<input class='gfield-choice-input' name='input_16.1' type='checkbox'  value='OMS'  id='choice_43_16_1' tabindex='54'  \/>\n\t\t\t\t\t\t\t\t<label for='choice_43_16_1' id='label_43_16_1' class='gform-field-label gform-field-label--type-inline'>Order Management<\/label>\n\t\t\t\t\t\t\t<\/div><div class='gchoice gchoice_43_16_2'>\n\t\t\t\t\t\t\t\t<input class='gfield-choice-input' name='input_16.2' type='checkbox'  value='WMS'  id='choice_43_16_2' tabindex='55'  \/>\n\t\t\t\t\t\t\t\t<label for='choice_43_16_2' id='label_43_16_2' class='gform-field-label gform-field-label--type-inline'>Warehouse Management<\/label>\n\t\t\t\t\t\t\t<\/div><div class='gchoice gchoice_43_16_3'>\n\t\t\t\t\t\t\t\t<input class='gfield-choice-input' name='input_16.3' type='checkbox'  value='Control Tower'  id='choice_43_16_3' tabindex='56'  \/>\n\t\t\t\t\t\t\t\t<label for='choice_43_16_3' id='label_43_16_3' class='gform-field-label gform-field-label--type-inline'>Control Tower<\/label>\n\t\t\t\t\t\t\t<\/div><div class='gchoice gchoice_43_16_4'>\n\t\t\t\t\t\t\t\t<input class='gfield-choice-input' name='input_16.4' type='checkbox'  value='Full Track'  id='choice_43_16_4' tabindex='57'  \/>\n\t\t\t\t\t\t\t\t<label for='choice_43_16_4' id='label_43_16_4' class='gform-field-label gform-field-label--type-inline'>Parcel Tracking<\/label>\n\t\t\t\t\t\t\t<\/div><div class='gchoice gchoice_43_16_5'>\n\t\t\t\t\t\t\t\t<input class='gfield-choice-input' name='input_16.5' type='checkbox'  value='OXM'  id='choice_43_16_5' tabindex='58'  \/>\n\t\t\t\t\t\t\t\t<label for='choice_43_16_5' id='label_43_16_5' class='gform-field-label gform-field-label--type-inline'>Portail Client B2B<\/label>\n\t\t\t\t\t\t\t<\/div><\/div><\/div><\/fieldset><fieldset id=\"field_43_13\" class=\"gfield gfield--type-checkbox gfield--type-choice gfield--input-type-checkbox gfield--width-full field_sublabel_below gfield--no-description field_description_below field_validation_below gfield_visibility_visible\"  ><legend class='gfield_label gform-field-label gfield_label_before_complex' >S\u00e9lectionnez le ou les produits qui vous int\u00e9ressent<\/legend><div class=\"fitem check-list mt-2\">\n                <div class=\"fitem-check lg-check\">\n                    <input class=\"fitem-ck-input\" id=\"111475_13\" name=\"input_13[]\" type=\"checkbox\" value=\"Control Tower\" \/>\n                    <label class=\"fitem-ck-txt\" for=\"111475_13\">\n                        <i class=\"icon icon-control-tower control-tower\"><\/i>\n                        Control Tower\n                    <\/label>\n                <\/div>\n                <div class=\"fitem-check lg-check\">\n                    <input class=\"fitem-ck-input\" id=\"111440_13\" name=\"input_13[]\" type=\"checkbox\" value=\"OXM\" \/>\n                    <label class=\"fitem-ck-txt\" for=\"111440_13\">\n                        <i class=\"icon icon-product operation-experience\"><\/i>\n                        Operations Experience\n                    <\/label>\n                <\/div>\n                <div class=\"fitem-check lg-check\">\n                    <input class=\"fitem-ck-input\" id=\"111491_13\" name=\"input_13[]\" type=\"checkbox\" value=\"OMS\" \/>\n                    <label class=\"fitem-ck-txt\" for=\"111491_13\">\n                        <i class=\"icon icon-management order-management\"><\/i>\n                        Order Management\n                    <\/label>\n                <\/div>\n                <div class=\"fitem-check lg-check\">\n                    <input class=\"fitem-ck-input\" id=\"111424_13\" name=\"input_13[]\" type=\"checkbox\" value=\"Full Track\" \/>\n                    <label class=\"fitem-ck-txt\" for=\"111424_13\">\n                        <i class=\"icon icon-tracking parcel-tracking\"><\/i>\n                        Parcel Tracking\n                    <\/label>\n                <\/div>\n                <div class=\"fitem-check lg-check\">\n                    <input class=\"fitem-ck-input\" id=\"111483_13\" name=\"input_13[]\" type=\"checkbox\" value=\"WMS\" \/>\n                    <label class=\"fitem-ck-txt\" for=\"111483_13\">\n                        <i class=\"icon icon-warehouse warehouse-management\"><\/i>\n                        Warehouse Management\n                    <\/label>\n                <\/div><\/div><\/fieldset><fieldset id=\"field_43_21\" class=\"gfield gfield--type-checkbox gfield--type-choice gfield--input-type-checkbox gfield--width-full field_sublabel_below gfield--no-description field_description_below hidden_label field_validation_below gfield_visibility_visible\"  ><legend class='gfield_label gform-field-label gfield_label_before_complex' >Je souhaite recevoir du contenu sous forme d&#039;articles de blog, d&#039;\u00e9tudes de cas, de livres blancs, de webinars et de newsletters de la part d&#039;Anchanto.<\/legend><div class='ginput_container ginput_container_checkbox'><div class='gfield_checkbox ' id='input_43_21'><div class='gchoice gchoice_43_21_1'>\n\t\t\t\t\t\t\t\t<input class='gfield-choice-input' name='input_21.1' type='checkbox'  value='Yes'  id='choice_43_21_1' tabindex='59'  \/>\n\t\t\t\t\t\t\t\t<label for='choice_43_21_1' id='label_43_21_1' class='gform-field-label gform-field-label--type-inline'>Je souhaite recevoir du contenu sous forme d&#8217;articles de blog, d&#8217;\u00e9tudes de cas, de livres blancs, de webinars et de newsletters de la part d&#8217;Anchanto.<\/label>\n\t\t\t\t\t\t\t<\/div><\/div><\/div><\/fieldset><fieldset id=\"field_43_22\" class=\"gfield gfield--type-checkbox gfield--type-choice gfield--input-type-checkbox gfield--width-full gdpr_label gfield_contains_required field_sublabel_below gfield--no-description field_description_below field_validation_below gfield_visibility_visible\"  ><legend class='gfield_label gform-field-label gfield_label_before_complex' >GDPR Check<span class=\"gfield_required\"><span class=\"gfield_required gfield_required_asterisk\">*<\/span><\/span><\/legend><div class='ginput_container ginput_container_checkbox'><div class='gfield_checkbox ' id='input_43_22'><div class='gchoice gchoice_43_22_1'>\n\t\t\t\t\t\t\t\t<input class='gfield-choice-input' name='input_22.1' type='checkbox'  value='J&#039;accepte les Conditions G\u00e9n\u00e9rales mentionn\u00e9es dans la  &lt;a href=&quot;https:\/\/anchanto.com\/data-protection-policies\/&quot;&gt;Politique de Protection des Donn\u00e9es et de Confidentialit\u00e9 d&#039;Anchanto. &lt;\/a&gt;'  id='choice_43_22_1' tabindex='60'  \/>\n\t\t\t\t\t\t\t\t<label for='choice_43_22_1' id='label_43_22_1' class='gform-field-label gform-field-label--type-inline'>J&#8217;accepte les Conditions G\u00e9n\u00e9rales mentionn\u00e9es dans la  <a href=\"https:\/\/anchanto.com\/data-protection-policies\/\">Politique de Protection des Donn\u00e9es et de Confidentialit\u00e9 d&#8217;Anchanto. <\/a><\/label>\n\t\t\t\t\t\t\t<\/div><\/div><\/div><\/fieldset><\/div><\/div>\n        <div class='gform-footer gform_footer top_label'> <input type='submit' id='gform_submit_button_43' class='gform_button button' onclick='gform.submission.handleButtonClick(this);' data-submission-type='submit' value='Soumettre' tabindex='61' \/> <input type='hidden' name='gform_ajax' value='form_id=43&amp;title=&amp;description=&amp;tabindex=49&amp;theme=gravity-theme&amp;styles=[]&amp;hash=46dc60c3c4e641a341664a3f2beb0874' \/>\n            <input type='hidden' class='gform_hidden' name='gform_submission_method' data-js='gform_submission_method_43' value='iframe' \/>\n            <input type='hidden' class='gform_hidden' name='gform_theme' data-js='gform_theme_43' id='gform_theme_43' value='gravity-theme' \/>\n            <input type='hidden' class='gform_hidden' name='gform_style_settings' data-js='gform_style_settings_43' id='gform_style_settings_43' value='[]' \/>\n            <input type='hidden' class='gform_hidden' name='is_submit_43' value='1' \/>\n            <input type='hidden' class='gform_hidden' name='gform_submit' value='43' \/>\n            \n            <input type='hidden' class='gform_hidden' name='gform_unique_id' value='' \/>\n            <input type='hidden' class='gform_hidden' name='state_43' value='WyJ7XCIxNi4xXCI6XCI3ZmI3NDdjMjYwMzM3NzZiY2M2ODQ3NGVkNzQxNGJjNlwiLFwiMTYuMlwiOlwiMzczOTEzMTRhNmUwNGNiYmU0M2VhZDA5ODM0NmM5NzFcIixcIjE2LjNcIjpcIjY2MDNiYzEzODQ5MmE5ZTc1MDE4ZGI2NTBiZjNiODdiXCIsXCIxNi40XCI6XCJkZDAzZjhjMzI5YTI0NTc4Mjg0YzNhMDNiZDA0MWJlMVwiLFwiMTYuNVwiOlwiNzc0ZGQ1ZTM5N2Y2NzA4MGEyODNiMjYxNDVmNGQxNGNcIixcIjIxLjFcIjpcIjNlMzg1Y2JlMWQwYjYxZDY4NzYzMmM4NTE1YjgwNjAwXCIsXCIyMi4xXCI6XCIyN2IxN2NiNTJhNjMzNWUwOWFkMmVmZDZjYzUzYWE3Y1wifSIsImQxMTFjOTVmZWU1M2E0NWY5MzFhYjQ5YTQ4M2RhN2Y1Il0=' \/>\n            <input type='hidden' autocomplete='off' class='gform_hidden' name='gform_target_page_number_43' id='gform_target_page_number_43' value='0' \/>\n            <input type='hidden' autocomplete='off' class='gform_hidden' name='gform_source_page_number_43' id='gform_source_page_number_43' value='1' \/>\n            <input type='hidden' name='gform_field_values' value='' \/>\n            \n        <\/div>\n                        <\/form>\n                        <\/div>\n\t\t                <iframe style='display:none;width:0px;height:0px;' src='about:blank' name='gform_ajax_frame_43' id='gform_ajax_frame_43' title='This iframe contains the logic required to handle Ajax powered Gravity Forms.'><\/iframe>\n\t\t                <script type=\"text\/javascript\">\n\/* <![CDATA[ *\/\n gform.initializeOnLoaded( function() {gformInitSpinner( 43, 'https:\/\/prod-qa.anchanto.com\/wp-content\/plugins\/gravityforms\/images\/spinner.svg', true );jQuery('#gform_ajax_frame_43').on('load',function(){var contents = jQuery(this).contents().find('*').html();var is_postback = contents.indexOf('GF_AJAX_POSTBACK') >= 0;if(!is_postback){return;}var form_content = jQuery(this).contents().find('#gform_wrapper_43');var is_confirmation = jQuery(this).contents().find('#gform_confirmation_wrapper_43').length > 0;var is_redirect = contents.indexOf('gformRedirect(){') >= 0;var is_form = form_content.length > 0 && ! is_redirect && ! is_confirmation;var mt = parseInt(jQuery('html').css('margin-top'), 10) + parseInt(jQuery('body').css('margin-top'), 10) + 100;if(is_form){jQuery('#gform_wrapper_43').html(form_content.html());if(form_content.hasClass('gform_validation_error')){jQuery('#gform_wrapper_43').addClass('gform_validation_error');} else {jQuery('#gform_wrapper_43').removeClass('gform_validation_error');}setTimeout( function() { \/* delay the scroll by 50 milliseconds to fix a bug in chrome *\/ jQuery(document).scrollTop(jQuery('#gform_wrapper_43').offset().top - mt); }, 50 );if(window['gformInitDatepicker']) {gformInitDatepicker();}if(window['gformInitPriceFields']) {gformInitPriceFields();}var current_page = jQuery('#gform_source_page_number_43').val();gformInitSpinner( 43, 'https:\/\/prod-qa.anchanto.com\/wp-content\/plugins\/gravityforms\/images\/spinner.svg', true );jQuery(document).trigger('gform_page_loaded', [43, current_page]);window['gf_submitting_43'] = false;}else if(!is_redirect){var confirmation_content = jQuery(this).contents().find('.GF_AJAX_POSTBACK').html();if(!confirmation_content){confirmation_content = contents;}jQuery('#gform_wrapper_43').replaceWith(confirmation_content);jQuery(document).scrollTop(jQuery('#gf_43').offset().top - mt);jQuery(document).trigger('gform_confirmation_loaded', [43]);window['gf_submitting_43'] = false;wp.a11y.speak(jQuery('#gform_confirmation_message_43').text());}else{jQuery('#gform_43').append(contents);if(window['gformRedirect']) {gformRedirect();}}jQuery(document).trigger(\"gform_pre_post_render\", [{ formId: \"43\", currentPage: \"current_page\", abort: function() { this.preventDefault(); } }]);        if (event && event.defaultPrevented) {                return;        }        const gformWrapperDiv = document.getElementById( \"gform_wrapper_43\" );        if ( gformWrapperDiv ) {            const visibilitySpan = document.createElement( \"span\" );            visibilitySpan.id = \"gform_visibility_test_43\";            gformWrapperDiv.insertAdjacentElement( \"afterend\", visibilitySpan );        }        const visibilityTestDiv = document.getElementById( \"gform_visibility_test_43\" );        let postRenderFired = false;        function triggerPostRender() {            if ( postRenderFired ) {                return;            }            postRenderFired = true;            gform.core.triggerPostRenderEvents( 43, current_page );            if ( visibilityTestDiv ) {                visibilityTestDiv.parentNode.removeChild( visibilityTestDiv );            }        }        function debounce( func, wait, immediate ) {            var timeout;            return function() {                var context = this, args = arguments;                var later = function() {                    timeout = null;                    if ( !immediate ) func.apply( context, args );                };                var callNow = immediate && !timeout;                clearTimeout( timeout );                timeout = setTimeout( later, wait );                if ( callNow ) func.apply( context, args );            };        }        const debouncedTriggerPostRender = debounce( function() {            triggerPostRender();        }, 200 );        if ( visibilityTestDiv && visibilityTestDiv.offsetParent === null ) {            const observer = new MutationObserver( ( mutations ) => {                mutations.forEach( ( mutation ) => {                    if ( mutation.type === 'attributes' && visibilityTestDiv.offsetParent !== null ) {                        debouncedTriggerPostRender();                        observer.disconnect();                    }                });            });            observer.observe( document.body, {                attributes: true,                childList: false,                subtree: true,                attributeFilter: [ 'style', 'class' ],            });        } else {            triggerPostRender();        }    } );} ); \n\/* ]]> *\/\n<\/script>\n                    <\/div>\n                <\/div>\n            <\/div>\n        <\/div>\n    <\/div>\n    ","protected":false},"excerpt":{"rendered":"","protected":false},"author":1,"featured_media":0,"parent":0,"menu_order":0,"comment_status":"closed","ping_status":"closed","template":"template\/custom-template.php","meta":{"_acf_changed":false,"footnotes":""},"class_list":["post-111612","page","type-page","status-publish","hentry"],"acf":false,"_links":{"self":[{"href":"https:\/\/prod-qa.anchanto.com\/fr-fr\/wp-json\/wp\/v2\/pages\/111612","targetHints":{"allow":["GET"]}}],"collection":[{"href":"https:\/\/prod-qa.anchanto.com\/fr-fr\/wp-json\/wp\/v2\/pages"}],"about":[{"href":"https:\/\/prod-qa.anchanto.com\/fr-fr\/wp-json\/wp\/v2\/types\/page"}],"author":[{"embeddable":true,"href":"https:\/\/prod-qa.anchanto.com\/fr-fr\/wp-json\/wp\/v2\/users\/1"}],"replies":[{"embeddable":true,"href":"https:\/\/prod-qa.anchanto.com\/fr-fr\/wp-json\/wp\/v2\/comments?post=111612"}],"version-history":[{"count":5,"href":"https:\/\/prod-qa.anchanto.com\/fr-fr\/wp-json\/wp\/v2\/pages\/111612\/revisions"}],"predecessor-version":[{"id":133858,"href":"https:\/\/prod-qa.anchanto.com\/fr-fr\/wp-json\/wp\/v2\/pages\/111612\/revisions\/133858"}],"wp:attachment":[{"href":"https:\/\/prod-qa.anchanto.com\/fr-fr\/wp-json\/wp\/v2\/media?parent=111612"}],"curies":[{"name":"wp","href":"https:\/\/api.w.org\/{rel}","templated":true}]}}