{"id":111604,"date":"2024-07-27T01:43:00","date_gmt":"2024-07-26T20:13:00","guid":{"rendered":"https:\/\/anchanto.com\/careers\/"},"modified":"2025-06-04T20:22:30","modified_gmt":"2025-06-04T14:52:30","slug":"carrieres","status":"publish","type":"page","link":"https:\/\/prod-qa.anchanto.com\/fr-fr\/carrieres\/","title":{"rendered":"Carri\u00e8res"},"content":{"rendered":"\n<div class=\"wp-block-anchanto-careers-hero\"><div class=\"inner-banner careers-banner full-caption light-bg pt-0\" style=\"background:#fff\"><div class=\"container\"><div class=\"half-rightcap flex\"><div class=\"left-caption\"><div class=\"title-row\"><h2>Nous recherchons des relations durables avec des collaborateurs motiv\u00e9s.\u00a0<\/h2><p>Nous sommes toujours \u00e0 la recherche de talents capables de nous propulser vers de nouveaux sommets.\u00a0<\/p><a href=\"mailto:hr@anchanto.com\" class=\"btn btn-bdr btn-lg\">Nous contacter<\/a><\/div><\/div><div class=\"right-caption\"><div class=\"careers-slider\"><div class=\"careers-item\"><figure><img decoding=\"async\" src=\"https:\/\/anchanto.com\/wp-content\/uploads\/2024\/08\/anchanto-careers-thailand.png\" alt=\"\"\/><\/figure><p><\/p><\/div><div class=\"careers-item\"><figure><img decoding=\"async\" src=\"https:\/\/anchanto.com\/wp-content\/uploads\/2024\/08\/anchanto-careers-malaysia.png\" alt=\"\"\/><\/figure><p><\/p><\/div><div class=\"careers-item\"><figure><img decoding=\"async\" src=\"https:\/\/anchanto.com\/wp-content\/uploads\/2024\/08\/anchanto-careers-france.png\" alt=\"\"\/><\/figure><p><\/p><\/div><div class=\"careers-item\"><figure><img decoding=\"async\" src=\"https:\/\/anchanto.com\/wp-content\/uploads\/2024\/08\/anchanto-careers-korea.png\" alt=\"\"\/><\/figure><p><\/p><\/div><div class=\"careers-item\"><figure><img decoding=\"async\" src=\"https:\/\/anchanto.com\/wp-content\/uploads\/2024\/08\/anchanto-careers-vietnam.png\" alt=\"\"\/><\/figure><p><\/p><\/div><div class=\"careers-item\"><figure><img decoding=\"async\" src=\"https:\/\/anchanto.com\/wp-content\/uploads\/2024\/08\/anchanto-careers-indonesia.png\" alt=\"\"\/><\/figure><p><\/p><\/div><div class=\"careers-item\"><figure><img decoding=\"async\" src=\"https:\/\/anchanto.com\/wp-content\/uploads\/2024\/08\/anchanto-careers-uk.png\" alt=\"\"\/><\/figure><p><\/p><\/div><div class=\"careers-item\"><figure><img decoding=\"async\" src=\"https:\/\/anchanto.com\/wp-content\/uploads\/2024\/09\/Team-photo-PH-careers-header-3.png\" alt=\"\"\/><\/figure><p><\/p><\/div><\/div><\/div><\/div><\/div><\/div><\/div>\n\n\n    <div class=\"block-row sticky-tag filter-wrap \">\n        <div class=\"container\">\n            <div class=\"flex filter-row\">\n                <form action=\"\" class=\"form-group\">\n                    <div class=\"half-fitem\">\n                        <label>Pays<\/label>\n                        <select id=\"career-location\">\n                            <option value=\"\">Toutes les r\u00e9gions<\/option>\n                            <option value=\"bangkok-thailand\">Bangkok, Thailand<\/option><option value=\"england-united-kingdom\">England, United Kingdom<\/option><option value=\"ho-chi-minh-city-ho-chi-minh-city-vietnam\">Ho Chi Minh City, Vietnam<\/option><option value=\"jakarta-jakarta-indonesia\">Jakarta, Indonesia<\/option><option value=\"korea\">Korea<\/option><option value=\"kuala-lumpur-kuala-lumpur-malaysia\">Kuala Lumpur, Malaysia<\/option><option value=\"manila-manila-philippines\">Manila, Philippines<\/option><option value=\"melbourne-victoria-australia\">Melbourne, Victoria, Australia<\/option><option value=\"paris-paris-france\">Paris, France<\/option><option value=\"pune-maharashtra-india\">Pune, Maharashtra, India<\/option><option value=\"riyadh-saudi-arabia\">Riyadh, Saudi Arabia<\/option><option value=\"singapore-central-singapore\">Singapore, Central, Singapore<\/option>                        <\/select>\n                    <\/div>\n                    <div class=\"half-fitem\">\n                        <label>Poste<\/label>\n                        <select id=\"career-department\">\n                            <option value=\"\">Toutes les fonctions<\/option>\n                            <option value=\"account-management\">Account Management<\/option><option value=\"ceos-office\">CEO&#8217;s Office<\/option><option value=\"compliance-information-security\">Compliance &amp; Information Security<\/option><option value=\"finance\">Finance<\/option><option value=\"information-tech\">Information Tech<\/option><option value=\"marketing\">Marketing<\/option><option value=\"platform-delivery\">Platform Delivery<\/option><option value=\"platform-support\">Platform Support<\/option><option value=\"product-management\">Product Management<\/option><option value=\"quality-assurance-testing\">Quality Assurance \/ Testing<\/option><option value=\"sales\">Sales<\/option><option value=\"talent-management\">Talent Management<\/option><option value=\"ux-ui-design\">UX UI Design<\/option>                        <\/select>\n                    <\/div>\n                <\/form>\n                <div class=\"search-wrap\">\n                    <div class=\"search-box\">\n                        <i class=\"icon icon-search\"><\/i>\n                        <input type=\"text\" id=\"job-search-autocomplete-input\" placeholder=\"Rechercher\">\n                    <\/div>\n                <\/div>\n            <\/div>\n        <\/div>\n    <\/div>\n    <div class=\"block-row gray-bg lg-row\">\n        <div class=\"container\">\n            <div class=\"title-row\">\n                <h2><em>Toutes les Offres <strong class=\"jobs_count\">(0)<\/strong><\/em><\/h2>\n            <\/div>\n            <div class=\"opening-list flex\" id=\"career-posts\">\n            <\/div>\n            <div class=\"btn-group text-center\">\n                <a href=\"javascript:void(0)\" class=\"btn-brand btn-lg btn\" id=\"load-more-jobs\">Voir plus<\/a>\n            <\/div>\n        <\/div>\n    <\/div>\n    \n\n\n<div class=\"wp-block-anchanto-our-offices-map\"><div class=\"block-row lg-row\"><div class=\"container\"><div class=\"title-row lg-title-row pt-30\"><h3><span>PR\u00c9SENCE MONDIALE<\/span>De la conception de solutions personnalis\u00e9es \u00e0 l\u2019impl\u00e9mentation, de Singapour \u00e0 Paris, vous aurez toujours un\u00a0<em>Anchanter<\/em>\u00a0\u00e0 vos c\u00f4t\u00e9s <\/h3><a href=\"https:\/\/anchanto.com\/fr-fr\/contact\/\" class=\"btn btn-bdr btn-lg\">Rencontrez nos \u00e9quipes<\/a><\/div><div class=\"location-wrap flex\"><div class=\"location-left\"><h5>Nos bureaux<\/h5><ul class=\"location-list\"><li><a href=\"javascript:void(0);\" data-date=\"Bonjour depuis Paris\" data-image=\"https:\/\/anchanto.com\/wp-content\/uploads\/2024\/10\/Team-photo-FR.png\" data-link=\"https:\/\/anchanto.com\/fr-fr\/contact\/?#france\" data-name=\"France\" data-target=\"france\" data-x=\"82\" data-y=\"83\">France<\/a><\/li><li><a href=\"javascript:void(0);\" data-date=\"Hello depuis Londres\" data-image=\"https:\/\/anchanto.com\/wp-content\/uploads\/2024\/10\/Team-photo-UK.png\" data-link=\"#\" data-name=\"Royaume-Uni\" data-target=\"united-kingdom\" data-x=\"70\" data-y=\"62\">Royaume-Uni<\/a><\/li><li><a href=\"javascript:void(0);\" data-date=\"Marhaba depuis Dubai\" data-image=\"https:\/\/anchanto.com\/wp-content\/uploads\/2024\/10\/Team-photo-ME-home.png\" data-link=\"https:\/\/anchanto.com\/fr-fr\/contact\/?#middle-east---uae-and-ksa\" data-name=\"Duba\u00ef\" data-target=\"dubai\" data-x=\"194\" data-y=\"161\">Duba\u00ef<\/a><\/li><li><a href=\"javascript:void(0);\" data-date=\"Hi depuis Singapour\" data-image=\"https:\/\/anchanto.com\/wp-content\/uploads\/2024\/10\/Team-photo-SG.png\" data-link=\"https:\/\/anchanto.com\/fr-fr\/contact\/?#singapore\" data-name=\"Singapour\" data-target=\"singapore\" data-x=\"330\" data-y=\"201\">Singapour<\/a><\/li><li><a href=\"javascript:void(0);\" data-date=\"Annyeong haseyo depuis S\u00e9oul\" data-image=\"https:\/\/anchanto.com\/wp-content\/uploads\/2024\/10\/Team-photo-KR.png\" data-link=\"https:\/\/anchanto.com\/fr-fr\/contact\/?#korea\" data-name=\"Cor\u00e9e du Sud \" data-target=\"south-korea\" data-x=\"391\" data-y=\"113\">Cor\u00e9e du Sud <\/a><\/li><li><a href=\"javascript:void(0);\" data-date=\"Sawasdee depuis Bangkok\" data-image=\"https:\/\/anchanto.com\/wp-content\/uploads\/2024\/10\/Team-photo-TH.png\" data-link=\"https:\/\/anchanto.com\/fr-fr\/contact\/?#thailand\" data-name=\"Tha\u00eflande\" data-target=\"thailand\" data-x=\"322\" data-y=\"168\">Tha\u00eflande<\/a><\/li><li><a href=\"javascript:void(0);\" data-date=\"Halo depuis Kuala Lampur\" data-image=\"https:\/\/anchanto.com\/wp-content\/uploads\/2024\/10\/Team-photo-MY.png\" data-link=\"https:\/\/anchanto.com\/fr-fr\/contact\/?#malaysia\" data-name=\"Malaisie\" data-target=\"malaysia\" data-x=\"321\" data-y=\"188\">Malaisie<\/a><\/li><li><a href=\"javascript:void(0);\" data-date=\"Xin ch\u00e0o depuis H\u00f4 Chi Minh-Ville\" data-image=\"https:\/\/anchanto.com\/wp-content\/uploads\/2024\/10\/Team-photo-VN.png\" data-link=\"https:\/\/anchanto.com\/fr-fr\/contact\/?#vietnam\" data-name=\"Vietnam\" data-target=\"vietnam\" data-x=\"330\" data-y=\"154\">Vietnam<\/a><\/li><li><a href=\"javascript:void(0);\" data-date=\"Namaste depuis Pune\" data-image=\"https:\/\/anchanto.com\/wp-content\/uploads\/2024\/10\/Team-photo-IN.png\" data-link=\"https:\/\/anchanto.com\/fr-fr\/contact\/?#india\" data-name=\"Inde\" data-target=\"india\" data-x=\"261\" data-y=\"160\">Inde<\/a><\/li><li><a href=\"javascript:void(0);\" data-date=\"Kamusta depuis Manille\" data-image=\"https:\/\/anchanto.com\/wp-content\/uploads\/2024\/10\/Team-photo-PH.png\" data-link=\"https:\/\/anchanto.com\/fr-fr\/contact\/?#philippines\" data-name=\"Philippines\" data-target=\"philippines\" data-x=\"373\" data-y=\"167\">Philippines<\/a><\/li><li><a href=\"javascript:void(0);\" data-date=\"Halo depuis Jakarta\" data-image=\"https:\/\/anchanto.com\/wp-content\/uploads\/2024\/10\/Team-photo-ID.png\" data-link=\"https:\/\/anchanto.com\/fr-fr\/contact\/?#indonesia\" data-name=\"Indon\u00e9sie\" data-target=\"indonesia\" data-x=\"355\" data-y=\"211\">Indon\u00e9sie<\/a><\/li><\/ul><\/div><div class=\"map-view\"><figure><img decoding=\"async\" src=\"https:\/\/anchanto.com\/wp-content\/themes\/anchanto-v2\/assets\/images\/map-main.svg\" alt=\"anchanto-map\"\/><\/figure><div class=\"map-popup\"><\/div><\/div><\/div><\/div><\/div><\/div>\n\n\n<div class=\"wp-block-anchanto-testimonials-case-studies\">\n            <div class=\"block-row pt-130\">\n                <div class=\"container\">\n                    <div class=\"title-row\">\n            <h2>\n                <span>T\u00c9MOIGNAGES ET CAS CLIENTS\u00a0<\/span>\n                Histoires <em>authentiques<\/em>, r\u00e9ussites internationales \n            <\/h2>\n        <\/div>\n                    <div class=\"testi-wrap flex\">\n                        <div class=\"left-caption\">\n            <div class=\"testi-top\">\n                <figure><img decoding=\"async\" src=\"https:\/\/anchanto.com\/wp-content\/uploads\/2024\/08\/anchanto-careers-vicky-hardiman.png\" alt=\"Case Study Image\" \/><\/figure>\n                <div class=\"testi-right\">\n                    <div class=\"caption\">\n                        <p>&quot;Travailler avec Anchanto a \u00e9t\u00e9 une exp\u00e9rience formidable. Chaque membre de l&#039;\u00e9quipe est passionn\u00e9 par son travail. Nous faisons de notre mieux pour r\u00e9pondre pr\u00e9cis\u00e9ment aux besoins de nos clients. La culture d\u2019entreprise est excellente ; nous sommes une entreprise multinationale, nous travaillons depuis diff\u00e9rents endroits dans le monde, mais nous ne formons qu\u2019UNE seule \u00e9quipe.&quot;\u00a0<\/p>\n                    <\/div>\n                    <div class=\"cap-footer\">\n                        <p><strong>Vicky Hardiman<\/strong><\/p>\n                        <p>Country Head &#8211; Indonesie, Anchanto<\/p>\n                    <\/div>\n                    <div class=\"testi-card\">\n                        <figure><img decoding=\"async\" src=\"https:\/\/anchanto.com\/wp-content\/uploads\/2024\/08\/case-study-logo-poney.svg\" alt=\"Logo\" \/><\/figure>\n                        <a href=\"https:\/\/anchanto.com\/how-poney-reduced-order-error-rate-and-fulfilled-400-orders-every-4-hours-with-anchanto\/\" class=\"btn-arrow sm-arrow sm-btn\" data-icon=\"u\">En savoir plus<\/a>\n                    <\/div>\n                <\/div>\n            <\/div>\n            <div class=\"testi-footer\">\n                <h3>Compos\u00e9e de 20 nationalit\u00e9s diff\u00e9rentes, Anchanto est anim\u00e9e par l&#8217;id\u00e9e que nous formons une seule <br>et m\u00eame \u00e9quipe, partageant un objectif commun et une culture de succ\u00e8s.<\/h3>\n                <a href=\"https:\/\/anchanto.com\/fr-fr\/contactez-nous\" class=\"btn btn-brand btn-lg\">Discutons-en<\/a>\n            <\/div>\n        <\/div>\n                        <div class=\"right-caption\">\n            <div class=\"slider-wrap\">\n                <div class=\"img-slider\">\n                    <div class=\"video-item\">\n                        <figure><img decoding=\"async\" src=\"https:\/\/anchanto.com\/wp-content\/uploads\/2024\/08\/anchanto-careers-piyush-moharil.jpg\" alt=\"Customer Image\" \/><\/figure>\n                        <a href=\"javascript:void(0)\" class=\"play-icon\" data-video=\"https:\/\/www.youtube.com\/embed\/98L2YgRIIxg\">\n            <i class=\"icon-play-circle icon\"><\/i>\n        <\/a>\n                    <\/div>\n                <\/div>\n                <ul class=\"caption-slider\">\n                    <li>\n                        <div class=\"caption\">\n                            <p> \n\n &quot;C&#039;est une excellente exp\u00e9rience de travailler chez Anchanto, car ici, aucun jour ne ressemble \u00e0 un autre. Chaque jour apporte son lot de nouveaux d\u00e9fis et de nouvelles exp\u00e9riences, et me permet d&#039;apprendre de nouvelles choses chaque jour.&quot;<\/p>\n                        <\/div>\n                        <div class=\"cap-footer\">\n                            <p><strong>Piyush Moharil<\/strong><\/p>\n                            <p> Directeur Associ\u00e9 \u2013 Contenu &amp; Communication <\/p>\n                        <\/div>\n                    <\/li>\n                <\/ul>\n            <\/div>\n        <\/div>\n                    <\/div>\n                <\/div>\n                <div class=\"model youtube_video\" id=\"videomodel\">\n                <div class=\"model-contain\">\n                    <a href=\"javascript:void(0);\" class=\"model-close icon icon-close-outside\" data-icon=\"e\"><\/a>\n                    <div class=\"model-body p-0\">\n                        <iframe\n                            width=\"835\"\n                            height=\"420\"\n                            frameborder=\"0\"\n                            allow=\"accelerometer; autoplay; clipboard-write; encrypted-media; gyroscope; picture-in-picture; web-share\"\n                            referrerpolicy=\"strict-origin-when-cross-origin\"\n                            allowfullscreen>\n                        <\/iframe>\n                    <\/div>\n                <\/div>\n            <\/div>\n            <\/div>\n        <\/div>\n\n    <div class=\"block-row \">\n        <div class=\"container\">\n            <div class=\"title-row text-center\">\n                <h2>\n                    <span class=\"tagline\">NOS CONTENUS<\/span>\n                    Ressources                <\/h2>\n                <a href=\"https:\/\/anchanto.com\/fr-fr\/ressources\/\" class=\"btn btn-bdr btn-lg link-label\">\n                    <span>Explorez les ressources<\/span>\n                <\/a>\n            <\/div>\n            <div class=\"resource-list flex\">\n                                    <div class=\"resouce-item\">\n                        <figure>\n                            <img decoding=\"async\" src=\"https:\/\/prod-qa.anchanto.com\/wp-content\/uploads\/2026\/04\/anchanto-en-case-study-stanley-black-decker-luke-jung.png\" alt=\"How Stanley Black &amp; Decker Unlocked Growth\u00a0&amp; Business\u00a0Compliance with\u00a0Anchanto\" \/>\n                        <\/figure>\n                        <div class=\"caption-area\">\n                            <span class=\"date-item\">READ TIME | 5 MIN<\/span>\n                            <a href=\"https:\/\/prod-qa.anchanto.com\/fr-fr\/how-stanley-black-decker-unlocked-growth-business-compliance-with-anchanto\/\"><p>How Stanley Black &amp; Decker Unlocked Growth\u00a0&amp; Business\u00a0Compliance with\u00a0Anchanto<\/p><\/a>\n                            <a href=\"https:\/\/prod-qa.anchanto.com\/fr-fr\/resources\/case-studies-fr\/\" class=\"btn btn-bdr sm-btn\">\u00c9TUDES DE CAS<\/a>\n                        <\/div>\n                    <\/div>\n                                    <div class=\"resouce-item\">\n                        <figure>\n                            <img decoding=\"async\" src=\"https:\/\/prod-qa.anchanto.com\/wp-content\/uploads\/2026\/04\/anchanto-en-guide-ecommerce-integrations.png\" alt=\"Int\u00e9grations e-commerce : guide complet pour 2026\" \/>\n                        <\/figure>\n                        <div class=\"caption-area\">\n                            <span class=\"date-item\">READ TIME | 12 MIN<\/span>\n                            <a href=\"https:\/\/prod-qa.anchanto.com\/fr-fr\/e-commerce-integrations-a-complete-guide-for-2026\/\"><p>Int\u00e9grations e-commerce : guide complet pour 2026<\/p><\/a>\n                            <a href=\"https:\/\/prod-qa.anchanto.com\/fr-fr\/resources\/guides-fr\/\" class=\"btn btn-bdr sm-btn\">GUIDE<\/a>\n                        <\/div>\n                    <\/div>\n                                    <div class=\"resouce-item\">\n                        <figure>\n                            <img decoding=\"async\" src=\"https:\/\/prod-qa.anchanto.com\/wp-content\/uploads\/2026\/04\/anchanto-en-case-study-belimukena-powered-by-anchanto-saas-1024x536.png\" alt=\"G\u00e9rer la pression des p\u00e9riodes de pointe : comment Belimukena traite 2x plus de commandes\" \/>\n                        <\/figure>\n                        <div class=\"caption-area\">\n                            <span class=\"date-item\">READ TIME | 5 MIN<\/span>\n                            <a href=\"https:\/\/prod-qa.anchanto.com\/fr-fr\/beating-peak-season-pressure-how-belimukena-processes-2x-more-orders\/\"><p>G\u00e9rer la pression des p\u00e9riodes de pointe : comment Belimukena traite 2x plus de commandes<\/p><\/a>\n                            <a href=\"https:\/\/prod-qa.anchanto.com\/fr-fr\/resources\/case-studies-fr\/\" class=\"btn btn-bdr sm-btn\">\u00c9TUDES DE CAS<\/a>\n                        <\/div>\n                    <\/div>\n                            <\/div>\n        <\/div>\n    <\/div>\n    ","protected":false},"excerpt":{"rendered":"","protected":false},"author":1,"featured_media":0,"parent":0,"menu_order":0,"comment_status":"closed","ping_status":"closed","template":"template\/custom-template.php","meta":{"_acf_changed":false,"footnotes":""},"class_list":["post-111604","page","type-page","status-publish","hentry"],"acf":false,"_links":{"self":[{"href":"https:\/\/prod-qa.anchanto.com\/fr-fr\/wp-json\/wp\/v2\/pages\/111604","targetHints":{"allow":["GET"]}}],"collection":[{"href":"https:\/\/prod-qa.anchanto.com\/fr-fr\/wp-json\/wp\/v2\/pages"}],"about":[{"href":"https:\/\/prod-qa.anchanto.com\/fr-fr\/wp-json\/wp\/v2\/types\/page"}],"author":[{"embeddable":true,"href":"https:\/\/prod-qa.anchanto.com\/fr-fr\/wp-json\/wp\/v2\/users\/1"}],"replies":[{"embeddable":true,"href":"https:\/\/prod-qa.anchanto.com\/fr-fr\/wp-json\/wp\/v2\/comments?post=111604"}],"version-history":[{"count":5,"href":"https:\/\/prod-qa.anchanto.com\/fr-fr\/wp-json\/wp\/v2\/pages\/111604\/revisions"}],"predecessor-version":[{"id":127818,"href":"https:\/\/prod-qa.anchanto.com\/fr-fr\/wp-json\/wp\/v2\/pages\/111604\/revisions\/127818"}],"wp:attachment":[{"href":"https:\/\/prod-qa.anchanto.com\/fr-fr\/wp-json\/wp\/v2\/media?parent=111604"}],"curies":[{"name":"wp","href":"https:\/\/api.w.org\/{rel}","templated":true}]}}