{"id":111556,"date":"2024-07-27T02:13:28","date_gmt":"2024-07-26T20:43:28","guid":{"rendered":"https:\/\/anchanto.com\/our-leadership\/"},"modified":"2025-08-12T17:44:25","modified_gmt":"2025-08-12T12:14:25","slug":"notre-leadership","status":"publish","type":"page","link":"https:\/\/prod-qa.anchanto.com\/fr-fr\/notre-leadership\/","title":{"rendered":"Leadership"},"content":{"rendered":"\n<div class=\"wp-block-anchanto-leadership-hero\"><div class=\"breadcrumb-row\"><div class=\"container\"><ul class=\"breadcrumb\"><li><a href=\"https:\/\/anchanto.com\/fr-fr\/a-propos-de-nous\/\">Entreprise<\/a><\/li><li>Leadership<\/li><\/ul><\/div><\/div><div class=\"inner-banner full-caption rounded-overlay\" style=\"background:#2633AB\"><div class=\"container\"><div><h2>Leadership<\/h2><p>\u00a0<br>\u00c0 la t\u00eate de notre entreprise se trouvent des leaders engag\u00e9s \u00e0 red\u00e9finir le e-commerce gr\u00e2ce \u00e0 l&#8217;innovation et \u00e0 la collaboration et d\u00e9termin\u00e9s \u00e0 offrir des solutions d&#8217;une qualit\u00e9 in\u00e9gal\u00e9e \u00e0 nos partenaires \u00e0 travers le monde.\u00a0<\/p><\/div><\/div><\/div><\/div>\n\n\n\n<div class=\"wp-block-anchanto-leaders-list\"><div class=\"block-row\"><div class=\"container\"><div class=\"title-row text-center\"><h2><span><\/span> \u00c9quipe de Direction\u00a0<\/h2><\/div><div class=\"leader-list team-list flex\"><div class=\"leader-item\"><figure><img decoding=\"async\" src=\"https:\/\/anchanto.com\/wp-content\/uploads\/2024\/09\/Vaibhav-leadership-page.jpg?ver=1726744794\" alt=\"Vaibhav Dabhade\"\/><\/figure><p><span>Vaibhav Dabhade<\/span>Fondateur &amp; CEO<\/p><\/div><div class=\"leader-item\"><figure><img decoding=\"async\" src=\"https:\/\/anchanto.com\/wp-content\/uploads\/2024\/09\/anchanto-leadership-Julien-Juttet.jpg\" alt=\"Julien Juttet\"\/><\/figure><p><span>Julien Juttet<\/span>Co-fondateur &amp; CFO<\/p><\/div><div class=\"leader-item\"><figure><img decoding=\"async\" src=\"https:\/\/anchanto.com\/wp-content\/uploads\/2024\/07\/anchanto-leadership-vishal-desai-2.jpg?ver=1723031018\" alt=\"Vishal Desai\"\/><\/figure><p><span>Vishal Desai<\/span>Chief Revenue Officer- APAC<\/p><\/div><div class=\"leader-item\"><figure><img decoding=\"async\" src=\"https:\/\/anchanto.com\/wp-content\/uploads\/2024\/07\/anchanto-leadership-thierry-reginato-2.jpg?ver=1723446483\" alt=\"Thierry Reginato\"\/><\/figure><p><span>Thierry Reginato<\/span>Chief Revenue Officer &#8211; EMEA<\/p><\/div><div class=\"leader-item\"><figure><img decoding=\"async\" src=\"https:\/\/anchanto.com\/wp-content\/uploads\/2024\/07\/anchanto-leadership-charles-py-3.jpg?ver=1727246143\" alt=\"Charles Py\"\/><\/figure><p><span>Charles Py<\/span>Chief Marketing Officer<\/p><\/div><div class=\"leader-item\"><figure><img decoding=\"async\" src=\"https:\/\/anchanto.com\/wp-content\/uploads\/2024\/07\/anchanto-leadership-parimal-kale.jpg?ver=1723031199\" alt=\"Parimal Kale\"\/><\/figure><p><span>Parimal Kale<\/span>Chief Technology Officer<\/p><\/div><div class=\"leader-item\"><figure><img decoding=\"async\" src=\"https:\/\/anchanto.com\/wp-content\/uploads\/2024\/12\/anchanto-leadership-Ankita.jpg\" alt=\"Ankita Vig\"\/><\/figure><p><span>Ankita Vig<\/span>Directrice des Ressources Humaines<\/p><\/div><div class=\"leader-item\"><figure><img decoding=\"async\" src=\"https:\/\/anchanto.com\/wp-content\/uploads\/2024\/09\/anchanto-leadership-ajay.jpg\" alt=\"Ajay Veeraraghvan\"\/><\/figure><p><span>Ajay Veeraraghvan<\/span>Chief Product Officer<\/p><\/div><\/div><\/div><\/div><\/div>\n\n\n\n<div class=\"wp-block-anchanto-leaders-list\"><div class=\"block-row\"><div class=\"container\"><div class=\"title-row text-center\"><h2><span><\/span> \u00c9quipe Manag\u00e9riale<\/h2><\/div><div class=\"leader-list team-list flex\"><div class=\"leader-item\"><figure><img decoding=\"async\" src=\"https:\/\/anchanto.com\/wp-content\/uploads\/2024\/09\/anchanto-leadership-Abhimanyu-Kashikar.jpg\" alt=\"Abhimanyu Kashikar\"\/><\/figure><p><span>Abhimanyu Kashikar<\/span>Co-fondateur &amp; Chief Growth Officer EMEA <\/p><\/div><div class=\"leader-item\"><figure><img decoding=\"async\" src=\"https:\/\/anchanto.com\/wp-content\/uploads\/2024\/07\/anchanto-leadership-kamalanathan-magedran.jpg?ver=1723031108\" alt=\"Kamalanathan Magedran\"\/><\/figure><p><span>Kamalanathan Magedran<\/span>Country Head &#8211; Malaisie<\/p><\/div><div class=\"leader-item\"><figure><img decoding=\"async\" src=\"https:\/\/anchanto.com\/wp-content\/uploads\/2024\/07\/anchanto-leadership-vicky-hardiman-1.jpg?ver=1723031093\" alt=\"Vicky Hardiman\"\/><\/figure><p><span>Vicky Hardiman<\/span>Country Head &#8211; Indon\u00e9sie<\/p><\/div><div class=\"leader-item\"><figure><img decoding=\"async\" src=\"https:\/\/anchanto.com\/wp-content\/uploads\/2024\/08\/anirudh-lp-image.jpg\" alt=\"Anirudh Venkat\"\/><\/figure><p><span>Anirudh Venkat<\/span>Country Head &#8211; Singapour<\/p><\/div><div class=\"leader-item\"><figure><img decoding=\"async\" src=\"https:\/\/anchanto.com\/wp-content\/uploads\/2024\/07\/anchanto-leadership-sooraj-nair.jpg?ver=1723031048\" alt=\"Sooraj Nair\"\/><\/figure><p><span>Sooraj Nair<\/span>Country Head &#8211; UAE &amp; KSA<\/p><\/div><div class=\"leader-item\"><figure><img decoding=\"async\" src=\"https:\/\/anchanto.com\/wp-content\/uploads\/2024\/09\/anchanto-leadership-Adrian.jpg\" alt=\"Adrian Tan\"\/><\/figure><p><span>Adrian Tan<\/span>Country Head &#8211; Thailand<\/p><\/div><div class=\"leader-item\"><figure><img decoding=\"async\" src=\"https:\/\/anchanto.com\/wp-content\/uploads\/2025\/05\/anchanto-leadership-bely-villacruz.jpg\" alt=\"Bely Villacruz\"\/><\/figure><p><span>Bely Villacruz<\/span>Country Head &#8211; Phillipines<\/p><\/div><div class=\"leader-item\"><figure><img decoding=\"async\" src=\"https:\/\/anchanto.com\/wp-content\/uploads\/2025\/06\/anchanto-en-leadership-duncan.jpg\" alt=\"Duncan Pereira\"\/><\/figure><p><span>Duncan Pereira<\/span>Directeur &#8211; Op\u00e9rations Globales<\/p><\/div><div class=\"leader-item\"><figure><img decoding=\"async\" src=\"https:\/\/anchanto.com\/wp-content\/uploads\/2025\/06\/anchanto-en-leadership-andrew-quach.jpg\" alt=\"Andrew Quach\"\/><\/figure><p><span>Andrew Quach<\/span>Directeur, Partenariats\u2013 APAC<\/p><\/div><div class=\"leader-item\"><figure><img decoding=\"async\" src=\"https:\/\/anchanto.com\/wp-content\/uploads\/2025\/06\/anchanto-en-leadership-zoe.jpg\" alt=\"Zoe Moraes\"\/><\/figure><p><span>Zoe Moraes<\/span>Directrice, Marketing \u2013 APAC<\/p><\/div><div class=\"leader-item\"><figure><img decoding=\"async\" src=\"https:\/\/anchanto.com\/wp-content\/uploads\/2025\/06\/anchanto-en-leadership-vishwajeet.jpg\" alt=\"Vishwajeet Kumar Singh\"\/><\/figure><p><span>Vishwajeet Kumar Singh<\/span>Directeur -Ing\u00e9nierie Client et Qualit\u00e9<\/p><\/div><div class=\"leader-item\"><figure><img decoding=\"async\" src=\"https:\/\/anchanto.com\/wp-content\/uploads\/2025\/06\/anchanto-en-leadership-ganesh-2.jpg\" alt=\"Ganesh Kolhe\"\/><\/figure><p><span>Ganesh Kolhe<\/span>Vice-Pr\u00e9sident, Ing\u00e9nierie<\/p><\/div><div class=\"leader-item\"><figure><img decoding=\"async\" src=\"https:\/\/anchanto.com\/wp-content\/uploads\/2025\/06\/anchanto-en-leadership-shehbaaz.jpg\" alt=\"Shehbaaz Khan\"\/><\/figure><p><span>Shehbaaz Khan<\/span>Directeur, Exp\u00e9rience et de la Satisfaction Client<\/p><\/div><div class=\"leader-item\"><figure><img decoding=\"async\" src=\"https:\/\/anchanto.com\/wp-content\/uploads\/2025\/06\/anchanto-en-leadership-vishal-bengeri.jpg\" alt=\"Vishal Bengeri\"\/><\/figure><p><span>Vishal Bengeri<\/span>Directeur &#8211; Initiatives Strat\u00e9giques<\/p><\/div><div class=\"leader-item\"><figure><img decoding=\"async\" src=\"https:\/\/anchanto.com\/wp-content\/uploads\/2025\/06\/anchanto-en-leadership-shubhankar-hazarika.jpg\" alt=\"Shubhankar Hazarika\"\/><\/figure><p><span>Shubhankar Hazarika<\/span>Directeur &#8211; Services d\u2019Int\u00e9gration d\u2019Entreprise<\/p><\/div><\/div><\/div><\/div><\/div>\n\n\n\n<div class=\"wp-block-anchanto-board-of-directors-list\"><div class=\"block-row\"><div class=\"container\"><div class=\"title-row\"><h2><span><\/span> Conseil d&#8217;administration<\/h2><\/div><div class=\"leader-list team-list flex\"><div class=\"leader-item\"><figure><img decoding=\"async\" src=\"https:\/\/anchanto.com\/wp-content\/uploads\/2024\/09\/anchanto-leadership-vaibhav-dabhade-board-of-director.jpg\" alt=\"Vaibhav Dabhade\"\/><\/figure><p><span>Vaibhav Dabhade<\/span>Fondateur &amp; CEO, Anchanto<\/p><\/div><div class=\"leader-item\"><figure><img decoding=\"async\" src=\"https:\/\/anchanto.com\/wp-content\/uploads\/2024\/09\/Marc-Pontet-investor.jpg\" alt=\"Marc Pontet\"\/><\/figure><p><span>Marc Pontet<\/span>Directeur G\u00e9n\u00e9ral, Asendia<\/p><\/div><div class=\"leader-item\"><figure><img decoding=\"async\" src=\"https:\/\/anchanto.com\/wp-content\/uploads\/2024\/09\/Aditya-Hadiputra-investor.jpg\" alt=\"Aditya Hadiputra\"\/><\/figure><p><span>Aditya Hadiputra<\/span>Principal, MDI Ventures<\/p><\/div><div class=\"leader-item\"><figure><img decoding=\"async\" src=\"https:\/\/anchanto.com\/wp-content\/uploads\/2025\/07\/anchanto-leadership-takashi-sube.jpg\" alt=\"Takashi Sube\"\/><\/figure><p><span>Takashi Sube<\/span>Directeur G\u00e9n\u00e9ral, Transcosmos inc.<\/p><\/div><\/div><\/div><\/div><\/div>\n\n\n\n<div class=\"wp-block-anchanto-investors-list\"><div class=\"block-row\"><div class=\"container\"><div class=\"title-row\"><h2><span><\/span> Investisseurs<\/h2><\/div><div class=\"soluslider flex\"><div class=\"left-caption\"><ul class=\"solu-list mCustomScrollbar\" data-mcs-theme=\"minimal-dark\"><li><a href=\"javascript:void(0);\" class=\"icon active\" data-target=\"innosight-ventures\" data-icon=\"w\">Innosight Ventures<\/a><\/li><li><a href=\"javascript:void(0);\" class=\"icon \" data-target=\"national-research-foundation-singapore\" data-icon=\"w\">National Research Foundation Singapore<\/a><\/li><li><a href=\"javascript:void(0);\" class=\"icon \" data-target=\"telkom-indonesia\" data-icon=\"w\">Telkom Indonesia<\/a><\/li><li><a href=\"javascript:void(0);\" class=\"icon \" data-target=\"asendia\" data-icon=\"w\">Asendia<\/a><\/li><li><a href=\"javascript:void(0);\" class=\"icon \" data-target=\"luxasia\" data-icon=\"w\">Luxasia<\/a><\/li><li><a href=\"javascript:void(0);\" class=\"icon \" data-target=\"transcosmos-inc\" data-icon=\"w\">Transcosmos Inc.<\/a><\/li><\/ul><\/div><div class=\"right-caption\"><div class=\"solu-list\"><div class=\"solu-item active\" id=\"innosight-ventures\"><div class=\"img-card\"><img decoding=\"async\" src=\"https:\/\/anchanto.com\/wp-content\/uploads\/2024\/07\/anchanto-investor-building-innosight-ventures.jpg\" alt=\"Innosight Ventures\"\/><\/div><\/div><div class=\"solu-item \" id=\"national-research-foundation-singapore\"><div class=\"img-card\"><img decoding=\"async\" src=\"https:\/\/anchanto.com\/wp-content\/uploads\/2024\/09\/NRF-investor-building.jpg\" alt=\"National Research Foundation Singapore\"\/><\/div><\/div><div class=\"solu-item \" id=\"telkom-indonesia\"><div class=\"img-card\"><img decoding=\"async\" src=\"https:\/\/anchanto.com\/wp-content\/uploads\/2024\/07\/anchanto-leadership-telkom-indonesia.jpg\" alt=\"Telkom Indonesia\"\/><\/div><\/div><div class=\"solu-item \" id=\"asendia\"><div class=\"img-card\"><img decoding=\"async\" src=\"https:\/\/anchanto.com\/wp-content\/uploads\/2024\/07\/anchanto-investor-asendia-investor-building.jpg\" alt=\"Asendia\"\/><\/div><\/div><div class=\"solu-item \" id=\"luxasia\"><div class=\"img-card\"><img decoding=\"async\" src=\"https:\/\/anchanto.com\/wp-content\/uploads\/2024\/07\/anchanto-leadership-luxasia.jpg\" alt=\"Luxasia\"\/><\/div><\/div><div class=\"solu-item \" id=\"transcosmos-inc\"><div class=\"img-card\"><img decoding=\"async\" src=\"https:\/\/anchanto.com\/wp-content\/uploads\/2024\/07\/anchanto-investors-trans-cosmos-investor-building.jpg\" alt=\"Transcosmos Inc.\"\/><\/div><\/div><\/div><\/div><\/div><\/div><\/div><\/div>\n\n\n\n<div class=\"wp-block-anchanto-explore-company\"><div class=\"block-row pt-0\"><div class=\"light-bg\"><div class=\"container\"><div class=\"subscribe-box\"><div class=\"subscribe-left\"><div class=\"title-row\"><h3><span>DECOUVREZ L&#8217;ENTREPRISE<\/span>En savoir plus \u00e0 propos d&#8217;Anchanto<\/h3><p>D\u00e9couvrez la mission, les valeurs et la vision qui nous animent.<\/p><\/div><a href=\"https:\/\/anchanto.com\/fr-fr\/a-propos-de-nous\/\" class=\"btn-bdr btn btn-lg\">D\u00e9couvrir plus<\/a><\/div><figure><img decoding=\"async\" src=\"https:\/\/anchanto.com\/wp-content\/uploads\/2024\/08\/anchanto-careers-thailand.png\" alt=\"Featured Image\"\/><\/figure><\/div><\/div><\/div><\/div><\/div>\n\n\n\n<p><\/p>\n","protected":false},"excerpt":{"rendered":"","protected":false},"author":1,"featured_media":0,"parent":0,"menu_order":0,"comment_status":"closed","ping_status":"closed","template":"template\/custom-template.php","meta":{"_acf_changed":false,"footnotes":""},"class_list":["post-111556","page","type-page","status-publish","hentry"],"acf":false,"_links":{"self":[{"href":"https:\/\/prod-qa.anchanto.com\/fr-fr\/wp-json\/wp\/v2\/pages\/111556","targetHints":{"allow":["GET"]}}],"collection":[{"href":"https:\/\/prod-qa.anchanto.com\/fr-fr\/wp-json\/wp\/v2\/pages"}],"about":[{"href":"https:\/\/prod-qa.anchanto.com\/fr-fr\/wp-json\/wp\/v2\/types\/page"}],"author":[{"embeddable":true,"href":"https:\/\/prod-qa.anchanto.com\/fr-fr\/wp-json\/wp\/v2\/users\/1"}],"replies":[{"embeddable":true,"href":"https:\/\/prod-qa.anchanto.com\/fr-fr\/wp-json\/wp\/v2\/comments?post=111556"}],"version-history":[{"count":26,"href":"https:\/\/prod-qa.anchanto.com\/fr-fr\/wp-json\/wp\/v2\/pages\/111556\/revisions"}],"predecessor-version":[{"id":135345,"href":"https:\/\/prod-qa.anchanto.com\/fr-fr\/wp-json\/wp\/v2\/pages\/111556\/revisions\/135345"}],"wp:attachment":[{"href":"https:\/\/prod-qa.anchanto.com\/fr-fr\/wp-json\/wp\/v2\/media?parent=111556"}],"curies":[{"name":"wp","href":"https:\/\/api.w.org\/{rel}","templated":true}]}}