{"id":111407,"date":"2024-08-09T16:38:33","date_gmt":"2024-08-09T11:08:33","guid":{"rendered":"https:\/\/anchanto.com\/resources\/"},"modified":"2025-03-27T10:32:50","modified_gmt":"2025-03-27T05:02:50","slug":"ressources","status":"publish","type":"page","link":"https:\/\/prod-qa.anchanto.com\/fr-fr\/ressources\/","title":{"rendered":"Ressources"},"content":{"rendered":"    <div class=\"inner-banner full-caption resouce-banner \" style=\"background: #073032;\">\n        <div class=\"container\">\n            <div class=\"half-rightcap flex\" id=\"gain\">\n                <div class=\"left-caption\">\n                    <h1>D\u00e9couvrir<\/h1>\n                                            <img decoding=\"async\" src=\"https:\/\/prod-qa.anchanto.com\/wp-content\/uploads\/2024\/10\/Design-sans-titre.png\" alt=\"Logisticien Alolog : la transformation digitale pour une logistique performante au service de la satisfaction client\">\n                        <span class=\"press-date\">\u00c9tudes de cas | 9 MIN<\/span>\n                        <a href=\"https:\/\/prod-qa.anchanto.com\/fr-fr\/logisticien-alolog-la-transformation-digitale-pour-une-logistique-performante-au-service-de-la-satisfaction-client\/\"><p>Logisticien Alolog : la transformation digitale pour une logistique performante au service de la satisfaction client<\/p><\/a>\n                                                    <a href=\"https:\/\/prod-qa.anchanto.com\/fr-fr\/resources\/case-studies-fr\/\" class=\"btn btn-white btn-bdr sm-btn\">\u00c9tudes de cas<\/a>\n                                                            <\/div>\n                <div class=\"right-caption\">\n                    <div class=\"resource-top\">\n                        <h5>M\u00e9dias<\/h5>\n                        <ul class=\"read-more-list mCustomScrollbar\" data-mcs-theme=\"minimal-dark\">\n                                                            <li>\n                                    <a href=\"\">\n                                        <span>PRODUCT UPDATES | 0 MIN<\/span>\n                                        <p data-icon=\"u\" class=\"btn-arrow sm-arrow\">Mise \u00e0 Jour des Int\u00e9grations &#8211; Septembre 2023<\/p>\n                                    <\/a>\n                                <\/li>\n                                                            <li>\n                                    <a href=\"\">\n                                        <span>PRODUCT UPDATES | 0 MIN<\/span>\n                                        <p data-icon=\"u\" class=\"btn-arrow sm-arrow\">Mise \u00e0 jour des int\u00e9grations Anchanto &#8211; Mai 2023<\/p>\n                                    <\/a>\n                                <\/li>\n                                                            <li>\n                                    <a href=\"https:\/\/prod-qa.anchanto.com\/fr-fr\/increasing-logistics-operations-efficiency-and-eliminating-inventory-errors\/\">\n                                        <span>CASE STUDIES | 6 MIN<\/span>\n                                        <p data-icon=\"u\" class=\"btn-arrow sm-arrow\">Augmenter l&rsquo;efficacit\u00e9 des op\u00e9rations logistiques de 80 % et \u00e9liminer les erreurs d&rsquo;inventaire avec Anchanto<\/p>\n                                    <\/a>\n                                <\/li>\n                                                    <\/ul>\n                    <\/div>\n                    <div class=\"resource-bottom\">\n                        <h5>Restez inform\u00e9s<\/h5>\n                        <div class=\"subscribe-area\">\n                            <input type=\"text\" placeholder=\"Votre email\" id=\"an_nl_email\">\n                            <button type=\"button\" class=\"btn btn-white\" id=\"newsletter_submit\">S&#039;abonner<\/button>\n                        <\/div>\n                        <div id=\"nl_form_response\" style=\"color: red;\"><\/div>\n                    <\/div>\n                <\/div>\n            <\/div>\n        <\/div>\n    <\/div>\n    <div class=\"block-row pt-10\">\n        <div class=\"tag-wrap flex sticky-tag\">\n            <div class=\"container\">\n            <ul class=\"tag-list\">\n                    <li>Tags<\/li>\n                                            <li>\n                            <a href=\"https:\/\/prod-qa.anchanto.com\/fr-fr\/resources\/autres-fr-fr\/\" class=\"tag autres\">\n                                Autres                            <\/a>\n                        <\/li>\n                                            <li>\n                            <a href=\"https:\/\/prod-qa.anchanto.com\/fr-fr\/resources\/blog-2\/\" class=\"tag blog-2\">\n                                Blog 2                            <\/a>\n                        <\/li>\n                                            <li>\n                            <a href=\"https:\/\/prod-qa.anchanto.com\/fr-fr\/resources\/blogs-2\/\" class=\"tag blogs\">\n                                Blogs                            <\/a>\n                        <\/li>\n                                            <li>\n                            <a href=\"https:\/\/prod-qa.anchanto.com\/fr-fr\/resources\/case-studies-fr\/\" class=\"tag etudes-de-cas\">\n                                \u00c9tudes de cas                            <\/a>\n                        <\/li>\n                                            <li>\n                            <a href=\"https:\/\/prod-qa.anchanto.com\/fr-fr\/resources\/guides-fr\/\" class=\"tag guide\">\n                                Guide                            <\/a>\n                        <\/li>\n                                            <li>\n                            <a href=\"https:\/\/prod-qa.anchanto.com\/fr-fr\/resources\/blogs-fr\/\" class=\"tag livre-blanc\">\n                                Livre blanc                            <\/a>\n                        <\/li>\n                                            <li>\n                            <a href=\"https:\/\/prod-qa.anchanto.com\/fr-fr\/resources\/product-updates-fr\/\" class=\"tag mises-a-jour-produits\">\n                                Mises \u00e0 jour produits                            <\/a>\n                        <\/li>\n                                        <li>\n                        <a href=\"#\" class=\"btn btn-txt sm-btn\">Voir tout<\/a>\n                    <\/li>\n                <\/ul>\n            <\/div>\n            <div class=\"search-wrap\">\n                <div class=\"search-box\">\n                    <i class=\"icon icon-search\"><\/i>\n                    <input type=\"text\" id=\"search-autocomplete-input\" placeholder=\"Rechercher\">\n                <\/div>\n            <\/div>\n        <\/div>\n    <\/div>\n    \n\n    <div class=\"block-row pt-10 \" style=\"background-color: #F7F7F7;\">\n        <div class=\"gray-bg\" style=\"background-color: #F7F7F7;\">\n            <div class=\"container\">\n                <div class=\"block-row lg-row pb-0\">\n                                            <div class=\"flex flex-end\">\n                            <div class=\"title-row md-title-row\">\n                                <h2><em>Livre blanc<\/em><\/h2>\n                                <p>Blogs<\/p>\n                            <\/div>\n                            <a href=\"https:\/\/prod-qa.anchanto.com\/fr-fr\/resources\/blogs-fr\/\" class=\"btn-txt btn-link\">Voir tout<\/a>\n                        <\/div>\n                                    <\/div>\n                <div class=\"resource-list flex\">\n                                            <div class=\"resouce-item lg-item\">\n                            <a href=\"https:\/\/prod-qa.anchanto.com\/fr-fr\/ak-test\/\">\n                                <figure>\n                                    <img decoding=\"async\" src=\"\" alt=\"AK Test\" \/>\n                                <\/figure>\n                                <div class=\"caption-area\">\n                                    <span class=\"date-item\">LIVRE BLANC | 0 MIN<\/span>\n                                    <p>AK Test<\/p>\n                                <\/a>\n                                                                            <a href=\"https:\/\/prod-qa.anchanto.com\/fr-fr\/resources\/blogs-fr\/\"><label class=\"btn btn-bdr sm-btn\">Livre blanc<\/label><\/a>\n                                                                    <\/div>\n                        <\/div>\n                                            <div class=\"resouce-item sm-item\">\n                            <a href=\"https:\/\/prod-qa.anchanto.com\/fr-fr\/malaysia-e-commerce-industry\/\">\n                                <figure>\n                                    <img decoding=\"async\" src=\"https:\/\/prod-qa.anchanto.com\/wp-content\/uploads\/2025\/10\/anchanto-en-guide-malaysia-ecommerce-industry.png\" alt=\"Malaysia E-commerce Industry: A Complete Guide\" \/>\n                                <\/figure>\n                                <div class=\"caption-area\">\n                                    <span class=\"date-item\">GUIDE | 17 MIN<\/span>\n                                    <p>Malaysia E-commerce Industry: A Complete Guide<\/p>\n                                <\/a>\n                                                                            <a href=\"https:\/\/prod-qa.anchanto.com\/fr-fr\/resources\/guides-fr\/\"><label class=\"btn btn-bdr sm-btn\">Guide<\/label><\/a>\n                                                                            <a href=\"https:\/\/prod-qa.anchanto.com\/fr-fr\/resources\/blogs-fr\/\"><label class=\"btn btn-bdr sm-btn\">Livre blanc<\/label><\/a>\n                                                                    <\/div>\n                        <\/div>\n                                    <\/div>\n            <\/div>\n        <\/div>\n    <\/div>\n    \n\n    <div class=\"block-row pt-10 \" style=\"background-color: #F7F7F7;\">\n        <div class=\"gray-bg\" style=\"background-color: #F7F7F7;\">\n            <div class=\"container\">\n                <div class=\"block-row lg-row pb-0\">\n                                            <div class=\"flex flex-end\">\n                            <div class=\"title-row md-title-row\">\n                                <h2><em>\u00c9tudes de cas<\/em><\/h2>\n                                <p>Case Studies<\/p>\n                            <\/div>\n                            <a href=\"https:\/\/prod-qa.anchanto.com\/fr-fr\/resources\/case-studies-fr\/\" class=\"btn-txt btn-link\">Voir tout<\/a>\n                        <\/div>\n                                    <\/div>\n                <div class=\"resource-list flex\">\n                                            <div class=\"resouce-item lg-item\">\n                            <a href=\"https:\/\/prod-qa.anchanto.com\/fr-fr\/how-stanley-black-decker-unlocked-growth-business-compliance-with-anchanto\/\">\n                                <figure>\n                                    <img decoding=\"async\" src=\"https:\/\/prod-qa.anchanto.com\/wp-content\/uploads\/2026\/04\/anchanto-en-case-study-stanley-black-decker-luke-jung.png\" alt=\"How Stanley Black &amp; Decker Unlocked Growth\u00a0&amp; Business\u00a0Compliance with\u00a0Anchanto\" \/>\n                                <\/figure>\n                                <div class=\"caption-area\">\n                                    <span class=\"date-item\">\u00c9TUDES DE CAS | 5 MIN<\/span>\n                                    <p>How Stanley Black &amp; Decker Unlocked Growth\u00a0&amp; Business\u00a0Compliance with\u00a0Anchanto<\/p>\n                                <\/a>\n                                                                            <a href=\"https:\/\/prod-qa.anchanto.com\/fr-fr\/resources\/case-studies-fr\/\"><label class=\"btn btn-bdr sm-btn\">\u00c9tudes de cas<\/label><\/a>\n                                                                    <\/div>\n                        <\/div>\n                                            <div class=\"resouce-item sm-item\">\n                            <a href=\"https:\/\/prod-qa.anchanto.com\/fr-fr\/beating-peak-season-pressure-how-belimukena-processes-2x-more-orders\/\">\n                                <figure>\n                                    <img decoding=\"async\" src=\"https:\/\/prod-qa.anchanto.com\/wp-content\/uploads\/2026\/04\/anchanto-en-case-study-belimukena-powered-by-anchanto-saas.png\" alt=\"G\u00e9rer la pression des p\u00e9riodes de pointe : comment Belimukena traite 2x plus de commandes\" \/>\n                                <\/figure>\n                                <div class=\"caption-area\">\n                                    <span class=\"date-item\">\u00c9TUDES DE CAS | 5 MIN<\/span>\n                                    <p>G\u00e9rer la pression des p\u00e9riodes de pointe : comment Belimukena traite 2x plus de commandes<\/p>\n                                <\/a>\n                                                                            <a href=\"https:\/\/prod-qa.anchanto.com\/fr-fr\/resources\/case-studies-fr\/\"><label class=\"btn btn-bdr sm-btn\">\u00c9tudes de cas<\/label><\/a>\n                                                                    <\/div>\n                        <\/div>\n                                    <\/div>\n            <\/div>\n        <\/div>\n    <\/div>\n    \n\n    <div class=\"block-row pt-10 \" style=\"background-color: #F7F7F7;\">\n        <div class=\"gray-bg\" style=\"background-color: #F7F7F7;\">\n            <div class=\"container\">\n                <div class=\"block-row lg-row pb-0\">\n                                            <div class=\"flex flex-end\">\n                            <div class=\"title-row md-title-row\">\n                                <h2><em>Guide<\/em><\/h2>\n                                <p>Guides<\/p>\n                            <\/div>\n                            <a href=\"https:\/\/prod-qa.anchanto.com\/fr-fr\/resources\/guides-fr\/\" class=\"btn-txt btn-link\">Voir tout<\/a>\n                        <\/div>\n                                    <\/div>\n                <div class=\"resource-list flex\">\n                                            <div class=\"resouce-item lg-item\">\n                            <a href=\"https:\/\/prod-qa.anchanto.com\/fr-fr\/e-commerce-integrations-a-complete-guide-for-2026\/\">\n                                <figure>\n                                    <img decoding=\"async\" src=\"https:\/\/prod-qa.anchanto.com\/wp-content\/uploads\/2026\/04\/anchanto-en-guide-ecommerce-integrations.png\" alt=\"Int\u00e9grations e-commerce : guide complet pour 2026\" \/>\n                                <\/figure>\n                                <div class=\"caption-area\">\n                                    <span class=\"date-item\">GUIDE | 12 MIN<\/span>\n                                    <p>Int\u00e9grations e-commerce : guide complet pour 2026<\/p>\n                                <\/a>\n                                                                            <a href=\"https:\/\/prod-qa.anchanto.com\/fr-fr\/resources\/guides-fr\/\"><label class=\"btn btn-bdr sm-btn\">Guide<\/label><\/a>\n                                                                    <\/div>\n                        <\/div>\n                                            <div class=\"resouce-item sm-item\">\n                            <a href=\"https:\/\/prod-qa.anchanto.com\/fr-fr\/malaysia-e-commerce-industry\/\">\n                                <figure>\n                                    <img decoding=\"async\" src=\"https:\/\/prod-qa.anchanto.com\/wp-content\/uploads\/2025\/10\/anchanto-en-guide-malaysia-ecommerce-industry.png\" alt=\"Malaysia E-commerce Industry: A Complete Guide\" \/>\n                                <\/figure>\n                                <div class=\"caption-area\">\n                                    <span class=\"date-item\">GUIDE | 17 MIN<\/span>\n                                    <p>Malaysia E-commerce Industry: A Complete Guide<\/p>\n                                <\/a>\n                                                                            <a href=\"https:\/\/prod-qa.anchanto.com\/fr-fr\/resources\/guides-fr\/\"><label class=\"btn btn-bdr sm-btn\">Guide<\/label><\/a>\n                                                                            <a href=\"https:\/\/prod-qa.anchanto.com\/fr-fr\/resources\/blogs-fr\/\"><label class=\"btn btn-bdr sm-btn\">Livre blanc<\/label><\/a>\n                                                                    <\/div>\n                        <\/div>\n                                    <\/div>\n            <\/div>\n        <\/div>\n    <\/div>\n    \n\n    <div class=\"block-row pt-10 \" style=\"background-color: #F7F7F7;\">\n        <div class=\"gray-bg\" style=\"background-color: #F7F7F7;\">\n            <div class=\"container\">\n                <div class=\"block-row lg-row pb-0\">\n                                            <div class=\"flex flex-end\">\n                            <div class=\"title-row md-title-row\">\n                                <h2><em>Press Releases<\/em><\/h2>\n                                <p>Get timely updates on company news, product launches, and important announcements. Our compnay press releases will keep you informed about our latest developments and activities.<\/p>\n                            <\/div>\n                            <a href=\"https:\/\/prod-qa.anchanto.com\/fr-fr\/resources\/press-releases\/\" class=\"btn-txt btn-link\">Voir tout<\/a>\n                        <\/div>\n                                    <\/div>\n                <div class=\"resource-list flex\">\n                                    <\/div>\n            <\/div>\n        <\/div>\n    <\/div>\n    \n\n    <div class=\"block-row pt-10 \" style=\"background-color: #F7F7F7;\">\n        <div class=\"gray-bg\" style=\"background-color: #F7F7F7;\">\n            <div class=\"container\">\n                <div class=\"block-row lg-row pb-0\">\n                                            <div class=\"flex flex-end\">\n                            <div class=\"title-row md-title-row\">\n                                <h2><em>Mises \u00e0 jour produits<\/em><\/h2>\n                                <p>Product Updates<\/p>\n                            <\/div>\n                            <a href=\"https:\/\/prod-qa.anchanto.com\/fr-fr\/resources\/product-updates-fr\/\" class=\"btn-txt btn-link\">Voir tout<\/a>\n                        <\/div>\n                                    <\/div>\n                <div class=\"resource-list flex\">\n                                            <div class=\"resouce-item lg-item\">\n                            <a href=\"https:\/\/prod-qa.anchanto.com\/fr-fr\/anchanto-integration-updates-august-2025\/\">\n                                <figure>\n                                    <img decoding=\"async\" src=\"https:\/\/prod-qa.anchanto.com\/wp-content\/uploads\/2025\/09\/anchanto-en-august-integration-1-scaled.png\" alt=\"Anchanto Integrations Updates &#8211; August 2025\" \/>\n                                <\/figure>\n                                <div class=\"caption-area\">\n                                    <span class=\"date-item\">AUTRES | 4 MIN<\/span>\n                                    <p>Anchanto Integrations Updates &#8211; August 2025<\/p>\n                                <\/a>\n                                                                            <a href=\"https:\/\/prod-qa.anchanto.com\/fr-fr\/resources\/autres-fr-fr\/\"><label class=\"btn btn-bdr sm-btn\">Autres<\/label><\/a>\n                                                                            <a href=\"https:\/\/prod-qa.anchanto.com\/fr-fr\/resources\/product-updates-fr\/\"><label class=\"btn btn-bdr sm-btn\">Mises \u00e0 jour produits<\/label><\/a>\n                                                                    <\/div>\n                        <\/div>\n                                    <\/div>\n            <\/div>\n        <\/div>\n    <\/div>\n    ","protected":false},"excerpt":{"rendered":"","protected":false},"author":1,"featured_media":0,"parent":0,"menu_order":0,"comment_status":"closed","ping_status":"closed","template":"template\/custom-template.php","meta":{"_acf_changed":false,"footnotes":""},"class_list":["post-111407","page","type-page","status-publish","hentry"],"acf":false,"_links":{"self":[{"href":"https:\/\/prod-qa.anchanto.com\/fr-fr\/wp-json\/wp\/v2\/pages\/111407","targetHints":{"allow":["GET"]}}],"collection":[{"href":"https:\/\/prod-qa.anchanto.com\/fr-fr\/wp-json\/wp\/v2\/pages"}],"about":[{"href":"https:\/\/prod-qa.anchanto.com\/fr-fr\/wp-json\/wp\/v2\/types\/page"}],"author":[{"embeddable":true,"href":"https:\/\/prod-qa.anchanto.com\/fr-fr\/wp-json\/wp\/v2\/users\/1"}],"replies":[{"embeddable":true,"href":"https:\/\/prod-qa.anchanto.com\/fr-fr\/wp-json\/wp\/v2\/comments?post=111407"}],"version-history":[{"count":6,"href":"https:\/\/prod-qa.anchanto.com\/fr-fr\/wp-json\/wp\/v2\/pages\/111407\/revisions"}],"predecessor-version":[{"id":124168,"href":"https:\/\/prod-qa.anchanto.com\/fr-fr\/wp-json\/wp\/v2\/pages\/111407\/revisions\/124168"}],"wp:attachment":[{"href":"https:\/\/prod-qa.anchanto.com\/fr-fr\/wp-json\/wp\/v2\/media?parent=111407"}],"curies":[{"name":"wp","href":"https:\/\/api.w.org\/{rel}","templated":true}]}}